{"id":85025,"date":"2024-10-11T19:40:08","date_gmt":"2024-10-11T19:40:08","guid":{"rendered":"https:\/\/onlinehardwareshop.de\/index.php\/produkt\/neomounts-ds15-550bl1-tablet-stnder-schwarz\/"},"modified":"2025-05-14T05:02:59","modified_gmt":"2025-05-14T05:02:59","slug":"neomounts-ds15-550bl1-tablet-stnder-schwarz","status":"publish","type":"product","link":"https:\/\/onlinehardwareshop.de\/index.php\/produkt\/neomounts-ds15-550bl1-tablet-stnder-schwarz\/","title":{"rendered":"Neomounts DS15-550BL1 Tablet-St&#xE4;nder Schwarz"},"content":{"rendered":"<p>Mit dem Neomounts DS15-550BL1 Tablet-St\u00e4nder Schwarz kannst du dein Tablet beispielsweise aufrecht auf deinem Schreibtisch platzieren. Du klemmst das Tablet in den Kopf des St\u00e4nders. Der flexible Arm erm\u00f6glicht es dir, den St\u00e4nder in verschiedenen bequemen Blickwinkeln einzustellen. Sehr praktisch, wenn man zum Beispiel bei der Arbeit ist. Der St\u00e4nder ist f\u00fcr Tablets von 4,7 bis 12,9\u00a0Zoll geeignet, so passen zum Beispiel Apple iPad Pro oder Samsung Galaxy Tab S8 Plus auf diesen St\u00e4nder.<\/p>\n","protected":false},"excerpt":{"rendered":"<p>Mit dem Neomounts DS15-550BL1 Tablet-St\u00e4nder Schwarz kannst du dein Tablet beispielsweise aufrecht auf deinem Schreibtisch platzieren. Du klemmst das Tablet in den Kopf des St\u00e4nders. Der flexible Arm erm\u00f6glicht es dir, den St\u00e4nder in verschiedenen bequemen Blickwinkeln einzustellen. Sehr praktisch, wenn man zum Beispiel bei der Arbeit ist. Der St\u00e4nder ist f\u00fcr Tablets von 4,7 bis 12,9\u00a0Zoll geeignet, so passen zum Beispiel Apple iPad Pro oder Samsung Galaxy Tab S8 Plus auf diesen St\u00e4nder.<\/p>\n","protected":false},"featured_media":0,"comment_status":"closed","ping_status":"open","template":"","meta":{"_acf_changed":false},"brand":[820],"product_brand":[],"product_cat":[1238],"product_tag":[1239],"class_list":{"0":"post-85025","1":"product","2":"type-product","3":"status-publish","5":"brand-neomounts","6":"product_cat-halterungen-fr-tablets","7":"product_tag-houders-voor-tablets","8":"pa_condition-new","9":"pa_coolblue-de-verzending-morgen-gratis-geliefert","10":"pa_ean-9680","11":"pa_mpn-ds15-550bl1","13":"first","14":"instock","15":"product-type-external"},"acf":[],"_links":{"self":[{"href":"https:\/\/onlinehardwareshop.de\/index.php\/wp-json\/wp\/v2\/product\/85025","targetHints":{"allow":["GET"]}}],"collection":[{"href":"https:\/\/onlinehardwareshop.de\/index.php\/wp-json\/wp\/v2\/product"}],"about":[{"href":"https:\/\/onlinehardwareshop.de\/index.php\/wp-json\/wp\/v2\/types\/product"}],"replies":[{"embeddable":true,"href":"https:\/\/onlinehardwareshop.de\/index.php\/wp-json\/wp\/v2\/comments?post=85025"}],"wp:attachment":[{"href":"https:\/\/onlinehardwareshop.de\/index.php\/wp-json\/wp\/v2\/media?parent=85025"}],"wp:term":[{"taxonomy":"brand","embeddable":true,"href":"https:\/\/onlinehardwareshop.de\/index.php\/wp-json\/wp\/v2\/brand?post=85025"},{"taxonomy":"product_brand","embeddable":true,"href":"https:\/\/onlinehardwareshop.de\/index.php\/wp-json\/wp\/v2\/product_brand?post=85025"},{"taxonomy":"product_cat","embeddable":true,"href":"https:\/\/onlinehardwareshop.de\/index.php\/wp-json\/wp\/v2\/product_cat?post=85025"},{"taxonomy":"product_tag","embeddable":true,"href":"https:\/\/onlinehardwareshop.de\/index.php\/wp-json\/wp\/v2\/product_tag?post=85025"}],"curies":[{"name":"wp","href":"https:\/\/api.w.org\/{rel}","templated":true}]}}