{"id":85023,"date":"2025-02-10T21:46:08","date_gmt":"2025-02-10T21:46:08","guid":{"rendered":"https:\/\/onlinehardwareshop.de\/index.php\/produkt\/pocketbook-inkpad-4\/"},"modified":"2025-05-14T15:06:00","modified_gmt":"2025-05-14T15:06:00","slug":"pocketbook-inkpad-4","status":"publish","type":"product","link":"https:\/\/onlinehardwareshop.de\/index.php\/produkt\/pocketbook-inkpad-4\/","title":{"rendered":"PocketBook InkPad 4"},"content":{"rendered":"<p>Auf dem gro\u00dfen 7,8-Zoll-Full-HD-Display des PocketBook InkPad\u00a04 liest du ganz bequem deine Lieblingsb\u00fccher. Mit SMARTlight stellst du die Helligkeit und die Farbtemperatur des Displays wunschgem\u00e4\u00df ein, sodass du auch drau\u00dfen und abends gut lesen kannst. H\u00f6rst du lieber H\u00f6rb\u00fccher, Musik oder Podcasts? Dann verbinde deinen eBook-Reader per Bluetooth mit deinen kabellosen In-Ear- oder Over-Ear-Kopfh\u00f6rern. Der InkPad\u00a04 hat auch eine integrierte Vorlesefunktion, um dir deine E-Books laut vorzulesen. Der eBook-Reader l\u00e4sst sich \u00fcber den Touchscreen oder die vier Tasten bedienen. Mit diesem wasserbest\u00e4ndigen eBook-Reader liest du bedenkenlos in der Badewanne oder am Pool. Liest du viele B\u00fccher in anderen Sprachen? Das integrierte W\u00f6rterbuch hilft dir bei unbekannten Ausdr\u00fccken. Im Lieferumfang ist kein Ladeger\u00e4t enthalten. Bestelle dir separat eins dazu, um deinen eBook-Reader direkt aufzuladen.<\/p>\n","protected":false},"excerpt":{"rendered":"<p>Auf dem gro\u00dfen 7,8-Zoll-Full-HD-Display des PocketBook InkPad\u00a04 liest du ganz bequem deine Lieblingsb\u00fccher. Mit SMARTlight stellst du die Helligkeit und die Farbtemperatur des Displays wunschgem\u00e4\u00df ein, sodass du auch drau\u00dfen und abends gut lesen kannst. H\u00f6rst du lieber H\u00f6rb\u00fccher, Musik oder Podcasts? Dann verbinde deinen eBook-Reader per Bluetooth mit deinen kabellosen In-Ear- oder Over-Ear-Kopfh\u00f6rern. Der InkPad\u00a04 hat auch eine integrierte Vorlesefunktion, um dir deine E-Books laut vorzulesen. Der eBook-Reader l\u00e4sst sich \u00fcber den Touchscreen oder die vier Tasten bedienen. Mit diesem wasserbest\u00e4ndigen eBook-Reader liest du bedenkenlos in der Badewanne oder am Pool. Liest du viele B\u00fccher in anderen Sprachen? Das integrierte W\u00f6rterbuch hilft dir bei unbekannten Ausdr\u00fccken. Im Lieferumfang ist kein Ladeger\u00e4t enthalten. Bestelle dir separat eins dazu, um deinen eBook-Reader direkt aufzuladen.<\/p>\n","protected":false},"featured_media":0,"comment_status":"closed","ping_status":"open","template":"","meta":{"_acf_changed":false},"brand":[8955],"product_brand":[],"product_cat":[8609],"product_tag":[8610],"class_list":{"0":"post-85023","1":"product","2":"type-product","3":"status-publish","5":"brand-pocketbook","6":"product_cat-ebook-reader","7":"product_tag-e-readers","8":"pa_condition-new","9":"pa_coolblue-de-verzending-morgen-gratis-geliefert","10":"pa_ean-24250","11":"pa_mpn-pb743g-u-ww-b","13":"first","14":"instock","15":"product-type-external"},"acf":[],"_links":{"self":[{"href":"https:\/\/onlinehardwareshop.de\/index.php\/wp-json\/wp\/v2\/product\/85023","targetHints":{"allow":["GET"]}}],"collection":[{"href":"https:\/\/onlinehardwareshop.de\/index.php\/wp-json\/wp\/v2\/product"}],"about":[{"href":"https:\/\/onlinehardwareshop.de\/index.php\/wp-json\/wp\/v2\/types\/product"}],"replies":[{"embeddable":true,"href":"https:\/\/onlinehardwareshop.de\/index.php\/wp-json\/wp\/v2\/comments?post=85023"}],"wp:attachment":[{"href":"https:\/\/onlinehardwareshop.de\/index.php\/wp-json\/wp\/v2\/media?parent=85023"}],"wp:term":[{"taxonomy":"brand","embeddable":true,"href":"https:\/\/onlinehardwareshop.de\/index.php\/wp-json\/wp\/v2\/brand?post=85023"},{"taxonomy":"product_brand","embeddable":true,"href":"https:\/\/onlinehardwareshop.de\/index.php\/wp-json\/wp\/v2\/product_brand?post=85023"},{"taxonomy":"product_cat","embeddable":true,"href":"https:\/\/onlinehardwareshop.de\/index.php\/wp-json\/wp\/v2\/product_cat?post=85023"},{"taxonomy":"product_tag","embeddable":true,"href":"https:\/\/onlinehardwareshop.de\/index.php\/wp-json\/wp\/v2\/product_tag?post=85023"}],"curies":[{"name":"wp","href":"https:\/\/api.w.org\/{rel}","templated":true}]}}