{"id":85007,"date":"2024-05-26T16:48:55","date_gmt":"2024-05-26T16:48:55","guid":{"rendered":"https:\/\/onlinehardwareshop.de\/index.php\/produkt\/vogelbescherming-stern-ii-10x42\/"},"modified":"2025-05-14T06:40:28","modified_gmt":"2025-05-14T06:40:28","slug":"vogelbescherming-stern-ii-10x42","status":"publish","type":"product","link":"https:\/\/onlinehardwareshop.de\/index.php\/produkt\/vogelbescherming-stern-ii-10x42\/","title":{"rendered":"Vogelbescherming Stern II 10&#215;42"},"content":{"rendered":"<p>Beim Vogelbescherming Stern II 10&#215;42 handelt es sich um ein Fernglas f\u00fcr begeisterte Spazierg\u00e4nger und Vogelkundler. Es hat eine zehnfache Vergr\u00f6\u00dferung und ein Sichtfeld von 110\u00a0Metern, womit man sich m\u00fchelos Objekte in der Ferne ansehen kann. Dank der Mehrfachbeschichtungen ist das Bild hell und scharf. Dadurch kannst du Wildtiere oder deine Lieblingsv\u00f6gel im Detail betrachten. Aufgrund der IPX7-Zertifizierung kannst du dich auch dann in die Natur begeben, wenn es regnet. Dank dieser Zertifizierung ist das Fernglas bei Starkregen gesch\u00fctzt. Da es wasserdicht ist, eignet sich das Fernglas auch f\u00fcr Wassersport oder die die Nutzung in feuchten Gebieten, wie beispielsweise im tropischen Dschungel. Die Okulare lassen sich stufenlos heraus- und hineindrehen, weshalb sie sich wunschgem\u00e4\u00df anpassen lassen. Dadurch ist das Fernglas auch f\u00fcr Brillentr\u00e4ger geeignet. Das fl\u00fcssige Fokussieren sorgt f\u00fcr eine komfortable Bedienung.<\/p>\n","protected":false},"excerpt":{"rendered":"<p>Beim Vogelbescherming Stern II 10&#215;42 handelt es sich um ein Fernglas f\u00fcr begeisterte Spazierg\u00e4nger und Vogelkundler. Es hat eine zehnfache Vergr\u00f6\u00dferung und ein Sichtfeld von 110\u00a0Metern, womit man sich m\u00fchelos Objekte in der Ferne ansehen kann. Dank der Mehrfachbeschichtungen ist das Bild hell und scharf. Dadurch kannst du Wildtiere oder deine Lieblingsv\u00f6gel im Detail betrachten. Aufgrund der IPX7-Zertifizierung kannst du dich auch dann in die Natur begeben, wenn es regnet. Dank dieser Zertifizierung ist das Fernglas bei Starkregen gesch\u00fctzt. Da es wasserdicht ist, eignet sich das Fernglas auch f\u00fcr Wassersport oder die die Nutzung in feuchten Gebieten, wie beispielsweise im tropischen Dschungel. Die Okulare lassen sich stufenlos heraus- und hineindrehen, weshalb sie sich wunschgem\u00e4\u00df anpassen lassen. Dadurch ist das Fernglas auch f\u00fcr Brillentr\u00e4ger geeignet. Das fl\u00fcssige Fokussieren sorgt f\u00fcr eine komfortable Bedienung.<\/p>\n","protected":false},"featured_media":0,"comment_status":"closed","ping_status":"open","template":"","meta":{"_acf_changed":false},"brand":[12136],"product_brand":[],"product_cat":[448],"product_tag":[1304],"class_list":{"0":"post-85007","1":"product","2":"type-product","3":"status-publish","5":"brand-vogelbescherming","6":"product_cat-fernglser","7":"product_tag-dakkant-verrekijkers","8":"pa_condition-new","9":"pa_coolblue-de-verzending-morgen-gratis-geliefert","10":"pa_ean-12137","11":"pa_mpn-v283407","13":"first","14":"instock","15":"product-type-external"},"acf":[],"_links":{"self":[{"href":"https:\/\/onlinehardwareshop.de\/index.php\/wp-json\/wp\/v2\/product\/85007","targetHints":{"allow":["GET"]}}],"collection":[{"href":"https:\/\/onlinehardwareshop.de\/index.php\/wp-json\/wp\/v2\/product"}],"about":[{"href":"https:\/\/onlinehardwareshop.de\/index.php\/wp-json\/wp\/v2\/types\/product"}],"replies":[{"embeddable":true,"href":"https:\/\/onlinehardwareshop.de\/index.php\/wp-json\/wp\/v2\/comments?post=85007"}],"wp:attachment":[{"href":"https:\/\/onlinehardwareshop.de\/index.php\/wp-json\/wp\/v2\/media?parent=85007"}],"wp:term":[{"taxonomy":"brand","embeddable":true,"href":"https:\/\/onlinehardwareshop.de\/index.php\/wp-json\/wp\/v2\/brand?post=85007"},{"taxonomy":"product_brand","embeddable":true,"href":"https:\/\/onlinehardwareshop.de\/index.php\/wp-json\/wp\/v2\/product_brand?post=85007"},{"taxonomy":"product_cat","embeddable":true,"href":"https:\/\/onlinehardwareshop.de\/index.php\/wp-json\/wp\/v2\/product_cat?post=85007"},{"taxonomy":"product_tag","embeddable":true,"href":"https:\/\/onlinehardwareshop.de\/index.php\/wp-json\/wp\/v2\/product_tag?post=85007"}],"curies":[{"name":"wp","href":"https:\/\/api.w.org\/{rel}","templated":true}]}}