{"id":85000,"date":"2024-05-03T13:59:08","date_gmt":"2024-05-03T13:59:08","guid":{"rendered":"https:\/\/onlinehardwareshop.de\/index.php\/produkt\/greenpan-evolution-bratpfannenset-24-28cm-blau\/"},"modified":"2025-05-14T19:42:37","modified_gmt":"2025-05-14T19:42:37","slug":"greenpan-evolution-bratpfannenset-24-28cm-blau","status":"publish","type":"product","link":"https:\/\/onlinehardwareshop.de\/index.php\/produkt\/greenpan-evolution-bratpfannenset-24-28cm-blau\/","title":{"rendered":"GreenPan Evolution Bratpfannenset 24 + 28&#xA0;cm Blau"},"content":{"rendered":"<p>Mit dem Greenpan Evolution Bratpfannenset 24 + 28\u00a0cm Blue bereitest du zwei Zutaten gleichzeitig zu. In der 28-cm-Pfanne br\u00e4tst du zum Beispiel gro\u00dfe Portionen Kartoffeln und in der 24-cm-Pfanne ein St\u00fcck Fleisch oder H\u00e4hnchen. So stellst du ganz einfach eine komplette Mahlzeit auf den Tisch. Die Pfannen sind nachhaltig produziert und vollkommen PFAS-frei. Du kochst also ges\u00fcnder und achtest gleichzeitig auf die Umwelt. Die Pfannen eignen sich f\u00fcr alle W\u00e4rmequellen, einschlie\u00dflich Induktion, und halten auch im Backofen Temperaturen von bis zu 200\u00a0Grad Celsius stand. Das ist praktisch, wenn du ein Gericht noch schnell fertig garen oder warmhalten m\u00f6chtest. Die blaue Farbe und der Edelstahlgriff verleihen den Bratpfannen au\u00dferdem einen modernen und edlen Look. Du legst dir also stilvolle Pfannen zu.<\/p>\n","protected":false},"excerpt":{"rendered":"<p>Mit dem Greenpan Evolution Bratpfannenset 24 + 28\u00a0cm Blue bereitest du zwei Zutaten gleichzeitig zu. In der 28-cm-Pfanne br\u00e4tst du zum Beispiel gro\u00dfe Portionen Kartoffeln und in der 24-cm-Pfanne ein St\u00fcck Fleisch oder H\u00e4hnchen. So stellst du ganz einfach eine komplette Mahlzeit auf den Tisch. Die Pfannen sind nachhaltig produziert und vollkommen PFAS-frei. Du kochst also ges\u00fcnder und achtest gleichzeitig auf die Umwelt. Die Pfannen eignen sich f\u00fcr alle W\u00e4rmequellen, einschlie\u00dflich Induktion, und halten auch im Backofen Temperaturen von bis zu 200\u00a0Grad Celsius stand. Das ist praktisch, wenn du ein Gericht noch schnell fertig garen oder warmhalten m\u00f6chtest. Die blaue Farbe und der Edelstahlgriff verleihen den Bratpfannen au\u00dferdem einen modernen und edlen Look. Du legst dir also stilvolle Pfannen zu.<\/p>\n","protected":false},"featured_media":0,"comment_status":"closed","ping_status":"open","template":"","meta":{"_acf_changed":false},"brand":[3971],"product_brand":[],"product_cat":[372],"product_tag":[1788],"class_list":{"0":"post-85000","1":"product","2":"type-product","3":"status-publish","5":"brand-greenpan","6":"product_cat-tpfe-und-pfannen","7":"product_tag-bakpannensets","8":"pa_condition-new","9":"pa_coolblue-de-verzending-morgen-gratis-geliefert","10":"pa_ean-34180","12":"first","13":"instock","14":"product-type-external"},"acf":[],"_links":{"self":[{"href":"https:\/\/onlinehardwareshop.de\/index.php\/wp-json\/wp\/v2\/product\/85000","targetHints":{"allow":["GET"]}}],"collection":[{"href":"https:\/\/onlinehardwareshop.de\/index.php\/wp-json\/wp\/v2\/product"}],"about":[{"href":"https:\/\/onlinehardwareshop.de\/index.php\/wp-json\/wp\/v2\/types\/product"}],"replies":[{"embeddable":true,"href":"https:\/\/onlinehardwareshop.de\/index.php\/wp-json\/wp\/v2\/comments?post=85000"}],"wp:attachment":[{"href":"https:\/\/onlinehardwareshop.de\/index.php\/wp-json\/wp\/v2\/media?parent=85000"}],"wp:term":[{"taxonomy":"brand","embeddable":true,"href":"https:\/\/onlinehardwareshop.de\/index.php\/wp-json\/wp\/v2\/brand?post=85000"},{"taxonomy":"product_brand","embeddable":true,"href":"https:\/\/onlinehardwareshop.de\/index.php\/wp-json\/wp\/v2\/product_brand?post=85000"},{"taxonomy":"product_cat","embeddable":true,"href":"https:\/\/onlinehardwareshop.de\/index.php\/wp-json\/wp\/v2\/product_cat?post=85000"},{"taxonomy":"product_tag","embeddable":true,"href":"https:\/\/onlinehardwareshop.de\/index.php\/wp-json\/wp\/v2\/product_tag?post=85000"}],"curies":[{"name":"wp","href":"https:\/\/api.w.org\/{rel}","templated":true}]}}