{"id":84995,"date":"2024-01-04T14:24:49","date_gmt":"2024-01-04T14:24:49","guid":{"rendered":"https:\/\/onlinehardwareshop.de\/index.php\/produkt\/ninja-slushi-fs301eu\/"},"modified":"2025-05-14T19:41:14","modified_gmt":"2025-05-14T19:41:14","slug":"ninja-slushi-fs301eu","status":"publish","type":"product","link":"https:\/\/onlinehardwareshop.de\/index.php\/produkt\/ninja-slushi-fs301eu\/","title":{"rendered":"Ninja SLUSHi FS301EU"},"content":{"rendered":"<p>Mit der Ninja SLUSHi FS301EU bereitest du deine Lieblings-Eisgetr\u00e4nke dank der Rapid Chill Technologie in nur einer Stunde zu. Du wartest also nicht stundenlang, bis die Fl\u00fcssigkeit im Gefrierschrank gefroren ist. Au\u00dferdem brauchst du kein Eis mehr. Die Eismaschine verf\u00fcgt \u00fcber f\u00fcnf Automatikprogramme: Slush Puppy, Frozen Cocktail, Frapp\u00e9, Milkshake und Frozen Juice. Mit nur einem Knopfdruck w\u00e4hlst du die passende Voreinstellung. Das Ger\u00e4t stellt automatisch die richtige Temperatur ein und zeigt dir an, wann die Zubereitung fertig ist. Du brauchst dich w\u00e4hrenddessen nicht um die Zubereitung k\u00fcmmern. So widmest du dich in der Zwischenzeit anderen Aufgaben. Dank des Fassungsverm\u00f6gens von 2,5 Litern bereitest du bis zu sieben Portionen auf einmal zu. Das ist praktisch, wenn du G\u00e4ste empf\u00e4ngst.<\/p>\n","protected":false},"excerpt":{"rendered":"<p>Mit der Ninja SLUSHi FS301EU bereitest du deine Lieblings-Eisgetr\u00e4nke dank der Rapid Chill Technologie in nur einer Stunde zu. Du wartest also nicht stundenlang, bis die Fl\u00fcssigkeit im Gefrierschrank gefroren ist. Au\u00dferdem brauchst du kein Eis mehr. Die Eismaschine verf\u00fcgt \u00fcber f\u00fcnf Automatikprogramme: Slush Puppy, Frozen Cocktail, Frapp\u00e9, Milkshake und Frozen Juice. Mit nur einem Knopfdruck w\u00e4hlst du die passende Voreinstellung. Das Ger\u00e4t stellt automatisch die richtige Temperatur ein und zeigt dir an, wann die Zubereitung fertig ist. Du brauchst dich w\u00e4hrenddessen nicht um die Zubereitung k\u00fcmmern. So widmest du dich in der Zwischenzeit anderen Aufgaben. Dank des Fassungsverm\u00f6gens von 2,5 Litern bereitest du bis zu sieben Portionen auf einmal zu. Das ist praktisch, wenn du G\u00e4ste empf\u00e4ngst.<\/p>\n","protected":false},"featured_media":0,"comment_status":"closed","ping_status":"open","template":"","meta":{"_acf_changed":false},"brand":[6837],"product_brand":[],"product_cat":[340],"product_tag":[341],"class_list":{"0":"post-84995","1":"product","2":"type-product","3":"status-publish","5":"brand-ninja","6":"product_cat-eismaschinen","7":"product_tag-ijsmachines","8":"pa_condition-new","9":"pa_coolblue-de-verzending-morgen-gratis-geliefert","10":"pa_ean-34172","11":"pa_mpn-fs301eu","13":"first","14":"instock","15":"product-type-external"},"acf":[],"_links":{"self":[{"href":"https:\/\/onlinehardwareshop.de\/index.php\/wp-json\/wp\/v2\/product\/84995","targetHints":{"allow":["GET"]}}],"collection":[{"href":"https:\/\/onlinehardwareshop.de\/index.php\/wp-json\/wp\/v2\/product"}],"about":[{"href":"https:\/\/onlinehardwareshop.de\/index.php\/wp-json\/wp\/v2\/types\/product"}],"replies":[{"embeddable":true,"href":"https:\/\/onlinehardwareshop.de\/index.php\/wp-json\/wp\/v2\/comments?post=84995"}],"wp:attachment":[{"href":"https:\/\/onlinehardwareshop.de\/index.php\/wp-json\/wp\/v2\/media?parent=84995"}],"wp:term":[{"taxonomy":"brand","embeddable":true,"href":"https:\/\/onlinehardwareshop.de\/index.php\/wp-json\/wp\/v2\/brand?post=84995"},{"taxonomy":"product_brand","embeddable":true,"href":"https:\/\/onlinehardwareshop.de\/index.php\/wp-json\/wp\/v2\/product_brand?post=84995"},{"taxonomy":"product_cat","embeddable":true,"href":"https:\/\/onlinehardwareshop.de\/index.php\/wp-json\/wp\/v2\/product_cat?post=84995"},{"taxonomy":"product_tag","embeddable":true,"href":"https:\/\/onlinehardwareshop.de\/index.php\/wp-json\/wp\/v2\/product_tag?post=84995"}],"curies":[{"name":"wp","href":"https:\/\/api.w.org\/{rel}","templated":true}]}}