{"id":84938,"date":"2025-01-02T11:13:21","date_gmt":"2025-01-02T11:13:21","guid":{"rendered":"https:\/\/onlinehardwareshop.de\/index.php\/produkt\/bose-quietcomfort-ultra-headphones-diamant\/"},"modified":"2025-05-14T14:15:48","modified_gmt":"2025-05-14T14:15:48","slug":"bose-quietcomfort-ultra-headphones-diamant","status":"publish","type":"product","link":"https:\/\/onlinehardwareshop.de\/index.php\/produkt\/bose-quietcomfort-ultra-headphones-diamant\/","title":{"rendered":"Bose QuietComfort Ultra Headphones Diamant"},"content":{"rendered":"<p>Mit dem Bose QuietComfort Ultra Headphones Diamant tauchst du komplett in deine Lieblingsmusik ein. Anl\u00e4sslich des 60. Jubil\u00e4ums von Bose erstrahlt dieser Kopfh\u00f6rer in der Farbe Diamant. Dank Bose Immersive Audio umgibt dich die Musik. Diese 3D-Audio-Technologie von Bose sorgt daf\u00fcr, dass du Musik so erlebst, als ob du selbst dabei w\u00e4rst. Du h\u00f6rst die Musik detailliert und mit Tiefen. Dank Noise Cancelling nimmst du deine Umgebung akustisch weniger wahr. So konzentrierst du dich auf deine Arbeit oder blendest das Gewusel in einem vollen Zug aus. Das Noise Cancelling stellst du selbst in der Bose Music App ein. Die CustomTune Technologie analysiert dein Geh\u00f6r und passt die Audiowiedergabe daran an. So stellt der Kopfh\u00f6rer die Musik genau auf die Form deines Geh\u00f6rgangs ein und du h\u00f6rst eine ausbalancierte Audiowiedergabe.  Bose Immersive Audio Bose Immersive Audio sorgt f\u00fcr r\u00e4umlichen Sound von jeder Quelle und jedem Streamingdienst. Mit dieser Technologie klingt die Musik, als w\u00e4rst du selbst dabei. So h\u00f6rst du zum Beispiel das Schlagzeug von vorne und die Gitarren von links, wenn der K\u00fcnstler das so beabsichtigt hat.<\/p>\n","protected":false},"excerpt":{"rendered":"<p>Mit dem Bose QuietComfort Ultra Headphones Diamant tauchst du komplett in deine Lieblingsmusik ein. Anl\u00e4sslich des 60. Jubil\u00e4ums von Bose erstrahlt dieser Kopfh\u00f6rer in der Farbe Diamant. Dank Bose Immersive Audio umgibt dich die Musik. Diese 3D-Audio-Technologie von Bose sorgt daf\u00fcr, dass du Musik so erlebst, als ob du selbst dabei w\u00e4rst. Du h\u00f6rst die Musik detailliert und mit Tiefen. Dank Noise Cancelling nimmst du deine Umgebung akustisch weniger wahr. So konzentrierst du dich auf deine Arbeit oder blendest das Gewusel in einem vollen Zug aus. Das Noise Cancelling stellst du selbst in der Bose Music App ein. Die CustomTune Technologie analysiert dein Geh\u00f6r und passt die Audiowiedergabe daran an. So stellt der Kopfh\u00f6rer die Musik genau auf die Form deines Geh\u00f6rgangs ein und du h\u00f6rst eine ausbalancierte Audiowiedergabe.  Bose Immersive Audio Bose Immersive Audio sorgt f\u00fcr r\u00e4umlichen Sound von jeder Quelle und jedem Streamingdienst. Mit dieser Technologie klingt die Musik, als w\u00e4rst du selbst dabei. So h\u00f6rst du zum Beispiel das Schlagzeug von vorne und die Gitarren von links, wenn der K\u00fcnstler das so beabsichtigt hat.<\/p>\n","protected":false},"featured_media":0,"comment_status":"closed","ping_status":"open","template":"","meta":{"_acf_changed":false},"brand":[3092],"product_brand":[],"product_cat":[1182],"product_tag":[5609],"class_list":{"0":"post-84938","1":"product","2":"type-product","3":"status-publish","5":"brand-bose","6":"product_cat-kopfhrer","7":"product_tag-hoofdtelefoons-met-noisecancelling","8":"pa_condition-new","9":"pa_coolblue-de-verzending-morgen-gratis-geliefert","10":"pa_ean-23284","11":"pa_mpn-880066-1300","13":"first","14":"instock","15":"product-type-external"},"acf":[],"_links":{"self":[{"href":"https:\/\/onlinehardwareshop.de\/index.php\/wp-json\/wp\/v2\/product\/84938","targetHints":{"allow":["GET"]}}],"collection":[{"href":"https:\/\/onlinehardwareshop.de\/index.php\/wp-json\/wp\/v2\/product"}],"about":[{"href":"https:\/\/onlinehardwareshop.de\/index.php\/wp-json\/wp\/v2\/types\/product"}],"replies":[{"embeddable":true,"href":"https:\/\/onlinehardwareshop.de\/index.php\/wp-json\/wp\/v2\/comments?post=84938"}],"wp:attachment":[{"href":"https:\/\/onlinehardwareshop.de\/index.php\/wp-json\/wp\/v2\/media?parent=84938"}],"wp:term":[{"taxonomy":"brand","embeddable":true,"href":"https:\/\/onlinehardwareshop.de\/index.php\/wp-json\/wp\/v2\/brand?post=84938"},{"taxonomy":"product_brand","embeddable":true,"href":"https:\/\/onlinehardwareshop.de\/index.php\/wp-json\/wp\/v2\/product_brand?post=84938"},{"taxonomy":"product_cat","embeddable":true,"href":"https:\/\/onlinehardwareshop.de\/index.php\/wp-json\/wp\/v2\/product_cat?post=84938"},{"taxonomy":"product_tag","embeddable":true,"href":"https:\/\/onlinehardwareshop.de\/index.php\/wp-json\/wp\/v2\/product_tag?post=84938"}],"curies":[{"name":"wp","href":"https:\/\/api.w.org\/{rel}","templated":true}]}}