{"id":84902,"date":"2024-02-19T14:57:09","date_gmt":"2024-02-19T14:57:09","guid":{"rendered":"https:\/\/onlinehardwareshop.de\/index.php\/produkt\/krcher-k3-premium-power-control-home\/"},"modified":"2025-05-14T10:06:06","modified_gmt":"2025-05-14T10:06:06","slug":"krcher-k3-premium-power-control-home","status":"publish","type":"product","link":"https:\/\/onlinehardwareshop.de\/index.php\/produkt\/krcher-k3-premium-power-control-home\/","title":{"rendered":"K&#xE4;rcher K3 Premium Power Control Home"},"content":{"rendered":"<p>Mit dem K\u00e4rcher K3 Premium Power Control Home kannst du problemlos verschiedene Reinigungsarbeiten angehen, Reinige gr\u00fcndlich deine Terrasse mit dem mitgelieferten Fl\u00e4chenreiniger oder spritze kinderleicht deine Auffahrt sauber. Indem du den Wasserdruck anpasst, kannst du auch empfindliche Fl\u00e4chen reinigen. Dazu z\u00e4hlen zum Beispiel der Lack deines Autos oder andere weiche Untergr\u00fcnde wie Holz. Der Hochdruckreiniger l\u00e4sst sich dank des langen Griffs und der R\u00e4der m\u00fchelos vom einen zum anderen Ort bewegen. Dank der Trommel verstaust du den Hochdruckschlauch nach dem Gebrauch ordentlich.<\/p>\n","protected":false},"excerpt":{"rendered":"<p>Mit dem K\u00e4rcher K3 Premium Power Control Home kannst du problemlos verschiedene Reinigungsarbeiten angehen, Reinige gr\u00fcndlich deine Terrasse mit dem mitgelieferten Fl\u00e4chenreiniger oder spritze kinderleicht deine Auffahrt sauber. Indem du den Wasserdruck anpasst, kannst du auch empfindliche Fl\u00e4chen reinigen. Dazu z\u00e4hlen zum Beispiel der Lack deines Autos oder andere weiche Untergr\u00fcnde wie Holz. Der Hochdruckreiniger l\u00e4sst sich dank des langen Griffs und der R\u00e4der m\u00fchelos vom einen zum anderen Ort bewegen. Dank der Trommel verstaust du den Hochdruckschlauch nach dem Gebrauch ordentlich.<\/p>\n","protected":false},"featured_media":0,"comment_status":"closed","ping_status":"open","template":"","meta":{"_acf_changed":false},"brand":[294],"product_brand":[],"product_cat":[2722],"product_tag":[2723],"class_list":{"0":"post-84902","1":"product","2":"type-product","3":"status-publish","5":"brand-karcher","6":"product_cat-hochdruckreiniger","7":"product_tag-hogedrukreinigers","8":"pa_condition-new","9":"pa_coolblue-de-verzending-morgen-gratis-geliefert","10":"pa_ean-17223","11":"pa_mpn-1-602-753-0","13":"first","14":"instock","15":"product-type-external"},"acf":[],"_links":{"self":[{"href":"https:\/\/onlinehardwareshop.de\/index.php\/wp-json\/wp\/v2\/product\/84902","targetHints":{"allow":["GET"]}}],"collection":[{"href":"https:\/\/onlinehardwareshop.de\/index.php\/wp-json\/wp\/v2\/product"}],"about":[{"href":"https:\/\/onlinehardwareshop.de\/index.php\/wp-json\/wp\/v2\/types\/product"}],"replies":[{"embeddable":true,"href":"https:\/\/onlinehardwareshop.de\/index.php\/wp-json\/wp\/v2\/comments?post=84902"}],"wp:attachment":[{"href":"https:\/\/onlinehardwareshop.de\/index.php\/wp-json\/wp\/v2\/media?parent=84902"}],"wp:term":[{"taxonomy":"brand","embeddable":true,"href":"https:\/\/onlinehardwareshop.de\/index.php\/wp-json\/wp\/v2\/brand?post=84902"},{"taxonomy":"product_brand","embeddable":true,"href":"https:\/\/onlinehardwareshop.de\/index.php\/wp-json\/wp\/v2\/product_brand?post=84902"},{"taxonomy":"product_cat","embeddable":true,"href":"https:\/\/onlinehardwareshop.de\/index.php\/wp-json\/wp\/v2\/product_cat?post=84902"},{"taxonomy":"product_tag","embeddable":true,"href":"https:\/\/onlinehardwareshop.de\/index.php\/wp-json\/wp\/v2\/product_tag?post=84902"}],"curies":[{"name":"wp","href":"https:\/\/api.w.org\/{rel}","templated":true}]}}