{"id":84884,"date":"2025-03-26T21:12:40","date_gmt":"2025-03-26T21:12:40","guid":{"rendered":"https:\/\/onlinehardwareshop.de\/index.php\/produkt\/tefal-renew-on-keramik-bratpfannenset-24-28cm-schmorpfanne-24cm\/"},"modified":"2025-05-14T08:43:21","modified_gmt":"2025-05-14T08:43:21","slug":"tefal-renew-on-keramik-bratpfannenset-24-28cm-schmorpfanne-24cm","status":"publish","type":"product","link":"https:\/\/onlinehardwareshop.de\/index.php\/produkt\/tefal-renew-on-keramik-bratpfannenset-24-28cm-schmorpfanne-24cm\/","title":{"rendered":"Tefal Renew On Keramik Bratpfannenset 24&#xA0;+ 28&#xA0;cm + Schmorpfanne 24&#xA0;cm"},"content":{"rendered":"<p>Mit dem Tefal Renew On Ceramic Bratpfannenset 24 + 28 cm + Schmorpfanne 24 cm holst du dir drei umweltbewusste Bratpfannen nach Hause. Die Pfannen bestehen zu 100 Prozent aus recyceltem Aluminium. In den Bratpfannen kannst du Kartoffeln und Fleischst\u00fccke braten. M\u00f6chtest du ein One-Pot-Gericht zubereiten? Dann benutzt du die Bratpfanne. Die keramische Antihaftbeschichtung ist bis zu 20-mal st\u00e4rker als die Standard-Antihaftbeschichtung anderer Tefal-Pfannen. Super, denn die Pfannen halten l\u00e4nger und man verbraucht aufgrund der Keramik wenig \u00d6l oder Butter. Mit dem Tefal Thermo Signal Dot kannst du auf einen Blick erkennen, ob die Pfannen die richtige Temperatur haben. Du reinigst die Pfannen nach Gebrauch in der Sp\u00fclmaschine.<\/p>\n","protected":false},"excerpt":{"rendered":"<p>Mit dem Tefal Renew On Ceramic Bratpfannenset 24 + 28 cm + Schmorpfanne 24 cm holst du dir drei umweltbewusste Bratpfannen nach Hause. Die Pfannen bestehen zu 100 Prozent aus recyceltem Aluminium. In den Bratpfannen kannst du Kartoffeln und Fleischst\u00fccke braten. M\u00f6chtest du ein One-Pot-Gericht zubereiten? Dann benutzt du die Bratpfanne. Die keramische Antihaftbeschichtung ist bis zu 20-mal st\u00e4rker als die Standard-Antihaftbeschichtung anderer Tefal-Pfannen. Super, denn die Pfannen halten l\u00e4nger und man verbraucht aufgrund der Keramik wenig \u00d6l oder Butter. Mit dem Tefal Thermo Signal Dot kannst du auf einen Blick erkennen, ob die Pfannen die richtige Temperatur haben. Du reinigst die Pfannen nach Gebrauch in der Sp\u00fclmaschine.<\/p>\n","protected":false},"featured_media":0,"comment_status":"closed","ping_status":"open","template":"","meta":{"_acf_changed":false},"brand":[506],"product_brand":[],"product_cat":[372],"product_tag":[1788],"class_list":{"0":"post-84884","1":"product","2":"type-product","3":"status-publish","5":"brand-tefal","6":"product_cat-tpfe-und-pfannen","7":"product_tag-bakpannensets","8":"pa_condition-new","9":"pa_coolblue-de-verzending-morgen-gratis-geliefert","10":"pa_ean-15193","12":"first","13":"instock","14":"product-type-external"},"acf":[],"_links":{"self":[{"href":"https:\/\/onlinehardwareshop.de\/index.php\/wp-json\/wp\/v2\/product\/84884","targetHints":{"allow":["GET"]}}],"collection":[{"href":"https:\/\/onlinehardwareshop.de\/index.php\/wp-json\/wp\/v2\/product"}],"about":[{"href":"https:\/\/onlinehardwareshop.de\/index.php\/wp-json\/wp\/v2\/types\/product"}],"replies":[{"embeddable":true,"href":"https:\/\/onlinehardwareshop.de\/index.php\/wp-json\/wp\/v2\/comments?post=84884"}],"wp:attachment":[{"href":"https:\/\/onlinehardwareshop.de\/index.php\/wp-json\/wp\/v2\/media?parent=84884"}],"wp:term":[{"taxonomy":"brand","embeddable":true,"href":"https:\/\/onlinehardwareshop.de\/index.php\/wp-json\/wp\/v2\/brand?post=84884"},{"taxonomy":"product_brand","embeddable":true,"href":"https:\/\/onlinehardwareshop.de\/index.php\/wp-json\/wp\/v2\/product_brand?post=84884"},{"taxonomy":"product_cat","embeddable":true,"href":"https:\/\/onlinehardwareshop.de\/index.php\/wp-json\/wp\/v2\/product_cat?post=84884"},{"taxonomy":"product_tag","embeddable":true,"href":"https:\/\/onlinehardwareshop.de\/index.php\/wp-json\/wp\/v2\/product_tag?post=84884"}],"curies":[{"name":"wp","href":"https:\/\/api.w.org\/{rel}","templated":true}]}}