{"id":84881,"date":"2024-11-28T01:55:03","date_gmt":"2024-11-28T01:55:03","guid":{"rendered":"https:\/\/onlinehardwareshop.de\/index.php\/produkt\/razer-cobra-lightweight-gaming-maus\/"},"modified":"2025-05-14T08:33:01","modified_gmt":"2025-05-14T08:33:01","slug":"razer-cobra-lightweight-gaming-maus","status":"publish","type":"product","link":"https:\/\/onlinehardwareshop.de\/index.php\/produkt\/razer-cobra-lightweight-gaming-maus\/","title":{"rendered":"Razer Cobra Lightweight Gaming-Maus"},"content":{"rendered":"<p>Bewege deine Hand m\u00fchelos \u00fcber deinen Schreibtisch mit der Razer Cobra Lightweight Gaming-Maus. Diese leichte, kabelgebundene Gaming-Maus hat optische Gen-3-Switches, die daf\u00fcr sorgen, dass deine Gaming-Maus besonders lange h\u00e4lt. Au\u00dferdem kannst du dir sicher sein, dass dein Mausklick registriert wird. Au\u00dferdem hat die Cobra Lightweight einen einstellbaren dpi bis zu 8.500. Dadurch kannst du die Empfindsamkeit einfach ver\u00e4ndern, wenn du verschiedene Games spielst. Mit den beiden zus\u00e4tzlich gro\u00dfen Daumentasten kannst du In-Game-Aktionen per Knopfdruck ausf\u00fchren. Die RGB-Beleuchtung der Gaming-Maus kannst du in der Razer-Synapse-Software anpassen.<\/p>\n","protected":false},"excerpt":{"rendered":"<p>Bewege deine Hand m\u00fchelos \u00fcber deinen Schreibtisch mit der Razer Cobra Lightweight Gaming-Maus. Diese leichte, kabelgebundene Gaming-Maus hat optische Gen-3-Switches, die daf\u00fcr sorgen, dass deine Gaming-Maus besonders lange h\u00e4lt. Au\u00dferdem kannst du dir sicher sein, dass dein Mausklick registriert wird. Au\u00dferdem hat die Cobra Lightweight einen einstellbaren dpi bis zu 8.500. Dadurch kannst du die Empfindsamkeit einfach ver\u00e4ndern, wenn du verschiedene Games spielst. Mit den beiden zus\u00e4tzlich gro\u00dfen Daumentasten kannst du In-Game-Aktionen per Knopfdruck ausf\u00fchren. Die RGB-Beleuchtung der Gaming-Maus kannst du in der Razer-Synapse-Software anpassen.<\/p>\n","protected":false},"featured_media":0,"comment_status":"closed","ping_status":"open","template":"","meta":{"_acf_changed":false},"brand":[3451],"product_brand":[],"product_cat":[33],"product_tag":[3752],"class_list":{"0":"post-84881","1":"product","2":"type-product","3":"status-publish","5":"brand-razer","6":"product_cat-muse","7":"product_tag-gaming-muizen","8":"pa_condition-new","9":"pa_coolblue-de-verzending-morgen-gratis-geliefert","10":"pa_ean-14907","11":"pa_mpn-rz01-04650100-r3m1","13":"first","14":"instock","15":"product-type-external"},"acf":[],"_links":{"self":[{"href":"https:\/\/onlinehardwareshop.de\/index.php\/wp-json\/wp\/v2\/product\/84881","targetHints":{"allow":["GET"]}}],"collection":[{"href":"https:\/\/onlinehardwareshop.de\/index.php\/wp-json\/wp\/v2\/product"}],"about":[{"href":"https:\/\/onlinehardwareshop.de\/index.php\/wp-json\/wp\/v2\/types\/product"}],"replies":[{"embeddable":true,"href":"https:\/\/onlinehardwareshop.de\/index.php\/wp-json\/wp\/v2\/comments?post=84881"}],"wp:attachment":[{"href":"https:\/\/onlinehardwareshop.de\/index.php\/wp-json\/wp\/v2\/media?parent=84881"}],"wp:term":[{"taxonomy":"brand","embeddable":true,"href":"https:\/\/onlinehardwareshop.de\/index.php\/wp-json\/wp\/v2\/brand?post=84881"},{"taxonomy":"product_brand","embeddable":true,"href":"https:\/\/onlinehardwareshop.de\/index.php\/wp-json\/wp\/v2\/product_brand?post=84881"},{"taxonomy":"product_cat","embeddable":true,"href":"https:\/\/onlinehardwareshop.de\/index.php\/wp-json\/wp\/v2\/product_cat?post=84881"},{"taxonomy":"product_tag","embeddable":true,"href":"https:\/\/onlinehardwareshop.de\/index.php\/wp-json\/wp\/v2\/product_tag?post=84881"}],"curies":[{"name":"wp","href":"https:\/\/api.w.org\/{rel}","templated":true}]}}