{"id":84875,"date":"2024-01-25T04:20:22","date_gmt":"2024-01-25T04:20:22","guid":{"rendered":"https:\/\/onlinehardwareshop.de\/index.php\/produkt\/tefal-renew-on-keramikbratpfannenset-24-28cvm-schwarz\/"},"modified":"2025-05-14T07:48:55","modified_gmt":"2025-05-14T07:48:55","slug":"tefal-renew-on-keramikbratpfannenset-24-28cvm-schwarz","status":"publish","type":"product","link":"https:\/\/onlinehardwareshop.de\/index.php\/produkt\/tefal-renew-on-keramikbratpfannenset-24-28cvm-schwarz\/","title":{"rendered":"Tefal Renew On Keramikbratpfannenset 24 + 28&#xA0;cvm Schwarz"},"content":{"rendered":"<p>Mit dem Tefal Renew On Keramikbratpfannenset 24 + 28\u00a0cm Schwarz erh\u00e4ltst du zwei umweltvertr\u00e4gliche Bratpfannen. Die Pfannen bestehen n\u00e4mlich aus zu 100\u00a0% recyceltem Aluminium. Die kleine Pfanne eignet sich f\u00fcr Bratkartoffeln und die gro\u00dfe f\u00fcr zwei gro\u00dfe Fleischst\u00fccke. Die keramische Antihaftbeschichtung ist bis zu 20-mal widerstandsf\u00e4higer als Standard-Antihaftbeschichtungen von anderen Tefal Pfannen. Angenehm, denn somit sind die Pfannen l\u00e4ngerlebig und man muss durch das Keramik wenig \u00d6l oder Butter benutzen. Dank des Tefal Thermo-Signal-Punkts erkennt man auf einen Blick, wenn die Pfannen die gew\u00fcnschte Temperatur erreicht haben. Das erspart das Halten der Hand \u00fcber der Pfanne zur Hitzepr\u00fcfung. Zur Reinigung kann man die Pfannen nach Gebrauch in die Sp\u00fclmaschine stellen.<\/p>\n","protected":false},"excerpt":{"rendered":"<p>Mit dem Tefal Renew On Keramikbratpfannenset 24 + 28\u00a0cm Schwarz erh\u00e4ltst du zwei umweltvertr\u00e4gliche Bratpfannen. Die Pfannen bestehen n\u00e4mlich aus zu 100\u00a0% recyceltem Aluminium. Die kleine Pfanne eignet sich f\u00fcr Bratkartoffeln und die gro\u00dfe f\u00fcr zwei gro\u00dfe Fleischst\u00fccke. Die keramische Antihaftbeschichtung ist bis zu 20-mal widerstandsf\u00e4higer als Standard-Antihaftbeschichtungen von anderen Tefal Pfannen. Angenehm, denn somit sind die Pfannen l\u00e4ngerlebig und man muss durch das Keramik wenig \u00d6l oder Butter benutzen. Dank des Tefal Thermo-Signal-Punkts erkennt man auf einen Blick, wenn die Pfannen die gew\u00fcnschte Temperatur erreicht haben. Das erspart das Halten der Hand \u00fcber der Pfanne zur Hitzepr\u00fcfung. Zur Reinigung kann man die Pfannen nach Gebrauch in die Sp\u00fclmaschine stellen.<\/p>\n","protected":false},"featured_media":0,"comment_status":"closed","ping_status":"open","template":"","meta":{"_acf_changed":false},"brand":[506],"product_brand":[],"product_cat":[372],"product_tag":[1788],"class_list":{"0":"post-84875","1":"product","2":"type-product","3":"status-publish","5":"brand-tefal","6":"product_cat-tpfe-und-pfannen","7":"product_tag-bakpannensets","8":"pa_condition-new","9":"pa_coolblue-de-verzending-morgen-gratis-geliefert","10":"pa_ean-13723","11":"pa_mpn-c4359032","13":"first","14":"instock","15":"product-type-external"},"acf":[],"_links":{"self":[{"href":"https:\/\/onlinehardwareshop.de\/index.php\/wp-json\/wp\/v2\/product\/84875","targetHints":{"allow":["GET"]}}],"collection":[{"href":"https:\/\/onlinehardwareshop.de\/index.php\/wp-json\/wp\/v2\/product"}],"about":[{"href":"https:\/\/onlinehardwareshop.de\/index.php\/wp-json\/wp\/v2\/types\/product"}],"replies":[{"embeddable":true,"href":"https:\/\/onlinehardwareshop.de\/index.php\/wp-json\/wp\/v2\/comments?post=84875"}],"wp:attachment":[{"href":"https:\/\/onlinehardwareshop.de\/index.php\/wp-json\/wp\/v2\/media?parent=84875"}],"wp:term":[{"taxonomy":"brand","embeddable":true,"href":"https:\/\/onlinehardwareshop.de\/index.php\/wp-json\/wp\/v2\/brand?post=84875"},{"taxonomy":"product_brand","embeddable":true,"href":"https:\/\/onlinehardwareshop.de\/index.php\/wp-json\/wp\/v2\/product_brand?post=84875"},{"taxonomy":"product_cat","embeddable":true,"href":"https:\/\/onlinehardwareshop.de\/index.php\/wp-json\/wp\/v2\/product_cat?post=84875"},{"taxonomy":"product_tag","embeddable":true,"href":"https:\/\/onlinehardwareshop.de\/index.php\/wp-json\/wp\/v2\/product_tag?post=84875"}],"curies":[{"name":"wp","href":"https:\/\/api.w.org\/{rel}","templated":true}]}}