{"id":84861,"date":"2025-01-09T01:14:16","date_gmt":"2025-01-09T01:14:16","guid":{"rendered":"https:\/\/onlinehardwareshop.de\/index.php\/produkt\/princess-sandwich-maker-supreme-xxl\/"},"modified":"2025-05-14T05:33:11","modified_gmt":"2025-05-14T05:33:11","slug":"princess-sandwich-maker-supreme-xxl","status":"publish","type":"product","link":"https:\/\/onlinehardwareshop.de\/index.php\/produkt\/princess-sandwich-maker-supreme-xxl\/","title":{"rendered":"Princess Sandwich Maker Supreme XXL"},"content":{"rendered":"<p>Mit dem Princess Sandwich Maker Supreme XXL bereitest du dank der gro\u00dfen Oberfl\u00e4che der Backbleche vier Sandwiches gleichzeitig zu. Wenn du den Sandwichmaker einschaltest, w\u00e4rmt sich der Grill dank der starken Leistung von 1.600 Watt innerhalb kurzer Zeit auf. Die Temperaturleuchte zeigt anschlie\u00dfend an, wann du die Brotscheiben auf die Platte legen solltest. Die Backbleche sind mit einer guten Antihaftbeschichtung ausgestattet. Dadurch bleiben keine K\u00e4se- oder Brotreste kleben und du reinigst sie nach der Nutzung problemlos. Bitte beachte, dass die Platten nicht sp\u00fclmaschinenfest sind. Ist der Grill wieder komplett sauber? Dann verstaust du den Sandwichmaker sowohl hochkant als auch liegend. Das ist praktisch, denn so sparst du Platz in deinem K\u00fcchenschrank.<\/p>\n","protected":false},"excerpt":{"rendered":"<p>Mit dem Princess Sandwich Maker Supreme XXL bereitest du dank der gro\u00dfen Oberfl\u00e4che der Backbleche vier Sandwiches gleichzeitig zu. Wenn du den Sandwichmaker einschaltest, w\u00e4rmt sich der Grill dank der starken Leistung von 1.600 Watt innerhalb kurzer Zeit auf. Die Temperaturleuchte zeigt anschlie\u00dfend an, wann du die Brotscheiben auf die Platte legen solltest. Die Backbleche sind mit einer guten Antihaftbeschichtung ausgestattet. Dadurch bleiben keine K\u00e4se- oder Brotreste kleben und du reinigst sie nach der Nutzung problemlos. Bitte beachte, dass die Platten nicht sp\u00fclmaschinenfest sind. Ist der Grill wieder komplett sauber? Dann verstaust du den Sandwichmaker sowohl hochkant als auch liegend. Das ist praktisch, denn so sparst du Platz in deinem K\u00fcchenschrank.<\/p>\n","protected":false},"featured_media":0,"comment_status":"closed","ping_status":"open","template":"","meta":{"_acf_changed":false},"brand":[1137],"product_brand":[],"product_cat":[300],"product_tag":[301],"class_list":{"0":"post-84861","1":"product","2":"type-product","3":"status-publish","5":"brand-princess","6":"product_cat-kontaktgrills","7":"product_tag-contactgrills","8":"pa_condition-new","9":"pa_coolblue-de-verzending-morgen-gratis-geliefert","10":"pa_ean-10418","11":"pa_mpn-01-127006-01-001","13":"first","14":"instock","15":"product-type-external"},"acf":[],"_links":{"self":[{"href":"https:\/\/onlinehardwareshop.de\/index.php\/wp-json\/wp\/v2\/product\/84861","targetHints":{"allow":["GET"]}}],"collection":[{"href":"https:\/\/onlinehardwareshop.de\/index.php\/wp-json\/wp\/v2\/product"}],"about":[{"href":"https:\/\/onlinehardwareshop.de\/index.php\/wp-json\/wp\/v2\/types\/product"}],"replies":[{"embeddable":true,"href":"https:\/\/onlinehardwareshop.de\/index.php\/wp-json\/wp\/v2\/comments?post=84861"}],"wp:attachment":[{"href":"https:\/\/onlinehardwareshop.de\/index.php\/wp-json\/wp\/v2\/media?parent=84861"}],"wp:term":[{"taxonomy":"brand","embeddable":true,"href":"https:\/\/onlinehardwareshop.de\/index.php\/wp-json\/wp\/v2\/brand?post=84861"},{"taxonomy":"product_brand","embeddable":true,"href":"https:\/\/onlinehardwareshop.de\/index.php\/wp-json\/wp\/v2\/product_brand?post=84861"},{"taxonomy":"product_cat","embeddable":true,"href":"https:\/\/onlinehardwareshop.de\/index.php\/wp-json\/wp\/v2\/product_cat?post=84861"},{"taxonomy":"product_tag","embeddable":true,"href":"https:\/\/onlinehardwareshop.de\/index.php\/wp-json\/wp\/v2\/product_tag?post=84861"}],"curies":[{"name":"wp","href":"https:\/\/api.w.org\/{rel}","templated":true}]}}