{"id":84841,"date":"2025-02-03T00:28:32","date_gmt":"2025-02-03T00:28:32","guid":{"rendered":"https:\/\/onlinehardwareshop.de\/index.php\/produkt\/krcher-k5-power-control-flex\/"},"modified":"2025-05-14T03:02:34","modified_gmt":"2025-05-14T03:02:34","slug":"krcher-k5-power-control-flex","status":"publish","type":"product","link":"https:\/\/onlinehardwareshop.de\/index.php\/produkt\/krcher-k5-power-control-flex\/","title":{"rendered":"K&#xE4;rcher K5 Power Control Flex"},"content":{"rendered":"<p>Der K\u00e4rcher K5 Power Control Flex eignet sich f\u00fcr durchschnittliche Reinigungsarbeiten wie die Reinigung eines Autos, Boots, Zauns oder von Gartenger\u00e4ten. Mit einem Arbeitsdruck von 145\u00a0bar und einer F\u00f6rdermenge von 500 Litern pro Stunde hast du genug Leistung, um Schmutz wegzuspr\u00fchen. Mit dem 10 Meter langen Hochdruckschlauch erreichst du m\u00fchelos alle Ecken. Stelle den Arbeitsdruck \u00fcber die Spr\u00fchlanze ein und lade die zugeh\u00f6rige App herunter, um zus\u00e4tzliche Tipps zu erhalten, zum Beispiel die Wahl des richtigen Drucks pro Objekt. Bei hartn\u00e4ckigen Verschmutzungen gibst du Reinigungsmittel (nicht mitgeliefert) zu, damit auch hartn\u00e4ckiger Schmutz keine Chance hat.<\/p>\n","protected":false},"excerpt":{"rendered":"<p>Der K\u00e4rcher K5 Power Control Flex eignet sich f\u00fcr durchschnittliche Reinigungsarbeiten wie die Reinigung eines Autos, Boots, Zauns oder von Gartenger\u00e4ten. Mit einem Arbeitsdruck von 145\u00a0bar und einer F\u00f6rdermenge von 500 Litern pro Stunde hast du genug Leistung, um Schmutz wegzuspr\u00fchen. Mit dem 10 Meter langen Hochdruckschlauch erreichst du m\u00fchelos alle Ecken. Stelle den Arbeitsdruck \u00fcber die Spr\u00fchlanze ein und lade die zugeh\u00f6rige App herunter, um zus\u00e4tzliche Tipps zu erhalten, zum Beispiel die Wahl des richtigen Drucks pro Objekt. Bei hartn\u00e4ckigen Verschmutzungen gibst du Reinigungsmittel (nicht mitgeliefert) zu, damit auch hartn\u00e4ckiger Schmutz keine Chance hat.<\/p>\n","protected":false},"featured_media":0,"comment_status":"closed","ping_status":"open","template":"","meta":{"_acf_changed":false},"brand":[294],"product_brand":[],"product_cat":[2722],"product_tag":[2723],"class_list":{"0":"post-84841","1":"product","2":"type-product","3":"status-publish","5":"brand-karcher","6":"product_cat-hochdruckreiniger","7":"product_tag-hogedrukreinigers","8":"pa_condition-new","9":"pa_coolblue-de-verzending-morgen-gratis-geliefert","10":"pa_ean-31777","11":"pa_mpn-1-324-700-0","13":"first","14":"instock","15":"product-type-external"},"acf":[],"_links":{"self":[{"href":"https:\/\/onlinehardwareshop.de\/index.php\/wp-json\/wp\/v2\/product\/84841","targetHints":{"allow":["GET"]}}],"collection":[{"href":"https:\/\/onlinehardwareshop.de\/index.php\/wp-json\/wp\/v2\/product"}],"about":[{"href":"https:\/\/onlinehardwareshop.de\/index.php\/wp-json\/wp\/v2\/types\/product"}],"replies":[{"embeddable":true,"href":"https:\/\/onlinehardwareshop.de\/index.php\/wp-json\/wp\/v2\/comments?post=84841"}],"wp:attachment":[{"href":"https:\/\/onlinehardwareshop.de\/index.php\/wp-json\/wp\/v2\/media?parent=84841"}],"wp:term":[{"taxonomy":"brand","embeddable":true,"href":"https:\/\/onlinehardwareshop.de\/index.php\/wp-json\/wp\/v2\/brand?post=84841"},{"taxonomy":"product_brand","embeddable":true,"href":"https:\/\/onlinehardwareshop.de\/index.php\/wp-json\/wp\/v2\/product_brand?post=84841"},{"taxonomy":"product_cat","embeddable":true,"href":"https:\/\/onlinehardwareshop.de\/index.php\/wp-json\/wp\/v2\/product_cat?post=84841"},{"taxonomy":"product_tag","embeddable":true,"href":"https:\/\/onlinehardwareshop.de\/index.php\/wp-json\/wp\/v2\/product_tag?post=84841"}],"curies":[{"name":"wp","href":"https:\/\/api.w.org\/{rel}","templated":true}]}}