{"id":84791,"date":"2024-12-13T22:49:36","date_gmt":"2024-12-13T22:49:36","guid":{"rendered":"https:\/\/onlinehardwareshop.de\/index.php\/produkt\/sharp-r-941bkw\/"},"modified":"2025-05-16T14:41:29","modified_gmt":"2025-05-16T14:41:29","slug":"sharp-r-941bkw","status":"publish","type":"product","link":"https:\/\/onlinehardwareshop.de\/index.php\/produkt\/sharp-r-941bkw\/","title":{"rendered":"Sharp R-941BKW"},"content":{"rendered":"<p>Der Sharp R-941 BKW hat eine Leistung von 1.050 Watt, damit du dein Essen schnell aufw\u00e4rmen kannst. Und mithilfe der Invertertechnologie kannst du den Curry von gestern gleichm\u00e4\u00dfig erhitzen. Die Mikrowelle hat einen Durchmesser von 36,2 Zentimetern. So hast du auf der Drehscheibe genug Platz f\u00fcr eine gro\u00dfe Schale Lasagne. Mit der Oberhitze, dem flexibilen Garraum, dem Grill und der Hei\u00dfluftfunktion hast du viel Freiheit bei der Zubereitung von Mahlzeiten. Die Mikrowelle hat zwei Einschubh\u00f6hen, so dass du zwei Pizzas gleichzeitig backen kannst. Und der spezielle Pizzastand verleiht deiner Pizza einen leckeren knusprigen Boden.<\/p>\n","protected":false},"excerpt":{"rendered":"<p>Der Sharp R-941 BKW hat eine Leistung von 1.050 Watt, damit du dein Essen schnell aufw\u00e4rmen kannst. Und mithilfe der Invertertechnologie kannst du den Curry von gestern gleichm\u00e4\u00dfig erhitzen. Die Mikrowelle hat einen Durchmesser von 36,2 Zentimetern. So hast du auf der Drehscheibe genug Platz f\u00fcr eine gro\u00dfe Schale Lasagne. Mit der Oberhitze, dem flexibilen Garraum, dem Grill und der Hei\u00dfluftfunktion hast du viel Freiheit bei der Zubereitung von Mahlzeiten. Die Mikrowelle hat zwei Einschubh\u00f6hen, so dass du zwei Pizzas gleichzeitig backen kannst. Und der spezielle Pizzastand verleiht deiner Pizza einen leckeren knusprigen Boden.<\/p>\n","protected":false},"featured_media":0,"comment_status":"closed","ping_status":"open","template":"","meta":{"_acf_changed":false},"brand":[926],"product_brand":[],"product_cat":[927],"product_tag":[928],"class_list":{"0":"post-84791","1":"product","2":"type-product","3":"status-publish","5":"brand-sharp","6":"product_cat-mikrowellen","7":"product_tag-vrijstaande-combimagnetrons","8":"pa_condition-new","9":"pa_coolblue-de-verzending-morgen-gratis-geliefert","10":"pa_ean-924","11":"pa_mpn-r-941bkw","13":"first","14":"instock","15":"product-type-external"},"acf":[],"_links":{"self":[{"href":"https:\/\/onlinehardwareshop.de\/index.php\/wp-json\/wp\/v2\/product\/84791","targetHints":{"allow":["GET"]}}],"collection":[{"href":"https:\/\/onlinehardwareshop.de\/index.php\/wp-json\/wp\/v2\/product"}],"about":[{"href":"https:\/\/onlinehardwareshop.de\/index.php\/wp-json\/wp\/v2\/types\/product"}],"replies":[{"embeddable":true,"href":"https:\/\/onlinehardwareshop.de\/index.php\/wp-json\/wp\/v2\/comments?post=84791"}],"wp:attachment":[{"href":"https:\/\/onlinehardwareshop.de\/index.php\/wp-json\/wp\/v2\/media?parent=84791"}],"wp:term":[{"taxonomy":"brand","embeddable":true,"href":"https:\/\/onlinehardwareshop.de\/index.php\/wp-json\/wp\/v2\/brand?post=84791"},{"taxonomy":"product_brand","embeddable":true,"href":"https:\/\/onlinehardwareshop.de\/index.php\/wp-json\/wp\/v2\/product_brand?post=84791"},{"taxonomy":"product_cat","embeddable":true,"href":"https:\/\/onlinehardwareshop.de\/index.php\/wp-json\/wp\/v2\/product_cat?post=84791"},{"taxonomy":"product_tag","embeddable":true,"href":"https:\/\/onlinehardwareshop.de\/index.php\/wp-json\/wp\/v2\/product_tag?post=84791"}],"curies":[{"name":"wp","href":"https:\/\/api.w.org\/{rel}","templated":true}]}}