{"id":84778,"date":"2024-03-30T02:20:07","date_gmt":"2024-03-30T02:20:07","guid":{"rendered":"https:\/\/onlinehardwareshop.de\/index.php\/produkt\/bowers-4\/"},"modified":"2025-05-14T19:33:01","modified_gmt":"2025-05-14T19:33:01","slug":"bowers-4","status":"publish","type":"product","link":"https:\/\/onlinehardwareshop.de\/index.php\/produkt\/bowers-4\/","title":{"rendered":"Bowers &#038; Wilkins Px7 S3 Wei&#xDF;"},"content":{"rendered":"<p>Genie\u00dfe mit dem Bowers &#038; Wilkins Px7 S3 Wei\u00df deine Lieblingsmusik in aller Ruhe. Dank des starken Noise Cancellings h\u00f6rst du fast nichts von deiner Umgebung. Dadurch arbeitest du in einem belebten B\u00fcro konzentriert oder f\u00e4hrst ungest\u00f6rt mit den \u00f6ffentlichen Verkehrsmitteln. Der TrueSound Modus sorgt f\u00fcr eine naturgetreue Audiowiedergabe, der Ton klingt klar und ausgewogen. Du h\u00f6rst die Musik dadurch so, wie der K\u00fcnstler es beabsichtigt hat. Dank des Trageerkennungssensors wei\u00df der Kopfh\u00f6rer, wann du ihn tr\u00e4gst und wann nicht. Somit h\u00e4lt er die Musik an, wenn du ihn absetzt, wodurch du nichts von deiner Playlist verpasst. Die Musikwiedergabe setzt fort, wenn du den Kopfh\u00f6rer wieder aufsetzt. Mit 30 Stunden Akkulaufzeit h\u00f6rst du lange am St\u00fcck Musik. Nach 15 Minuten Laden nutzt du ihn wieder f\u00fcr 7 Stunden.<\/p>\n","protected":false},"excerpt":{"rendered":"<p>Genie\u00dfe mit dem Bowers &#038; Wilkins Px7 S3 Wei\u00df deine Lieblingsmusik in aller Ruhe. Dank des starken Noise Cancellings h\u00f6rst du fast nichts von deiner Umgebung. Dadurch arbeitest du in einem belebten B\u00fcro konzentriert oder f\u00e4hrst ungest\u00f6rt mit den \u00f6ffentlichen Verkehrsmitteln. Der TrueSound Modus sorgt f\u00fcr eine naturgetreue Audiowiedergabe, der Ton klingt klar und ausgewogen. Du h\u00f6rst die Musik dadurch so, wie der K\u00fcnstler es beabsichtigt hat. Dank des Trageerkennungssensors wei\u00df der Kopfh\u00f6rer, wann du ihn tr\u00e4gst und wann nicht. Somit h\u00e4lt er die Musik an, wenn du ihn absetzt, wodurch du nichts von deiner Playlist verpasst. Die Musikwiedergabe setzt fort, wenn du den Kopfh\u00f6rer wieder aufsetzt. Mit 30 Stunden Akkulaufzeit h\u00f6rst du lange am St\u00fcck Musik. Nach 15 Minuten Laden nutzt du ihn wieder f\u00fcr 7 Stunden.<\/p>\n","protected":false},"featured_media":0,"comment_status":"closed","ping_status":"open","template":"","meta":{"_acf_changed":false},"brand":[2159],"product_brand":[],"product_cat":[1182],"product_tag":[5609],"class_list":{"0":"post-84778","1":"product","2":"type-product","3":"status-publish","5":"brand-bowers-wilkins","6":"product_cat-kopfhrer","7":"product_tag-hoofdtelefoons-met-noisecancelling","8":"pa_condition-new","9":"pa_coolblue-de-verzending-morgen-gratis-geliefert","10":"pa_ean-34119","11":"pa_mpn-fp45357","13":"first","14":"instock","15":"product-type-external"},"acf":[],"_links":{"self":[{"href":"https:\/\/onlinehardwareshop.de\/index.php\/wp-json\/wp\/v2\/product\/84778","targetHints":{"allow":["GET"]}}],"collection":[{"href":"https:\/\/onlinehardwareshop.de\/index.php\/wp-json\/wp\/v2\/product"}],"about":[{"href":"https:\/\/onlinehardwareshop.de\/index.php\/wp-json\/wp\/v2\/types\/product"}],"replies":[{"embeddable":true,"href":"https:\/\/onlinehardwareshop.de\/index.php\/wp-json\/wp\/v2\/comments?post=84778"}],"wp:attachment":[{"href":"https:\/\/onlinehardwareshop.de\/index.php\/wp-json\/wp\/v2\/media?parent=84778"}],"wp:term":[{"taxonomy":"brand","embeddable":true,"href":"https:\/\/onlinehardwareshop.de\/index.php\/wp-json\/wp\/v2\/brand?post=84778"},{"taxonomy":"product_brand","embeddable":true,"href":"https:\/\/onlinehardwareshop.de\/index.php\/wp-json\/wp\/v2\/product_brand?post=84778"},{"taxonomy":"product_cat","embeddable":true,"href":"https:\/\/onlinehardwareshop.de\/index.php\/wp-json\/wp\/v2\/product_cat?post=84778"},{"taxonomy":"product_tag","embeddable":true,"href":"https:\/\/onlinehardwareshop.de\/index.php\/wp-json\/wp\/v2\/product_tag?post=84778"}],"curies":[{"name":"wp","href":"https:\/\/api.w.org\/{rel}","templated":true}]}}