{"id":84770,"date":"2025-01-14T19:18:24","date_gmt":"2025-01-14T19:18:24","guid":{"rendered":"https:\/\/onlinehardwareshop.de\/index.php\/produkt\/philips-daily-collection-hd2590-90\/"},"modified":"2025-05-14T19:15:35","modified_gmt":"2025-05-14T19:15:35","slug":"philips-daily-collection-hd2590-90","status":"publish","type":"product","link":"https:\/\/onlinehardwareshop.de\/index.php\/produkt\/philips-daily-collection-hd2590-90\/","title":{"rendered":"Philips Daily Collection HD2590\/90"},"content":{"rendered":"<p>Mit dem Philips Daily Collection HD2590\/90 toastest du dank des langen Toastschlitzes ganz einfach Brot in verschiedenen Gr\u00f6\u00dfen und L\u00e4ngen. Das ist praktisch, wenn du eine lange Scheibe, zwei normale Scheiben oder drei kleine Scheiben gleichzeitig toasten m\u00f6chtest. Der Toaster verf\u00fcgt \u00fcber acht Stufen, mit denen du selbst entscheidest, wie knusprig und braun dein Toast sein soll. Mit der Auftaufunktion toastest du au\u00dferdem gefrorenes Brot auf Knopfdruck. Das Brot wird auf niedriger Stufe getoastet und ist so im Handumdrehen aufgetaut. Mit dem Br\u00f6tchenaufsatz w\u00e4rmst du Br\u00f6tchen und Geb\u00e4ck ganz einfach auf. So genie\u00dft du jederzeit ein warmes Croissant oder ein knuspriges Br\u00f6tchen, ohne es in den Toastschlitz zu stecken.<\/p>\n","protected":false},"excerpt":{"rendered":"<p>Mit dem Philips Daily Collection HD2590\/90 toastest du dank des langen Toastschlitzes ganz einfach Brot in verschiedenen Gr\u00f6\u00dfen und L\u00e4ngen. Das ist praktisch, wenn du eine lange Scheibe, zwei normale Scheiben oder drei kleine Scheiben gleichzeitig toasten m\u00f6chtest. Der Toaster verf\u00fcgt \u00fcber acht Stufen, mit denen du selbst entscheidest, wie knusprig und braun dein Toast sein soll. Mit der Auftaufunktion toastest du au\u00dferdem gefrorenes Brot auf Knopfdruck. Das Brot wird auf niedriger Stufe getoastet und ist so im Handumdrehen aufgetaut. Mit dem Br\u00f6tchenaufsatz w\u00e4rmst du Br\u00f6tchen und Geb\u00e4ck ganz einfach auf. So genie\u00dft du jederzeit ein warmes Croissant oder ein knuspriges Br\u00f6tchen, ohne es in den Toastschlitz zu stecken.<\/p>\n","protected":false},"featured_media":0,"comment_status":"closed","ping_status":"open","template":"","meta":{"_acf_changed":false},"brand":[1382],"product_brand":[],"product_cat":[283],"product_tag":[284],"class_list":{"0":"post-84770","1":"product","2":"type-product","3":"status-publish","5":"brand-philips","6":"product_cat-toaster","7":"product_tag-broodroosters","8":"pa_condition-new","9":"pa_coolblue-de-verzending-morgen-gratis-geliefert","10":"pa_ean-33244","11":"pa_mpn-hd2590-90","13":"first","14":"instock","15":"product-type-external"},"acf":[],"_links":{"self":[{"href":"https:\/\/onlinehardwareshop.de\/index.php\/wp-json\/wp\/v2\/product\/84770","targetHints":{"allow":["GET"]}}],"collection":[{"href":"https:\/\/onlinehardwareshop.de\/index.php\/wp-json\/wp\/v2\/product"}],"about":[{"href":"https:\/\/onlinehardwareshop.de\/index.php\/wp-json\/wp\/v2\/types\/product"}],"replies":[{"embeddable":true,"href":"https:\/\/onlinehardwareshop.de\/index.php\/wp-json\/wp\/v2\/comments?post=84770"}],"wp:attachment":[{"href":"https:\/\/onlinehardwareshop.de\/index.php\/wp-json\/wp\/v2\/media?parent=84770"}],"wp:term":[{"taxonomy":"brand","embeddable":true,"href":"https:\/\/onlinehardwareshop.de\/index.php\/wp-json\/wp\/v2\/brand?post=84770"},{"taxonomy":"product_brand","embeddable":true,"href":"https:\/\/onlinehardwareshop.de\/index.php\/wp-json\/wp\/v2\/product_brand?post=84770"},{"taxonomy":"product_cat","embeddable":true,"href":"https:\/\/onlinehardwareshop.de\/index.php\/wp-json\/wp\/v2\/product_cat?post=84770"},{"taxonomy":"product_tag","embeddable":true,"href":"https:\/\/onlinehardwareshop.de\/index.php\/wp-json\/wp\/v2\/product_tag?post=84770"}],"curies":[{"name":"wp","href":"https:\/\/api.w.org\/{rel}","templated":true}]}}