{"id":84767,"date":"2024-08-17T12:25:43","date_gmt":"2024-08-17T12:25:43","guid":{"rendered":"https:\/\/onlinehardwareshop.de\/index.php\/produkt\/severin-wk-3480\/"},"modified":"2025-05-14T19:12:15","modified_gmt":"2025-05-14T19:12:15","slug":"severin-wk-3480","status":"publish","type":"product","link":"https:\/\/onlinehardwareshop.de\/index.php\/produkt\/severin-wk-3480\/","title":{"rendered":"Severin WK 3480"},"content":{"rendered":"<p>Im Severin WK 3480 Wasserkocher kochst du 1,7 Liter Wasser und bereitest Tee zu. Du w\u00e4hlst aus sieben verschiedenen Temperatureinstellungen zwischen 40 und 100 Grad Celsius. Damit wird auch Wasser f\u00fcr die Zubereitung von Babynahrung oder empfindlichen Tees nicht zu hei\u00df. So sch\u00fctzt du N\u00e4hrstoffe und Geschmack. Der Wasserkocher und das mitgelieferte Teesieb erm\u00f6glichen es dir, Tee direkt im Kessel zu kochen. W\u00e4hle daf\u00fcr eins der automatischen Programme f\u00fcr schwarzen, wei\u00dfen oder gr\u00fcnen Tee. Auch f\u00fcr Oolong und Kr\u00e4utertee gibt es spezielle Einstellungen. Temperatur und Ziehzeit sind an die Teesorten angepasst. Anschlie\u00dfend hast du die M\u00f6glichkeit, die Warmhaltefunktion des Severin Wasserkochers zu aktivieren. Auf diese Weise bleiben Tee oder Wasser f\u00fcr 30 Minuten auf der gew\u00fcnschten Temperatur.<\/p>\n","protected":false},"excerpt":{"rendered":"<p>Im Severin WK 3480 Wasserkocher kochst du 1,7 Liter Wasser und bereitest Tee zu. Du w\u00e4hlst aus sieben verschiedenen Temperatureinstellungen zwischen 40 und 100 Grad Celsius. Damit wird auch Wasser f\u00fcr die Zubereitung von Babynahrung oder empfindlichen Tees nicht zu hei\u00df. So sch\u00fctzt du N\u00e4hrstoffe und Geschmack. Der Wasserkocher und das mitgelieferte Teesieb erm\u00f6glichen es dir, Tee direkt im Kessel zu kochen. W\u00e4hle daf\u00fcr eins der automatischen Programme f\u00fcr schwarzen, wei\u00dfen oder gr\u00fcnen Tee. Auch f\u00fcr Oolong und Kr\u00e4utertee gibt es spezielle Einstellungen. Temperatur und Ziehzeit sind an die Teesorten angepasst. Anschlie\u00dfend hast du die M\u00f6glichkeit, die Warmhaltefunktion des Severin Wasserkochers zu aktivieren. Auf diese Weise bleiben Tee oder Wasser f\u00fcr 30 Minuten auf der gew\u00fcnschten Temperatur.<\/p>\n","protected":false},"featured_media":0,"comment_status":"closed","ping_status":"open","template":"","meta":{"_acf_changed":false},"brand":[12235],"product_brand":[],"product_cat":[716],"product_tag":[717],"class_list":{"0":"post-84767","1":"product","2":"type-product","3":"status-publish","5":"brand-severin","6":"product_cat-wasserkocher","7":"product_tag-waterkokers","8":"pa_condition-new","9":"pa_coolblue-de-verzending-morgen-gratis-geliefert","10":"pa_ean-33697","11":"pa_mpn-rd107678","13":"first","14":"instock","15":"product-type-external"},"acf":[],"_links":{"self":[{"href":"https:\/\/onlinehardwareshop.de\/index.php\/wp-json\/wp\/v2\/product\/84767","targetHints":{"allow":["GET"]}}],"collection":[{"href":"https:\/\/onlinehardwareshop.de\/index.php\/wp-json\/wp\/v2\/product"}],"about":[{"href":"https:\/\/onlinehardwareshop.de\/index.php\/wp-json\/wp\/v2\/types\/product"}],"replies":[{"embeddable":true,"href":"https:\/\/onlinehardwareshop.de\/index.php\/wp-json\/wp\/v2\/comments?post=84767"}],"wp:attachment":[{"href":"https:\/\/onlinehardwareshop.de\/index.php\/wp-json\/wp\/v2\/media?parent=84767"}],"wp:term":[{"taxonomy":"brand","embeddable":true,"href":"https:\/\/onlinehardwareshop.de\/index.php\/wp-json\/wp\/v2\/brand?post=84767"},{"taxonomy":"product_brand","embeddable":true,"href":"https:\/\/onlinehardwareshop.de\/index.php\/wp-json\/wp\/v2\/product_brand?post=84767"},{"taxonomy":"product_cat","embeddable":true,"href":"https:\/\/onlinehardwareshop.de\/index.php\/wp-json\/wp\/v2\/product_cat?post=84767"},{"taxonomy":"product_tag","embeddable":true,"href":"https:\/\/onlinehardwareshop.de\/index.php\/wp-json\/wp\/v2\/product_tag?post=84767"}],"curies":[{"name":"wp","href":"https:\/\/api.w.org\/{rel}","templated":true}]}}