{"id":84668,"date":"2024-09-17T03:17:41","date_gmt":"2024-09-17T03:17:41","guid":{"rendered":"https:\/\/onlinehardwareshop.de\/index.php\/produkt\/dewalt-kreissgeblatt-set-305mm-3-teilig-24t-48t-60t\/"},"modified":"2025-05-14T13:09:01","modified_gmt":"2025-05-14T13:09:01","slug":"dewalt-kreissgeblatt-set-305mm-3-teilig-24t-48t-60t","status":"publish","type":"product","link":"https:\/\/onlinehardwareshop.de\/index.php\/produkt\/dewalt-kreissgeblatt-set-305mm-3-teilig-24t-48t-60t\/","title":{"rendered":"DeWalt Kreiss&#xE4;geblatt-Set 305&#xA0;mm 3-teilig 24&#xA0;T \/ 48&#xA0;T \/ 60&#xA0;T"},"content":{"rendered":"<p>In diesem DeWalt Kreiss\u00e4geblatt-Set 305\u00a0mm 3-teilig 24\/48\/60\u00a0T befinden sich drei S\u00e4gebl\u00e4tter f\u00fcr Holz, MDF und Laminat. Die S\u00e4gebl\u00e4tter haben 24, 48 und 60 Z\u00e4hne, sodass du dein Material im Nu durchs\u00e4gst. Au\u00dferdem sind sie robust und nagelfest. Die Kreiss\u00e4gebl\u00e4tter haben einen Au\u00dfendurchschnitt von 305\u00a0mm und eine Bohrung von 30\u00a0mm. \u00dcberpr\u00fcfe vorab genau, ob sie zu deiner S\u00e4ge passen.<\/p>\n","protected":false},"excerpt":{"rendered":"<p>In diesem DeWalt Kreiss\u00e4geblatt-Set 305\u00a0mm 3-teilig 24\/48\/60\u00a0T befinden sich drei S\u00e4gebl\u00e4tter f\u00fcr Holz, MDF und Laminat. Die S\u00e4gebl\u00e4tter haben 24, 48 und 60 Z\u00e4hne, sodass du dein Material im Nu durchs\u00e4gst. Au\u00dferdem sind sie robust und nagelfest. Die Kreiss\u00e4gebl\u00e4tter haben einen Au\u00dfendurchschnitt von 305\u00a0mm und eine Bohrung von 30\u00a0mm. \u00dcberpr\u00fcfe vorab genau, ob sie zu deiner S\u00e4ge passen.<\/p>\n","protected":false},"featured_media":0,"comment_status":"closed","ping_status":"open","template":"","meta":{"_acf_changed":false},"brand":[980],"product_brand":[],"product_cat":[333],"product_tag":[334],"class_list":{"0":"post-84668","1":"product","2":"type-product","3":"status-publish","5":"brand-dewalt","6":"product_cat-sgebltter","7":"product_tag-zaagbladen","8":"pa_condition-new","9":"pa_coolblue-de-verzending-morgen-gratis-geliefert","10":"pa_ean-21719","11":"pa_mpn-dt1964-qz","13":"first","14":"instock","15":"product-type-external"},"acf":[],"_links":{"self":[{"href":"https:\/\/onlinehardwareshop.de\/index.php\/wp-json\/wp\/v2\/product\/84668","targetHints":{"allow":["GET"]}}],"collection":[{"href":"https:\/\/onlinehardwareshop.de\/index.php\/wp-json\/wp\/v2\/product"}],"about":[{"href":"https:\/\/onlinehardwareshop.de\/index.php\/wp-json\/wp\/v2\/types\/product"}],"replies":[{"embeddable":true,"href":"https:\/\/onlinehardwareshop.de\/index.php\/wp-json\/wp\/v2\/comments?post=84668"}],"wp:attachment":[{"href":"https:\/\/onlinehardwareshop.de\/index.php\/wp-json\/wp\/v2\/media?parent=84668"}],"wp:term":[{"taxonomy":"brand","embeddable":true,"href":"https:\/\/onlinehardwareshop.de\/index.php\/wp-json\/wp\/v2\/brand?post=84668"},{"taxonomy":"product_brand","embeddable":true,"href":"https:\/\/onlinehardwareshop.de\/index.php\/wp-json\/wp\/v2\/product_brand?post=84668"},{"taxonomy":"product_cat","embeddable":true,"href":"https:\/\/onlinehardwareshop.de\/index.php\/wp-json\/wp\/v2\/product_cat?post=84668"},{"taxonomy":"product_tag","embeddable":true,"href":"https:\/\/onlinehardwareshop.de\/index.php\/wp-json\/wp\/v2\/product_tag?post=84668"}],"curies":[{"name":"wp","href":"https:\/\/api.w.org\/{rel}","templated":true}]}}