{"id":84629,"date":"2025-01-31T11:48:37","date_gmt":"2025-01-31T11:48:37","guid":{"rendered":"https:\/\/onlinehardwareshop.de\/index.php\/produkt\/krcher-k7-premium-smart-control-flex-car-home-paket\/"},"modified":"2025-05-14T10:10:38","modified_gmt":"2025-05-14T10:10:38","slug":"krcher-k7-premium-smart-control-flex-car-home-paket","status":"publish","type":"product","link":"https:\/\/onlinehardwareshop.de\/index.php\/produkt\/krcher-k7-premium-smart-control-flex-car-home-paket\/","title":{"rendered":"K&#xE4;rcher K7 Premium Smart Control Flex Car &#038; Home Paket"},"content":{"rendered":"<p>Mit dem K\u00e4rcher K7 Premium Smart Control Flex Car &#038; Home Paket machst du dein Auto oder deine Terrasse schnell und effektiv sauber. Dieser kr\u00e4ftige Hochdruckreiniger entfernt hartn\u00e4ckigen Schmutz von verschiedenen Oberfl\u00e4chen. Der Fl\u00e4chenreiniger sorgt f\u00fcr eine sichere Reinigung, ohne deine Fliesen zu besch\u00e4digen. F\u00fcr dein Auto verwendest du die Waschb\u00fcrste und die Felgenb\u00fcrste, um den Lack frei von Kratzern zu halten. Schwierige Stellen reinigst du problemlos mit der Dreckfr\u00e4se und einer Spr\u00fchlanze. Das Set umfasst drei Flaschen Waschmittel, sodass du lange weiterarbeitest. Der Wasserfilter sch\u00fctzt den Hochdruckreiniger vor Schmutz und in der praktischen Schlauchtrommel bewahrst du den Schlauch schnell und knickfrei auf. Mit dem zehn Meter langen, flexiblen Hochdruckschlauch erreichst du problemlos alle Ecken. Verbinde das Ger\u00e4t \u00fcber Bluetooth mit der App, um Tipps und einen Einblick in deinen Wasserverbrauch zu erhalten.<\/p>\n","protected":false},"excerpt":{"rendered":"<p>Mit dem K\u00e4rcher K7 Premium Smart Control Flex Car &#038; Home Paket machst du dein Auto oder deine Terrasse schnell und effektiv sauber. Dieser kr\u00e4ftige Hochdruckreiniger entfernt hartn\u00e4ckigen Schmutz von verschiedenen Oberfl\u00e4chen. Der Fl\u00e4chenreiniger sorgt f\u00fcr eine sichere Reinigung, ohne deine Fliesen zu besch\u00e4digen. F\u00fcr dein Auto verwendest du die Waschb\u00fcrste und die Felgenb\u00fcrste, um den Lack frei von Kratzern zu halten. Schwierige Stellen reinigst du problemlos mit der Dreckfr\u00e4se und einer Spr\u00fchlanze. Das Set umfasst drei Flaschen Waschmittel, sodass du lange weiterarbeitest. Der Wasserfilter sch\u00fctzt den Hochdruckreiniger vor Schmutz und in der praktischen Schlauchtrommel bewahrst du den Schlauch schnell und knickfrei auf. Mit dem zehn Meter langen, flexiblen Hochdruckschlauch erreichst du problemlos alle Ecken. Verbinde das Ger\u00e4t \u00fcber Bluetooth mit der App, um Tipps und einen Einblick in deinen Wasserverbrauch zu erhalten.<\/p>\n","protected":false},"featured_media":0,"comment_status":"closed","ping_status":"open","template":"","meta":{"_acf_changed":false},"brand":[294],"product_brand":[],"product_cat":[2722],"product_tag":[2723],"class_list":{"0":"post-84629","1":"product","2":"type-product","3":"status-publish","5":"brand-karcher","6":"product_cat-hochdruckreiniger","7":"product_tag-hogedrukreinigers","8":"pa_condition-new","9":"pa_coolblue-de-verzending-morgen-gratis-geliefert","10":"pa_ean-17338","12":"first","13":"instock","14":"product-type-external"},"acf":[],"_links":{"self":[{"href":"https:\/\/onlinehardwareshop.de\/index.php\/wp-json\/wp\/v2\/product\/84629","targetHints":{"allow":["GET"]}}],"collection":[{"href":"https:\/\/onlinehardwareshop.de\/index.php\/wp-json\/wp\/v2\/product"}],"about":[{"href":"https:\/\/onlinehardwareshop.de\/index.php\/wp-json\/wp\/v2\/types\/product"}],"replies":[{"embeddable":true,"href":"https:\/\/onlinehardwareshop.de\/index.php\/wp-json\/wp\/v2\/comments?post=84629"}],"wp:attachment":[{"href":"https:\/\/onlinehardwareshop.de\/index.php\/wp-json\/wp\/v2\/media?parent=84629"}],"wp:term":[{"taxonomy":"brand","embeddable":true,"href":"https:\/\/onlinehardwareshop.de\/index.php\/wp-json\/wp\/v2\/brand?post=84629"},{"taxonomy":"product_brand","embeddable":true,"href":"https:\/\/onlinehardwareshop.de\/index.php\/wp-json\/wp\/v2\/product_brand?post=84629"},{"taxonomy":"product_cat","embeddable":true,"href":"https:\/\/onlinehardwareshop.de\/index.php\/wp-json\/wp\/v2\/product_cat?post=84629"},{"taxonomy":"product_tag","embeddable":true,"href":"https:\/\/onlinehardwareshop.de\/index.php\/wp-json\/wp\/v2\/product_tag?post=84629"}],"curies":[{"name":"wp","href":"https:\/\/api.w.org\/{rel}","templated":true}]}}