{"id":84594,"date":"2025-03-06T08:03:37","date_gmt":"2025-03-06T08:03:37","guid":{"rendered":"https:\/\/onlinehardwareshop.de\/index.php\/produkt\/philips-dect-schnurloses-telefon-xl-mit-anrufbeantworter\/"},"modified":"2025-05-14T07:22:19","modified_gmt":"2025-05-14T07:22:19","slug":"philips-dect-schnurloses-telefon-xl-mit-anrufbeantworter","status":"publish","type":"product","link":"https:\/\/onlinehardwareshop.de\/index.php\/produkt\/philips-dect-schnurloses-telefon-xl-mit-anrufbeantworter\/","title":{"rendered":"Philips DECT Schnurloses Telefon XL mit Anrufbeantworter"},"content":{"rendered":"<p>Das Philips DECT Schnurlose Telefon XL mit Anrufbeantworter ist f\u00fcr Senioren geeignet. Der Anrufbeantworter kann hinterlassene Nachrichten bis zu insgesamt 30 Minuten L\u00e4nge speichern. Dank der besonders gro\u00dfen Tasten lassen sich Telefonnummern ganz einfach eingeben. Au\u00dferdem sind die Tasten beleuchtet, sodass man sogar im Dunkeln gut sehen kann, welche Nummer man w\u00e4hlt. Dieses Festnetztelefon kann problemlos mit einem H\u00f6rger\u00e4t verwendet werden, denn dabei entsteht kein Rauschen. Verstehst du die Person am anderen Ende der Leitung nicht gut? Die Lautst\u00e4rke l\u00e4sst sich auf Knopfdruck lauter stellen, sodass du deinen Gespr\u00e4chspartner immer gut verstehst. Deine drei wichtigsten Kontakte speicherst du einfach unter den Kurzwahltasten. So kannst du einen Freund oder Angeh\u00f6rigen mit einem Druck auf die Kurzwahltaste anrufen.<\/p>\n","protected":false},"excerpt":{"rendered":"<p>Das Philips DECT Schnurlose Telefon XL mit Anrufbeantworter ist f\u00fcr Senioren geeignet. Der Anrufbeantworter kann hinterlassene Nachrichten bis zu insgesamt 30 Minuten L\u00e4nge speichern. Dank der besonders gro\u00dfen Tasten lassen sich Telefonnummern ganz einfach eingeben. Au\u00dferdem sind die Tasten beleuchtet, sodass man sogar im Dunkeln gut sehen kann, welche Nummer man w\u00e4hlt. Dieses Festnetztelefon kann problemlos mit einem H\u00f6rger\u00e4t verwendet werden, denn dabei entsteht kein Rauschen. Verstehst du die Person am anderen Ende der Leitung nicht gut? Die Lautst\u00e4rke l\u00e4sst sich auf Knopfdruck lauter stellen, sodass du deinen Gespr\u00e4chspartner immer gut verstehst. Deine drei wichtigsten Kontakte speicherst du einfach unter den Kurzwahltasten. So kannst du einen Freund oder Angeh\u00f6rigen mit einem Druck auf die Kurzwahltaste anrufen.<\/p>\n","protected":false},"featured_media":0,"comment_status":"closed","ping_status":"open","template":"","meta":{"_acf_changed":false},"brand":[1382],"product_brand":[],"product_cat":[5011],"product_tag":[5012],"class_list":{"0":"post-84594","1":"product","2":"type-product","3":"status-publish","5":"brand-philips","6":"product_cat-mobilteile-fr-festnetztelefon","7":"product_tag-vaste-telefoon-handsets","8":"pa_condition-new","9":"pa_coolblue-de-verzending-morgen-gratis-geliefert","10":"pa_ean-13048","11":"pa_mpn-xl4951ds-38","13":"first","14":"instock","15":"product-type-external"},"acf":[],"_links":{"self":[{"href":"https:\/\/onlinehardwareshop.de\/index.php\/wp-json\/wp\/v2\/product\/84594","targetHints":{"allow":["GET"]}}],"collection":[{"href":"https:\/\/onlinehardwareshop.de\/index.php\/wp-json\/wp\/v2\/product"}],"about":[{"href":"https:\/\/onlinehardwareshop.de\/index.php\/wp-json\/wp\/v2\/types\/product"}],"replies":[{"embeddable":true,"href":"https:\/\/onlinehardwareshop.de\/index.php\/wp-json\/wp\/v2\/comments?post=84594"}],"wp:attachment":[{"href":"https:\/\/onlinehardwareshop.de\/index.php\/wp-json\/wp\/v2\/media?parent=84594"}],"wp:term":[{"taxonomy":"brand","embeddable":true,"href":"https:\/\/onlinehardwareshop.de\/index.php\/wp-json\/wp\/v2\/brand?post=84594"},{"taxonomy":"product_brand","embeddable":true,"href":"https:\/\/onlinehardwareshop.de\/index.php\/wp-json\/wp\/v2\/product_brand?post=84594"},{"taxonomy":"product_cat","embeddable":true,"href":"https:\/\/onlinehardwareshop.de\/index.php\/wp-json\/wp\/v2\/product_cat?post=84594"},{"taxonomy":"product_tag","embeddable":true,"href":"https:\/\/onlinehardwareshop.de\/index.php\/wp-json\/wp\/v2\/product_tag?post=84594"}],"curies":[{"name":"wp","href":"https:\/\/api.w.org\/{rel}","templated":true}]}}