{"id":84552,"date":"2024-05-13T11:53:21","date_gmt":"2024-05-13T11:53:21","guid":{"rendered":"https:\/\/onlinehardwareshop.de\/index.php\/produkt\/corsair-vengeance-lpx-16gb-1-x-16gb-ddr4-dram-2666mhz-c16\/"},"modified":"2025-05-14T04:16:40","modified_gmt":"2025-05-14T04:16:40","slug":"corsair-vengeance-lpx-16gb-1-x-16gb-ddr4-dram-2666mhz-c16","status":"publish","type":"product","link":"https:\/\/onlinehardwareshop.de\/index.php\/produkt\/corsair-vengeance-lpx-16gb-1-x-16gb-ddr4-dram-2666mhz-c16\/","title":{"rendered":"Corsair VENGEANCE&#xAE; LPX 16GB (1 x 16GB) DDR4 DRAM 2666MHz C16"},"content":{"rendered":"<p>Achtung: Dieses DIMM RAM-Modul passt nicht in ein Notebook oder einen Mac. Dein Motherboard muss \u00fcber einen DDR4-Steckplatz verf\u00fcgen. \u00dcberpr\u00fcfe dies im Windows Task-Manager, mehr Details unter dem Reiter &#8218;Leistung&#8216;. Der Speicher wird als DDR3 oder DDR4 ausgewiesen. Falls hier nichts \u00fcber die Verbindung steht, ben\u00f6tigst du einen DDR4-Speicher.<\/p>\n<p> Verbessere deine Gaming-Erfahrung mit dem Corsair Vengeance LPX 16GB DDR4 DIMM 2666MHz CL16 (1x16GB) RAM-Modul. Mit 16 Gigabyte zus\u00e4tzlichem Arbeitsspeicher erh\u00e4ltst auf deinem Gaming-PC eine Leistungssteigerung, damit anspruchsvolle Spiele flie\u00dfend funktionieren. Dieser Speicher hat eine Taktfrequenz von 2666 Megahertz und eine CAS-Latenz von 16. Durch diese Kombination laden deine Spiele angenehm schnell. Dieses Set besteht aus einem Speichermodul, sodass du mehr freie Steckpl\u00e4tze auf deinem Motherboard beh\u00e4ltst. Dieser Corsair Vengeance LPX RAM ist mit einer Aluminiumbeschichtung ausgestattet, die die W\u00e4rme schneller ableitet. Das macht ihn zum perfekten Arbeitsspeicher f\u00fcr alle, die gerne \u00fcbertakten. Von Corsair erh\u00e4ltst du eine lebenslange Garantie auf dieses Produkt.<\/p>\n","protected":false},"excerpt":{"rendered":"<p>Achtung: Dieses DIMM RAM-Modul passt nicht in ein Notebook oder einen Mac. Dein Motherboard muss \u00fcber einen DDR4-Steckplatz verf\u00fcgen. \u00dcberpr\u00fcfe dies im Windows Task-Manager, mehr Details unter dem Reiter &#8218;Leistung&#8216;. Der Speicher wird als DDR3 oder DDR4 ausgewiesen. Falls hier nichts \u00fcber die Verbindung steht, ben\u00f6tigst du einen DDR4-Speicher.<\/p>\n<p> Verbessere deine Gaming-Erfahrung mit dem Corsair Vengeance LPX 16GB DDR4 DIMM 2666MHz CL16 (1x16GB) RAM-Modul. Mit 16 Gigabyte zus\u00e4tzlichem Arbeitsspeicher erh\u00e4ltst auf deinem Gaming-PC eine Leistungssteigerung, damit anspruchsvolle Spiele flie\u00dfend funktionieren. Dieser Speicher hat eine Taktfrequenz von 2666 Megahertz und eine CAS-Latenz von 16. Durch diese Kombination laden deine Spiele angenehm schnell. Dieses Set besteht aus einem Speichermodul, sodass du mehr freie Steckpl\u00e4tze auf deinem Motherboard beh\u00e4ltst. Dieser Corsair Vengeance LPX RAM ist mit einer Aluminiumbeschichtung ausgestattet, die die W\u00e4rme schneller ableitet. Das macht ihn zum perfekten Arbeitsspeicher f\u00fcr alle, die gerne \u00fcbertakten. Von Corsair erh\u00e4ltst du eine lebenslange Garantie auf dieses Produkt.<\/p>\n","protected":false},"featured_media":0,"comment_status":"closed","ping_status":"open","template":"","meta":{"_acf_changed":false},"brand":[1900],"product_brand":[],"product_cat":[2796],"product_tag":[2797],"class_list":{"0":"post-84552","1":"product","2":"type-product","3":"status-publish","5":"brand-corsair","6":"product_cat-ram","7":"product_tag-intern-geheugen-voor-desktop","8":"pa_condition-new","9":"pa_coolblue-de-verzending-morgen-gratis-geliefert","10":"pa_ean-8649","11":"pa_mpn-cmk16gx4m1a2666c16","13":"first","14":"instock","15":"product-type-external"},"acf":[],"_links":{"self":[{"href":"https:\/\/onlinehardwareshop.de\/index.php\/wp-json\/wp\/v2\/product\/84552","targetHints":{"allow":["GET"]}}],"collection":[{"href":"https:\/\/onlinehardwareshop.de\/index.php\/wp-json\/wp\/v2\/product"}],"about":[{"href":"https:\/\/onlinehardwareshop.de\/index.php\/wp-json\/wp\/v2\/types\/product"}],"replies":[{"embeddable":true,"href":"https:\/\/onlinehardwareshop.de\/index.php\/wp-json\/wp\/v2\/comments?post=84552"}],"wp:attachment":[{"href":"https:\/\/onlinehardwareshop.de\/index.php\/wp-json\/wp\/v2\/media?parent=84552"}],"wp:term":[{"taxonomy":"brand","embeddable":true,"href":"https:\/\/onlinehardwareshop.de\/index.php\/wp-json\/wp\/v2\/brand?post=84552"},{"taxonomy":"product_brand","embeddable":true,"href":"https:\/\/onlinehardwareshop.de\/index.php\/wp-json\/wp\/v2\/product_brand?post=84552"},{"taxonomy":"product_cat","embeddable":true,"href":"https:\/\/onlinehardwareshop.de\/index.php\/wp-json\/wp\/v2\/product_cat?post=84552"},{"taxonomy":"product_tag","embeddable":true,"href":"https:\/\/onlinehardwareshop.de\/index.php\/wp-json\/wp\/v2\/product_tag?post=84552"}],"curies":[{"name":"wp","href":"https:\/\/api.w.org\/{rel}","templated":true}]}}