{"id":84541,"date":"2025-02-19T02:06:52","date_gmt":"2025-02-19T02:06:52","guid":{"rendered":"https:\/\/onlinehardwareshop.de\/index.php\/produkt\/sennheiser-hd-560s\/"},"modified":"2025-05-14T03:04:40","modified_gmt":"2025-05-14T03:04:40","slug":"sennheiser-hd-560s","status":"publish","type":"product","link":"https:\/\/onlinehardwareshop.de\/index.php\/produkt\/sennheiser-hd-560s\/","title":{"rendered":"Sennheiser HD 560S"},"content":{"rendered":"<p>Mit dem Sennheiser HD 560S h\u00f6rst du deine Lieblingsmusik in hoher Qualit\u00e4t. Diese kabelgebundenen Kopfh\u00f6rer haben einen Frequenzbereich von 6 bis 38.000 Hertz, wodurch du einen detaillierten Sound h\u00f6rst. Durch die offene Soundbox ist der Klang in einer ruhigen Umgebung nat\u00fcrlich und r\u00e4umlich. Ein 6,3 mm auf 3,5 mm Adapter ist im Lieferumfang enthalten. Damit kannst du den Kopfh\u00f6rer an jedes Ger\u00e4t mit einem dieser Anschl\u00fcsse anschlie\u00dfen.<\/p>\n","protected":false},"excerpt":{"rendered":"<p>Mit dem Sennheiser HD 560S h\u00f6rst du deine Lieblingsmusik in hoher Qualit\u00e4t. Diese kabelgebundenen Kopfh\u00f6rer haben einen Frequenzbereich von 6 bis 38.000 Hertz, wodurch du einen detaillierten Sound h\u00f6rst. Durch die offene Soundbox ist der Klang in einer ruhigen Umgebung nat\u00fcrlich und r\u00e4umlich. Ein 6,3 mm auf 3,5 mm Adapter ist im Lieferumfang enthalten. Damit kannst du den Kopfh\u00f6rer an jedes Ger\u00e4t mit einem dieser Anschl\u00fcsse anschlie\u00dfen.<\/p>\n","protected":false},"featured_media":0,"comment_status":"closed","ping_status":"open","template":"","meta":{"_acf_changed":false},"brand":[1474],"product_brand":[],"product_cat":[1182],"product_tag":[1183],"class_list":{"0":"post-84541","1":"product","2":"type-product","3":"status-publish","5":"brand-sennheiser","6":"product_cat-kopfhrer","7":"product_tag-hoofdtelefoons-zonder-noisecancelling","8":"pa_condition-new","9":"pa_coolblue-de-verzending-morgen-gratis-geliefert","10":"pa_ean-7052","11":"pa_mpn-7053","13":"first","14":"instock","15":"product-type-external"},"acf":[],"_links":{"self":[{"href":"https:\/\/onlinehardwareshop.de\/index.php\/wp-json\/wp\/v2\/product\/84541","targetHints":{"allow":["GET"]}}],"collection":[{"href":"https:\/\/onlinehardwareshop.de\/index.php\/wp-json\/wp\/v2\/product"}],"about":[{"href":"https:\/\/onlinehardwareshop.de\/index.php\/wp-json\/wp\/v2\/types\/product"}],"replies":[{"embeddable":true,"href":"https:\/\/onlinehardwareshop.de\/index.php\/wp-json\/wp\/v2\/comments?post=84541"}],"wp:attachment":[{"href":"https:\/\/onlinehardwareshop.de\/index.php\/wp-json\/wp\/v2\/media?parent=84541"}],"wp:term":[{"taxonomy":"brand","embeddable":true,"href":"https:\/\/onlinehardwareshop.de\/index.php\/wp-json\/wp\/v2\/brand?post=84541"},{"taxonomy":"product_brand","embeddable":true,"href":"https:\/\/onlinehardwareshop.de\/index.php\/wp-json\/wp\/v2\/product_brand?post=84541"},{"taxonomy":"product_cat","embeddable":true,"href":"https:\/\/onlinehardwareshop.de\/index.php\/wp-json\/wp\/v2\/product_cat?post=84541"},{"taxonomy":"product_tag","embeddable":true,"href":"https:\/\/onlinehardwareshop.de\/index.php\/wp-json\/wp\/v2\/product_tag?post=84541"}],"curies":[{"name":"wp","href":"https:\/\/api.w.org\/{rel}","templated":true}]}}