{"id":84539,"date":"2024-04-09T13:01:11","date_gmt":"2024-04-09T13:01:11","guid":{"rendered":"https:\/\/onlinehardwareshop.de\/index.php\/produkt\/krcher-k7-premium-smart-control-flex-home\/"},"modified":"2025-05-14T03:03:06","modified_gmt":"2025-05-14T03:03:06","slug":"krcher-k7-premium-smart-control-flex-home","status":"publish","type":"product","link":"https:\/\/onlinehardwareshop.de\/index.php\/produkt\/krcher-k7-premium-smart-control-flex-home\/","title":{"rendered":"K&#xE4;rcher K7 Premium Smart Control Flex Home"},"content":{"rendered":"<p>Der K\u00e4rcher K7 Premium Smart Control Flex Home ist eine gute Wahl f\u00fcr alle, die gerne schweres Gesch\u00fctz gegen Verschmutzungen auffahren. Er hat einen Arbeitsdruck von 180\u00a0bar, sodass hartn\u00e4ckiger Schmutz keine Chance hat. Mit dem flexiblen zehn Meter langem Schlauch erreichst du m\u00fchelos gro\u00dfe Fl\u00e4chen und schwer zug\u00e4ngliche Stellen. Dieser Hochdruckreiniger ist der Nachfolger des K7 Premium Full Control Plus Home, jetzt mit neuem (und smarterem) Design. Verbinde das Ger\u00e4t \u00fcber Bluetooth mit der K\u00e4rcher App und erhalte gezielte Reinigungstipps. Volle Kontrolle zeichnet diesen Hochdruckreiniger aus: Durch einfaches Drehen an der Lanze bestimmst du die Strahlst\u00e4rke selbst. Der Fl\u00e4chenreiniger reinigt schnell gro\u00dfe Fl\u00e4chen und die Schlauchtrommel verhindert ein Verheddern des Schlauches.<\/p>\n","protected":false},"excerpt":{"rendered":"<p>Der K\u00e4rcher K7 Premium Smart Control Flex Home ist eine gute Wahl f\u00fcr alle, die gerne schweres Gesch\u00fctz gegen Verschmutzungen auffahren. Er hat einen Arbeitsdruck von 180\u00a0bar, sodass hartn\u00e4ckiger Schmutz keine Chance hat. Mit dem flexiblen zehn Meter langem Schlauch erreichst du m\u00fchelos gro\u00dfe Fl\u00e4chen und schwer zug\u00e4ngliche Stellen. Dieser Hochdruckreiniger ist der Nachfolger des K7 Premium Full Control Plus Home, jetzt mit neuem (und smarterem) Design. Verbinde das Ger\u00e4t \u00fcber Bluetooth mit der K\u00e4rcher App und erhalte gezielte Reinigungstipps. Volle Kontrolle zeichnet diesen Hochdruckreiniger aus: Durch einfaches Drehen an der Lanze bestimmst du die Strahlst\u00e4rke selbst. Der Fl\u00e4chenreiniger reinigt schnell gro\u00dfe Fl\u00e4chen und die Schlauchtrommel verhindert ein Verheddern des Schlauches.<\/p>\n","protected":false},"featured_media":0,"comment_status":"closed","ping_status":"open","template":"","meta":{"_acf_changed":false},"brand":[294],"product_brand":[],"product_cat":[2722],"product_tag":[2723],"class_list":{"0":"post-84539","1":"product","2":"type-product","3":"status-publish","5":"brand-karcher","6":"product_cat-hochdruckreiniger","7":"product_tag-hogedrukreinigers","8":"pa_condition-new","9":"pa_coolblue-de-verzending-morgen-gratis-geliefert","10":"pa_ean-31782","11":"pa_mpn-1-317-363-0","13":"first","14":"instock","15":"product-type-external"},"acf":[],"_links":{"self":[{"href":"https:\/\/onlinehardwareshop.de\/index.php\/wp-json\/wp\/v2\/product\/84539","targetHints":{"allow":["GET"]}}],"collection":[{"href":"https:\/\/onlinehardwareshop.de\/index.php\/wp-json\/wp\/v2\/product"}],"about":[{"href":"https:\/\/onlinehardwareshop.de\/index.php\/wp-json\/wp\/v2\/types\/product"}],"replies":[{"embeddable":true,"href":"https:\/\/onlinehardwareshop.de\/index.php\/wp-json\/wp\/v2\/comments?post=84539"}],"wp:attachment":[{"href":"https:\/\/onlinehardwareshop.de\/index.php\/wp-json\/wp\/v2\/media?parent=84539"}],"wp:term":[{"taxonomy":"brand","embeddable":true,"href":"https:\/\/onlinehardwareshop.de\/index.php\/wp-json\/wp\/v2\/brand?post=84539"},{"taxonomy":"product_brand","embeddable":true,"href":"https:\/\/onlinehardwareshop.de\/index.php\/wp-json\/wp\/v2\/product_brand?post=84539"},{"taxonomy":"product_cat","embeddable":true,"href":"https:\/\/onlinehardwareshop.de\/index.php\/wp-json\/wp\/v2\/product_cat?post=84539"},{"taxonomy":"product_tag","embeddable":true,"href":"https:\/\/onlinehardwareshop.de\/index.php\/wp-json\/wp\/v2\/product_tag?post=84539"}],"curies":[{"name":"wp","href":"https:\/\/api.w.org\/{rel}","templated":true}]}}