{"id":84537,"date":"2024-03-04T11:12:43","date_gmt":"2024-03-04T11:12:43","guid":{"rendered":"https:\/\/onlinehardwareshop.de\/index.php\/produkt\/ninja-bn750eu\/"},"modified":"2025-05-14T02:56:20","modified_gmt":"2025-05-14T02:56:20","slug":"ninja-bn750eu","status":"publish","type":"product","link":"https:\/\/onlinehardwareshop.de\/index.php\/produkt\/ninja-bn750eu\/","title":{"rendered":"Ninja BN750EU"},"content":{"rendered":"<p>Mit dem Ninja BN750EU erh\u00e4ltst du einen leistungsstarken Standmixer, der m\u00fchelos und schnell harte Zutaten mixt. Der Standmixer bietet mit 1.200 Watt eine hohe Leistung. Zum Lieferumfang geh\u00f6ren zwei Mixbeh\u00e4lter. Der Mixbeh\u00e4lter mit 700\u00a0ml Fassungsverm\u00f6gen eignet sich dank des To-go-Deckels zum Mitnehmen unterwegs. Das ist praktisch, denn so kannst du auch im Zug oder nach dem Sport einen Smoothie genie\u00dfen. Zur Bedienung des Standmixers stehen drei automatische Mixprogramme zur Auswahl. Somit musst du dich nicht mehr um die richtigen Einstellungen k\u00fcmmern. Dank des speziellen Pro-Extractor-Messers entsteht immer ein glattes Mixergebnis. Nach Gebrauch lassen sich die abnehmbaren Einzelteile in der Sp\u00fclmaschine reinigen.<\/p>\n","protected":false},"excerpt":{"rendered":"<p>Mit dem Ninja BN750EU erh\u00e4ltst du einen leistungsstarken Standmixer, der m\u00fchelos und schnell harte Zutaten mixt. Der Standmixer bietet mit 1.200 Watt eine hohe Leistung. Zum Lieferumfang geh\u00f6ren zwei Mixbeh\u00e4lter. Der Mixbeh\u00e4lter mit 700\u00a0ml Fassungsverm\u00f6gen eignet sich dank des To-go-Deckels zum Mitnehmen unterwegs. Das ist praktisch, denn so kannst du auch im Zug oder nach dem Sport einen Smoothie genie\u00dfen. Zur Bedienung des Standmixers stehen drei automatische Mixprogramme zur Auswahl. Somit musst du dich nicht mehr um die richtigen Einstellungen k\u00fcmmern. Dank des speziellen Pro-Extractor-Messers entsteht immer ein glattes Mixergebnis. Nach Gebrauch lassen sich die abnehmbaren Einzelteile in der Sp\u00fclmaschine reinigen.<\/p>\n","protected":false},"featured_media":0,"comment_status":"closed","ping_status":"open","template":"","meta":{"_acf_changed":false},"brand":[6837],"product_brand":[],"product_cat":[1606],"product_tag":[1607],"class_list":{"0":"post-84537","1":"product","2":"type-product","3":"status-publish","5":"brand-ninja","6":"product_cat-standmixer","7":"product_tag-blenders","8":"pa_condition-new","9":"pa_coolblue-de-verzending-morgen-gratis-geliefert","10":"pa_ean-6840","11":"pa_mpn-bn750eu","13":"first","14":"instock","15":"product-type-external"},"acf":[],"_links":{"self":[{"href":"https:\/\/onlinehardwareshop.de\/index.php\/wp-json\/wp\/v2\/product\/84537","targetHints":{"allow":["GET"]}}],"collection":[{"href":"https:\/\/onlinehardwareshop.de\/index.php\/wp-json\/wp\/v2\/product"}],"about":[{"href":"https:\/\/onlinehardwareshop.de\/index.php\/wp-json\/wp\/v2\/types\/product"}],"replies":[{"embeddable":true,"href":"https:\/\/onlinehardwareshop.de\/index.php\/wp-json\/wp\/v2\/comments?post=84537"}],"wp:attachment":[{"href":"https:\/\/onlinehardwareshop.de\/index.php\/wp-json\/wp\/v2\/media?parent=84537"}],"wp:term":[{"taxonomy":"brand","embeddable":true,"href":"https:\/\/onlinehardwareshop.de\/index.php\/wp-json\/wp\/v2\/brand?post=84537"},{"taxonomy":"product_brand","embeddable":true,"href":"https:\/\/onlinehardwareshop.de\/index.php\/wp-json\/wp\/v2\/product_brand?post=84537"},{"taxonomy":"product_cat","embeddable":true,"href":"https:\/\/onlinehardwareshop.de\/index.php\/wp-json\/wp\/v2\/product_cat?post=84537"},{"taxonomy":"product_tag","embeddable":true,"href":"https:\/\/onlinehardwareshop.de\/index.php\/wp-json\/wp\/v2\/product_tag?post=84537"}],"curies":[{"name":"wp","href":"https:\/\/api.w.org\/{rel}","templated":true}]}}