{"id":84505,"date":"2024-11-17T11:35:13","date_gmt":"2024-11-17T11:35:13","guid":{"rendered":"https:\/\/onlinehardwareshop.de\/index.php\/produkt\/rowenta-hygiene-plus-zr200520\/"},"modified":"2025-05-14T00:42:11","modified_gmt":"2025-05-14T00:42:11","slug":"rowenta-hygiene-plus-zr200520","status":"publish","type":"product","link":"https:\/\/onlinehardwareshop.de\/index.php\/produkt\/rowenta-hygiene-plus-zr200520\/","title":{"rendered":"Rowenta Hygiene Plus ZR200520"},"content":{"rendered":"<p>Der Rowenta ZR200520 enth\u00e4lt vier Mikrofleece-Staubsaugerbeutel, die f\u00fcr verschiedene Rowenta Staubsauger geeignet sind. So holst du dir also gleich einen Vorrat f\u00fcr den Rest des Jahres ins Haus. Diese Staubsaugerbeutel bestehen aus besonders stabilem Fleece-Material. Hierdurch dienen sie auch gleichzeitig als Filter und verhindern, dass Staubteilchen den Staubbeutel verlassen und mit der Abluft wieder ins Zimmer kommen. Auch praktisch: Wenn du Haustiere hast, funktioniert diese Filtrierung gleich als Duftfilter.  Diese Rowenta Staubsaugerbeutel sind geeignet f\u00fcr: Rowenta Silence Force Staubsauger Rowenta Silence Force Compact Staubsauger Rowenta X-trem Power Staubsauger<\/p>\n","protected":false},"excerpt":{"rendered":"<p>Der Rowenta ZR200520 enth\u00e4lt vier Mikrofleece-Staubsaugerbeutel, die f\u00fcr verschiedene Rowenta Staubsauger geeignet sind. So holst du dir also gleich einen Vorrat f\u00fcr den Rest des Jahres ins Haus. Diese Staubsaugerbeutel bestehen aus besonders stabilem Fleece-Material. Hierdurch dienen sie auch gleichzeitig als Filter und verhindern, dass Staubteilchen den Staubbeutel verlassen und mit der Abluft wieder ins Zimmer kommen. Auch praktisch: Wenn du Haustiere hast, funktioniert diese Filtrierung gleich als Duftfilter.  Diese Rowenta Staubsaugerbeutel sind geeignet f\u00fcr: Rowenta Silence Force Staubsauger Rowenta Silence Force Compact Staubsauger Rowenta X-trem Power Staubsauger<\/p>\n","protected":false},"featured_media":0,"comment_status":"closed","ping_status":"open","template":"","meta":{"_acf_changed":false},"brand":[3395],"product_brand":[],"product_cat":[129],"product_tag":[130],"class_list":{"0":"post-84505","1":"product","2":"type-product","3":"status-publish","5":"brand-rowenta","6":"product_cat-staubsaugerbeutel","7":"product_tag-stofzuigerzakken","8":"pa_condition-new","9":"pa_coolblue-de-verzending-morgen-gratis-geliefert","10":"pa_ean-3393","11":"pa_mpn-zr200520","13":"first","14":"instock","15":"product-type-external"},"acf":[],"_links":{"self":[{"href":"https:\/\/onlinehardwareshop.de\/index.php\/wp-json\/wp\/v2\/product\/84505","targetHints":{"allow":["GET"]}}],"collection":[{"href":"https:\/\/onlinehardwareshop.de\/index.php\/wp-json\/wp\/v2\/product"}],"about":[{"href":"https:\/\/onlinehardwareshop.de\/index.php\/wp-json\/wp\/v2\/types\/product"}],"replies":[{"embeddable":true,"href":"https:\/\/onlinehardwareshop.de\/index.php\/wp-json\/wp\/v2\/comments?post=84505"}],"wp:attachment":[{"href":"https:\/\/onlinehardwareshop.de\/index.php\/wp-json\/wp\/v2\/media?parent=84505"}],"wp:term":[{"taxonomy":"brand","embeddable":true,"href":"https:\/\/onlinehardwareshop.de\/index.php\/wp-json\/wp\/v2\/brand?post=84505"},{"taxonomy":"product_brand","embeddable":true,"href":"https:\/\/onlinehardwareshop.de\/index.php\/wp-json\/wp\/v2\/product_brand?post=84505"},{"taxonomy":"product_cat","embeddable":true,"href":"https:\/\/onlinehardwareshop.de\/index.php\/wp-json\/wp\/v2\/product_cat?post=84505"},{"taxonomy":"product_tag","embeddable":true,"href":"https:\/\/onlinehardwareshop.de\/index.php\/wp-json\/wp\/v2\/product_tag?post=84505"}],"curies":[{"name":"wp","href":"https:\/\/api.w.org\/{rel}","templated":true}]}}