{"id":84502,"date":"2024-11-30T15:48:59","date_gmt":"2024-11-30T15:48:59","guid":{"rendered":"https:\/\/onlinehardwareshop.de\/index.php\/produkt\/nikon-dx-10-20mm-f-4-5-5-6g\/"},"modified":"2025-05-14T00:29:20","modified_gmt":"2025-05-14T00:29:20","slug":"nikon-dx-10-20mm-f-4-5-5-6g","status":"publish","type":"product","link":"https:\/\/onlinehardwareshop.de\/index.php\/produkt\/nikon-dx-10-20mm-f-4-5-5-6g\/","title":{"rendered":"Nikon DX 10-20mm f\/4.5-5.6G"},"content":{"rendered":"<p>Hinweis: Dieses Objektiv ist nicht f\u00fcr alle Nikon Kameras geeignet. Einige Kameras ben\u00f6tigen m\u00f6glicherweise ein Firmware-Update. Modelle, die nicht mit den AF-P Objektiven kompatibel sind: Nikon D70, D80, D90 und die Serien D200, D300 und D700. Die folgenden Modelle sind vollst\u00e4ndig kompatibel: Nikon D7500, D5600, D5500, D5300, D3400, D3300, D500 und neuere Modelle.  Das Nikon AF-P DX Nikkor 10-20mm f\/4.5-5.6G VR ist ein Objektiv mit einem weiten Bildwinkel f\u00fcr eine Nikon DX Spiegelreflexkamera. Dieses Objektiv kombiniert eine kompakte Gr\u00f6\u00dfe mit einem weiten Blickwinkel von 109 Grad und einem scharfen Zoom. So kannst du aus vielen verschiedenen Perspektiven fotografieren. Durch die Bildstabilisierung des Objektivs gelingen dir sch\u00e4rfere Bilder bei Freihandaufnahmen. Das ger\u00e4uschlose Autofokussystem sorgt daf\u00fcr, dass du beim Fokussieren w\u00e4hrend des Filmens kein Ger\u00e4usch h\u00f6rst. Die Fokussierung ist ab 22 Zentimetern m\u00f6glich, so dass du nah an dein Motiv herankommst. Die Super Integrated Beschichtung reduziert Lens Flare bei hellem Licht.<\/p>\n","protected":false},"excerpt":{"rendered":"<p>Hinweis: Dieses Objektiv ist nicht f\u00fcr alle Nikon Kameras geeignet. Einige Kameras ben\u00f6tigen m\u00f6glicherweise ein Firmware-Update. Modelle, die nicht mit den AF-P Objektiven kompatibel sind: Nikon D70, D80, D90 und die Serien D200, D300 und D700. Die folgenden Modelle sind vollst\u00e4ndig kompatibel: Nikon D7500, D5600, D5500, D5300, D3400, D3300, D500 und neuere Modelle.  Das Nikon AF-P DX Nikkor 10-20mm f\/4.5-5.6G VR ist ein Objektiv mit einem weiten Bildwinkel f\u00fcr eine Nikon DX Spiegelreflexkamera. Dieses Objektiv kombiniert eine kompakte Gr\u00f6\u00dfe mit einem weiten Blickwinkel von 109 Grad und einem scharfen Zoom. So kannst du aus vielen verschiedenen Perspektiven fotografieren. Durch die Bildstabilisierung des Objektivs gelingen dir sch\u00e4rfere Bilder bei Freihandaufnahmen. Das ger\u00e4uschlose Autofokussystem sorgt daf\u00fcr, dass du beim Fokussieren w\u00e4hrend des Filmens kein Ger\u00e4usch h\u00f6rst. Die Fokussierung ist ab 22 Zentimetern m\u00f6glich, so dass du nah an dein Motiv herankommst. Die Super Integrated Beschichtung reduziert Lens Flare bei hellem Licht.<\/p>\n","protected":false},"featured_media":0,"comment_status":"closed","ping_status":"open","template":"","meta":{"_acf_changed":false},"brand":[133],"product_brand":[],"product_cat":[187],"product_tag":[188],"class_list":{"0":"post-84502","1":"product","2":"type-product","3":"status-publish","5":"brand-nikon","6":"product_cat-kameraobjektive","7":"product_tag-lenzen-voor-slr-cameras","8":"pa_condition-new","9":"pa_coolblue-de-verzending-morgen-gratis-geliefert","10":"pa_ean-3021","11":"pa_mpn-jaa832da","13":"first","14":"instock","15":"product-type-external"},"acf":[],"_links":{"self":[{"href":"https:\/\/onlinehardwareshop.de\/index.php\/wp-json\/wp\/v2\/product\/84502","targetHints":{"allow":["GET"]}}],"collection":[{"href":"https:\/\/onlinehardwareshop.de\/index.php\/wp-json\/wp\/v2\/product"}],"about":[{"href":"https:\/\/onlinehardwareshop.de\/index.php\/wp-json\/wp\/v2\/types\/product"}],"replies":[{"embeddable":true,"href":"https:\/\/onlinehardwareshop.de\/index.php\/wp-json\/wp\/v2\/comments?post=84502"}],"wp:attachment":[{"href":"https:\/\/onlinehardwareshop.de\/index.php\/wp-json\/wp\/v2\/media?parent=84502"}],"wp:term":[{"taxonomy":"brand","embeddable":true,"href":"https:\/\/onlinehardwareshop.de\/index.php\/wp-json\/wp\/v2\/brand?post=84502"},{"taxonomy":"product_brand","embeddable":true,"href":"https:\/\/onlinehardwareshop.de\/index.php\/wp-json\/wp\/v2\/product_brand?post=84502"},{"taxonomy":"product_cat","embeddable":true,"href":"https:\/\/onlinehardwareshop.de\/index.php\/wp-json\/wp\/v2\/product_cat?post=84502"},{"taxonomy":"product_tag","embeddable":true,"href":"https:\/\/onlinehardwareshop.de\/index.php\/wp-json\/wp\/v2\/product_tag?post=84502"}],"curies":[{"name":"wp","href":"https:\/\/api.w.org\/{rel}","templated":true}]}}