{"id":84500,"date":"2024-01-27T14:21:23","date_gmt":"2024-01-27T14:21:23","guid":{"rendered":"https:\/\/onlinehardwareshop.de\/index.php\/produkt\/philips-daily-collection-hd2581-90\/"},"modified":"2025-05-14T00:19:45","modified_gmt":"2025-05-14T00:19:45","slug":"philips-daily-collection-hd2581-90","status":"publish","type":"product","link":"https:\/\/onlinehardwareshop.de\/index.php\/produkt\/philips-daily-collection-hd2581-90\/","title":{"rendered":"Philips Daily Collection HD2581\/90"},"content":{"rendered":"<p>Mit dem Philips Daily Collection HD2581\/00 bekommst du immer genau den Toast, den du m\u00f6chtest. Dank der acht Stufen entscheidest du selbst, wie knusprig oder braun dein Brot sein soll. Die beiden gro\u00dfen Toastschlitze lassen sich leicht verstellen, sodass du sowohl d\u00fcnne als auch dicke Brotscheiben problemlos toastest. Dank der selbstzentrierenden Funktion bleibt das Brot genau in der Mitte, sodass beide Seiten gleichm\u00e4\u00dfig gebr\u00e4unt werden. Mit dem Br\u00f6tchenaufsatz w\u00e4rmst du Br\u00f6tchen und Geb\u00e4ck ganz einfach auf. So genie\u00dft du jederzeit ein warmes Croissant oder ein knuspriges Br\u00f6tchen, ohne es in den Toastschlitz zu stecken.<\/p>\n","protected":false},"excerpt":{"rendered":"<p>Mit dem Philips Daily Collection HD2581\/00 bekommst du immer genau den Toast, den du m\u00f6chtest. Dank der acht Stufen entscheidest du selbst, wie knusprig oder braun dein Brot sein soll. Die beiden gro\u00dfen Toastschlitze lassen sich leicht verstellen, sodass du sowohl d\u00fcnne als auch dicke Brotscheiben problemlos toastest. Dank der selbstzentrierenden Funktion bleibt das Brot genau in der Mitte, sodass beide Seiten gleichm\u00e4\u00dfig gebr\u00e4unt werden. Mit dem Br\u00f6tchenaufsatz w\u00e4rmst du Br\u00f6tchen und Geb\u00e4ck ganz einfach auf. So genie\u00dft du jederzeit ein warmes Croissant oder ein knuspriges Br\u00f6tchen, ohne es in den Toastschlitz zu stecken.<\/p>\n","protected":false},"featured_media":0,"comment_status":"closed","ping_status":"open","template":"","meta":{"_acf_changed":false},"brand":[1382],"product_brand":[],"product_cat":[283],"product_tag":[284],"class_list":{"0":"post-84500","1":"product","2":"type-product","3":"status-publish","5":"brand-philips","6":"product_cat-toaster","7":"product_tag-broodroosters","8":"pa_condition-new","9":"pa_coolblue-de-verzending-morgen-gratis-geliefert","10":"pa_ean-2714","11":"pa_mpn-hd2581-90","13":"first","14":"instock","15":"product-type-external"},"acf":[],"_links":{"self":[{"href":"https:\/\/onlinehardwareshop.de\/index.php\/wp-json\/wp\/v2\/product\/84500","targetHints":{"allow":["GET"]}}],"collection":[{"href":"https:\/\/onlinehardwareshop.de\/index.php\/wp-json\/wp\/v2\/product"}],"about":[{"href":"https:\/\/onlinehardwareshop.de\/index.php\/wp-json\/wp\/v2\/types\/product"}],"replies":[{"embeddable":true,"href":"https:\/\/onlinehardwareshop.de\/index.php\/wp-json\/wp\/v2\/comments?post=84500"}],"wp:attachment":[{"href":"https:\/\/onlinehardwareshop.de\/index.php\/wp-json\/wp\/v2\/media?parent=84500"}],"wp:term":[{"taxonomy":"brand","embeddable":true,"href":"https:\/\/onlinehardwareshop.de\/index.php\/wp-json\/wp\/v2\/brand?post=84500"},{"taxonomy":"product_brand","embeddable":true,"href":"https:\/\/onlinehardwareshop.de\/index.php\/wp-json\/wp\/v2\/product_brand?post=84500"},{"taxonomy":"product_cat","embeddable":true,"href":"https:\/\/onlinehardwareshop.de\/index.php\/wp-json\/wp\/v2\/product_cat?post=84500"},{"taxonomy":"product_tag","embeddable":true,"href":"https:\/\/onlinehardwareshop.de\/index.php\/wp-json\/wp\/v2\/product_tag?post=84500"}],"curies":[{"name":"wp","href":"https:\/\/api.w.org\/{rel}","templated":true}]}}