{"id":84422,"date":"2025-01-13T11:37:38","date_gmt":"2025-01-13T11:37:38","guid":{"rendered":"https:\/\/onlinehardwareshop.de\/index.php\/produkt\/miele-staubsaugerbeutel-hyclean-pure-fjm-xl-pack-8-stck-2\/"},"modified":"2025-05-14T19:33:11","modified_gmt":"2025-05-14T19:33:11","slug":"miele-staubsaugerbeutel-hyclean-pure-fjm-xl-pack-8-stck","status":"publish","type":"product","link":"https:\/\/onlinehardwareshop.de\/index.php\/produkt\/miele-staubsaugerbeutel-hyclean-pure-fjm-xl-pack-8-stck\/","title":{"rendered":"Miele Staubsaugerbeutel HyClean Pure FJM XL-Pack (8 St&#xFC;ck)"},"content":{"rendered":"<p>Dank der Miele HyClean Pure FJM Staubsaugerbeuteln saugst du extra gr\u00fcndlich. Beim Wechsel der Beutel f\u00e4llt nichts mehr daneben. Denn die Beutel verschlie\u00dfen sich beim \u00d6ffnen des Staubsaugers automatisch sicher. Daf\u00fcr sorgt die HyClose Technologie. Mit den acht Beuteln im XL-Pack entscheidest du dich f\u00fcr zwei Jahresvorr\u00e4te. Du wechselst die Staubsaugerbeutel n\u00e4mlich nur etwa alle drei Monate. Hat jemand bei dir im Haushalt eine Hausstauballergie? Dann hilft dir der mitgelieferte HEPA AirClean Filter. Der filtert selbst Feinstaub und Allergene. Zusammen mit deinem Miele Staubsauger und den Miele HyClean Pure Staubsaugerbeuteln ergibt das eine klasse Reinigungsleistung. Auf diese Weise entfernst du bis zu 99,99\u00bf Prozent aller Staubpartikel aus der Luft.    Nutze diese Beutel f\u00fcr Miele Compact C2 und Compact C1 Staubsaugermodelle.<\/p>\n","protected":false},"excerpt":{"rendered":"<p>Dank der Miele HyClean Pure FJM Staubsaugerbeuteln saugst du extra gr\u00fcndlich. Beim Wechsel der Beutel f\u00e4llt nichts mehr daneben. Denn die Beutel verschlie\u00dfen sich beim \u00d6ffnen des Staubsaugers automatisch sicher. Daf\u00fcr sorgt die HyClose Technologie. Mit den acht Beuteln im XL-Pack entscheidest du dich f\u00fcr zwei Jahresvorr\u00e4te. Du wechselst die Staubsaugerbeutel n\u00e4mlich nur etwa alle drei Monate. Hat jemand bei dir im Haushalt eine Hausstauballergie? Dann hilft dir der mitgelieferte HEPA AirClean Filter. Der filtert selbst Feinstaub und Allergene. Zusammen mit deinem Miele Staubsauger und den Miele HyClean Pure Staubsaugerbeuteln ergibt das eine klasse Reinigungsleistung. Auf diese Weise entfernst du bis zu 99,99\u00bf Prozent aller Staubpartikel aus der Luft.    Nutze diese Beutel f\u00fcr Miele Compact C2 und Compact C1 Staubsaugermodelle.<\/p>\n","protected":false},"featured_media":0,"comment_status":"closed","ping_status":"open","template":"","meta":{"_acf_changed":false},"brand":[551],"product_brand":[],"product_cat":[129],"product_tag":[130],"class_list":{"0":"post-84422","1":"product","2":"type-product","3":"status-publish","5":"brand-miele","6":"product_cat-staubsaugerbeutel","7":"product_tag-stofzuigerzakken","8":"pa_condition-new","9":"pa_coolblue-de-verzending-morgen-gratis-geliefert","10":"pa_ean-33656","11":"pa_mpn-33657","13":"first","14":"instock","15":"product-type-external"},"acf":[],"_links":{"self":[{"href":"https:\/\/onlinehardwareshop.de\/index.php\/wp-json\/wp\/v2\/product\/84422","targetHints":{"allow":["GET"]}}],"collection":[{"href":"https:\/\/onlinehardwareshop.de\/index.php\/wp-json\/wp\/v2\/product"}],"about":[{"href":"https:\/\/onlinehardwareshop.de\/index.php\/wp-json\/wp\/v2\/types\/product"}],"replies":[{"embeddable":true,"href":"https:\/\/onlinehardwareshop.de\/index.php\/wp-json\/wp\/v2\/comments?post=84422"}],"wp:attachment":[{"href":"https:\/\/onlinehardwareshop.de\/index.php\/wp-json\/wp\/v2\/media?parent=84422"}],"wp:term":[{"taxonomy":"brand","embeddable":true,"href":"https:\/\/onlinehardwareshop.de\/index.php\/wp-json\/wp\/v2\/brand?post=84422"},{"taxonomy":"product_brand","embeddable":true,"href":"https:\/\/onlinehardwareshop.de\/index.php\/wp-json\/wp\/v2\/product_brand?post=84422"},{"taxonomy":"product_cat","embeddable":true,"href":"https:\/\/onlinehardwareshop.de\/index.php\/wp-json\/wp\/v2\/product_cat?post=84422"},{"taxonomy":"product_tag","embeddable":true,"href":"https:\/\/onlinehardwareshop.de\/index.php\/wp-json\/wp\/v2\/product_tag?post=84422"}],"curies":[{"name":"wp","href":"https:\/\/api.w.org\/{rel}","templated":true}]}}