{"id":84399,"date":"2024-07-05T01:43:40","date_gmt":"2024-07-05T01:43:40","guid":{"rendered":"https:\/\/onlinehardwareshop.de\/index.php\/produkt\/jbl-quantum-350-wireless-jbl-clip-5-schwarz-2\/"},"modified":"2025-05-14T19:29:08","modified_gmt":"2025-05-14T19:29:08","slug":"jbl-quantum-350-wireless-jbl-clip-5-schwarz","status":"publish","type":"product","link":"https:\/\/onlinehardwareshop.de\/index.php\/produkt\/jbl-quantum-350-wireless-jbl-clip-5-schwarz\/","title":{"rendered":"JBL Quantum 350 Wireless + JBL Clip 5 Schwarz"},"content":{"rendered":"<p>Spiele stundenlang Games mit diesem Set aus JBL Quantum 350 Wireless + JBL Clip 5 Schwarz. Mit dem JBL Clip 5 Schwarz hast du deine Musik \u00fcberall dabei. Der Lautsprecher hat eine Akkulaufzeit von 12 Stunden. Du verbindest dieses Headset \u00fcber einen USB-A-Dongle kabellos mit deinem PC oder deiner PlayStation. So hast du beim Gaming keinen Kabelsalat. Das Headset ist in nur f\u00fcnf Minuten f\u00fcr eine weitere Stunde aufgeladen, sodass du schnell wieder ins Spiel startest. Dank des Surround Sounds in 360 Grad erlebst du dein Spiel intensiver und h\u00f6rst genau, aus welcher Richtung deine Gegner kommen. Damit bist du ihnen jederzeit einen Schritt voraus. Die durchschnittliche Akkulaufzeit des Headsets betr\u00e4gt 22 Stunden. So erlebst du ausgiebigen Gaming-Spa\u00df, ohne das Headset zwischendurch zu laden. Spielst du \u00f6fter im Single-Player-Modus oder ben\u00f6tigst kein Mikrofon? Dann entferne das Mikrofon einfach vom Headset.<\/p>\n","protected":false},"excerpt":{"rendered":"<p>Spiele stundenlang Games mit diesem Set aus JBL Quantum 350 Wireless + JBL Clip 5 Schwarz. Mit dem JBL Clip 5 Schwarz hast du deine Musik \u00fcberall dabei. Der Lautsprecher hat eine Akkulaufzeit von 12 Stunden. Du verbindest dieses Headset \u00fcber einen USB-A-Dongle kabellos mit deinem PC oder deiner PlayStation. So hast du beim Gaming keinen Kabelsalat. Das Headset ist in nur f\u00fcnf Minuten f\u00fcr eine weitere Stunde aufgeladen, sodass du schnell wieder ins Spiel startest. Dank des Surround Sounds in 360 Grad erlebst du dein Spiel intensiver und h\u00f6rst genau, aus welcher Richtung deine Gegner kommen. Damit bist du ihnen jederzeit einen Schritt voraus. Die durchschnittliche Akkulaufzeit des Headsets betr\u00e4gt 22 Stunden. So erlebst du ausgiebigen Gaming-Spa\u00df, ohne das Headset zwischendurch zu laden. Spielst du \u00f6fter im Single-Player-Modus oder ben\u00f6tigst kein Mikrofon? Dann entferne das Mikrofon einfach vom Headset.<\/p>\n","protected":false},"featured_media":0,"comment_status":"closed","ping_status":"open","template":"","meta":{"_acf_changed":false},"brand":[5677],"product_brand":[],"product_cat":[3435],"product_tag":[3436],"class_list":{"0":"post-84399","1":"product","2":"type-product","3":"status-publish","5":"brand-jbl","6":"product_cat-gaming-headsets","7":"product_tag-gaming-headsets","8":"pa_condition-new","9":"pa_coolblue-de-verzending-morgen-gratis-geliefert","10":"pa_ean-33475","12":"first","13":"instock","14":"product-type-external"},"acf":[],"_links":{"self":[{"href":"https:\/\/onlinehardwareshop.de\/index.php\/wp-json\/wp\/v2\/product\/84399","targetHints":{"allow":["GET"]}}],"collection":[{"href":"https:\/\/onlinehardwareshop.de\/index.php\/wp-json\/wp\/v2\/product"}],"about":[{"href":"https:\/\/onlinehardwareshop.de\/index.php\/wp-json\/wp\/v2\/types\/product"}],"replies":[{"embeddable":true,"href":"https:\/\/onlinehardwareshop.de\/index.php\/wp-json\/wp\/v2\/comments?post=84399"}],"wp:attachment":[{"href":"https:\/\/onlinehardwareshop.de\/index.php\/wp-json\/wp\/v2\/media?parent=84399"}],"wp:term":[{"taxonomy":"brand","embeddable":true,"href":"https:\/\/onlinehardwareshop.de\/index.php\/wp-json\/wp\/v2\/brand?post=84399"},{"taxonomy":"product_brand","embeddable":true,"href":"https:\/\/onlinehardwareshop.de\/index.php\/wp-json\/wp\/v2\/product_brand?post=84399"},{"taxonomy":"product_cat","embeddable":true,"href":"https:\/\/onlinehardwareshop.de\/index.php\/wp-json\/wp\/v2\/product_cat?post=84399"},{"taxonomy":"product_tag","embeddable":true,"href":"https:\/\/onlinehardwareshop.de\/index.php\/wp-json\/wp\/v2\/product_tag?post=84399"}],"curies":[{"name":"wp","href":"https:\/\/api.w.org\/{rel}","templated":true}]}}