{"id":84398,"date":"2025-02-12T07:01:22","date_gmt":"2025-02-12T07:01:22","guid":{"rendered":"https:\/\/onlinehardwareshop.de\/index.php\/produkt\/jbl-quantum-400-schwarz-jbl-go-4-schwarz-2\/"},"modified":"2025-05-14T19:29:04","modified_gmt":"2025-05-14T19:29:04","slug":"jbl-quantum-400-schwarz-jbl-go-4-schwarz","status":"publish","type":"product","link":"https:\/\/onlinehardwareshop.de\/index.php\/produkt\/jbl-quantum-400-schwarz-jbl-go-4-schwarz\/","title":{"rendered":"JBL Quantum 400 Schwarz + JBL Go 4 Schwarz"},"content":{"rendered":"<p>Entscheide dich f\u00fcr das beste Gaming-Erlebnis mit diesem Set aus JBL Quantum 400 Schwarz + JBL Go 4 Schwarz. Mit dem mitgelieferten JBL Go Lautsprecher genie\u00dft du sieben Stunden lang einen kraftvollen Sound mit intensivem Bass. Dieses Gaming-Headset schlie\u00dft du \u00fcber ein 3,5-mm-Audiokabel an. Das Headset ist also Plug &#038; Play und sofort einsatzbereit. Dank der Rauschunterdr\u00fcckung des Mikrofons kommunizierst du online ganz ohne Hintergrundger\u00e4usche mit deinen Freunden. So kommen deine Kommentare immer deutlich an. Erlebe dein Gameplay dank Surround Sound in 360 Grad und sei deinen Gegnern jederzeit einen Schritt voraus. Spielst du \u00f6fter im Single-Player-Modus oder ben\u00f6tigst kein Mikrofon? Dann klappe das Mikrofon vom Headset einfach ein. So ist es dir nicht im Weg und du spielst ungest\u00f6rt weiter.<\/p>\n","protected":false},"excerpt":{"rendered":"<p>Entscheide dich f\u00fcr das beste Gaming-Erlebnis mit diesem Set aus JBL Quantum 400 Schwarz + JBL Go 4 Schwarz. Mit dem mitgelieferten JBL Go Lautsprecher genie\u00dft du sieben Stunden lang einen kraftvollen Sound mit intensivem Bass. Dieses Gaming-Headset schlie\u00dft du \u00fcber ein 3,5-mm-Audiokabel an. Das Headset ist also Plug &#038; Play und sofort einsatzbereit. Dank der Rauschunterdr\u00fcckung des Mikrofons kommunizierst du online ganz ohne Hintergrundger\u00e4usche mit deinen Freunden. So kommen deine Kommentare immer deutlich an. Erlebe dein Gameplay dank Surround Sound in 360 Grad und sei deinen Gegnern jederzeit einen Schritt voraus. Spielst du \u00f6fter im Single-Player-Modus oder ben\u00f6tigst kein Mikrofon? Dann klappe das Mikrofon vom Headset einfach ein. So ist es dir nicht im Weg und du spielst ungest\u00f6rt weiter.<\/p>\n","protected":false},"featured_media":0,"comment_status":"closed","ping_status":"open","template":"","meta":{"_acf_changed":false},"brand":[5677],"product_brand":[],"product_cat":[3435],"product_tag":[3436],"class_list":{"0":"post-84398","1":"product","2":"type-product","3":"status-publish","5":"brand-jbl","6":"product_cat-gaming-headsets","7":"product_tag-gaming-headsets","8":"pa_condition-new","9":"pa_coolblue-de-verzending-morgen-gratis-geliefert","10":"pa_ean-33474","12":"first","13":"instock","14":"product-type-external"},"acf":[],"_links":{"self":[{"href":"https:\/\/onlinehardwareshop.de\/index.php\/wp-json\/wp\/v2\/product\/84398","targetHints":{"allow":["GET"]}}],"collection":[{"href":"https:\/\/onlinehardwareshop.de\/index.php\/wp-json\/wp\/v2\/product"}],"about":[{"href":"https:\/\/onlinehardwareshop.de\/index.php\/wp-json\/wp\/v2\/types\/product"}],"replies":[{"embeddable":true,"href":"https:\/\/onlinehardwareshop.de\/index.php\/wp-json\/wp\/v2\/comments?post=84398"}],"wp:attachment":[{"href":"https:\/\/onlinehardwareshop.de\/index.php\/wp-json\/wp\/v2\/media?parent=84398"}],"wp:term":[{"taxonomy":"brand","embeddable":true,"href":"https:\/\/onlinehardwareshop.de\/index.php\/wp-json\/wp\/v2\/brand?post=84398"},{"taxonomy":"product_brand","embeddable":true,"href":"https:\/\/onlinehardwareshop.de\/index.php\/wp-json\/wp\/v2\/product_brand?post=84398"},{"taxonomy":"product_cat","embeddable":true,"href":"https:\/\/onlinehardwareshop.de\/index.php\/wp-json\/wp\/v2\/product_cat?post=84398"},{"taxonomy":"product_tag","embeddable":true,"href":"https:\/\/onlinehardwareshop.de\/index.php\/wp-json\/wp\/v2\/product_tag?post=84398"}],"curies":[{"name":"wp","href":"https:\/\/api.w.org\/{rel}","templated":true}]}}