{"id":84390,"date":"2025-01-15T21:46:08","date_gmt":"2025-01-15T21:46:08","guid":{"rendered":"https:\/\/onlinehardwareshop.de\/index.php\/produkt\/nintendo-switch2-piranha-pflanze-kamera-2\/"},"modified":"2025-05-14T19:18:54","modified_gmt":"2025-05-14T19:18:54","slug":"nintendo-switch2-piranha-pflanze-kamera","status":"publish","type":"product","link":"https:\/\/onlinehardwareshop.de\/index.php\/produkt\/nintendo-switch2-piranha-pflanze-kamera\/","title":{"rendered":"Nintendo Switch&#xA0;2 Piranha Pflanze Kamera"},"content":{"rendered":"<p>Game auf der Nintendo Switch\u00a02 Piranha Pflanze Kamera zusammen mit Freunden bildgest\u00fctzt. Die Kamera l\u00e4sst sich an der Oberseite der Nintendo Switch\u00a02 \u00fcber den USB-C-Eingang anschlie\u00dfen. \u00d6ffne GameChat \u00fcber die C-Taste auf dem Joy-Con und begebt euch alle in einen Videochat. So siehst und h\u00f6rst du die anderen w\u00e4hrend Mini-Games von Super Mario Party Jamboree. Am Videochat k\u00f6nnen bis zu vier Mitspieler gleichzeitig teilnehmen. Brauchst du die Kamera gerade nicht? Dann stelle sie in der mitgelieferten Halterung ab. Dank des einzigartigen Designs macht sich die Kamera auch neben deiner Nintendo Switch\u00a02 oder im Regal gut.<\/p>\n","protected":false},"excerpt":{"rendered":"<p>Game auf der Nintendo Switch\u00a02 Piranha Pflanze Kamera zusammen mit Freunden bildgest\u00fctzt. Die Kamera l\u00e4sst sich an der Oberseite der Nintendo Switch\u00a02 \u00fcber den USB-C-Eingang anschlie\u00dfen. \u00d6ffne GameChat \u00fcber die C-Taste auf dem Joy-Con und begebt euch alle in einen Videochat. So siehst und h\u00f6rst du die anderen w\u00e4hrend Mini-Games von Super Mario Party Jamboree. Am Videochat k\u00f6nnen bis zu vier Mitspieler gleichzeitig teilnehmen. Brauchst du die Kamera gerade nicht? Dann stelle sie in der mitgelieferten Halterung ab. Dank des einzigartigen Designs macht sich die Kamera auch neben deiner Nintendo Switch\u00a02 oder im Regal gut.<\/p>\n","protected":false},"featured_media":0,"comment_status":"closed","ping_status":"open","template":"","meta":{"_acf_changed":false},"brand":[2704],"product_brand":[],"product_cat":[999],"product_tag":[2383],"class_list":{"0":"post-84390","1":"product","2":"type-product","3":"status-publish","5":"brand-nintendo","6":"product_cat-webcams","7":"product_tag-streaming-webcams","8":"pa_condition-new","9":"pa_coolblue-de-verzending-pre-order","10":"pa_ean-33005","11":"pa_mpn-33006","13":"first","14":"instock","15":"product-type-external"},"acf":[],"_links":{"self":[{"href":"https:\/\/onlinehardwareshop.de\/index.php\/wp-json\/wp\/v2\/product\/84390","targetHints":{"allow":["GET"]}}],"collection":[{"href":"https:\/\/onlinehardwareshop.de\/index.php\/wp-json\/wp\/v2\/product"}],"about":[{"href":"https:\/\/onlinehardwareshop.de\/index.php\/wp-json\/wp\/v2\/types\/product"}],"replies":[{"embeddable":true,"href":"https:\/\/onlinehardwareshop.de\/index.php\/wp-json\/wp\/v2\/comments?post=84390"}],"wp:attachment":[{"href":"https:\/\/onlinehardwareshop.de\/index.php\/wp-json\/wp\/v2\/media?parent=84390"}],"wp:term":[{"taxonomy":"brand","embeddable":true,"href":"https:\/\/onlinehardwareshop.de\/index.php\/wp-json\/wp\/v2\/brand?post=84390"},{"taxonomy":"product_brand","embeddable":true,"href":"https:\/\/onlinehardwareshop.de\/index.php\/wp-json\/wp\/v2\/product_brand?post=84390"},{"taxonomy":"product_cat","embeddable":true,"href":"https:\/\/onlinehardwareshop.de\/index.php\/wp-json\/wp\/v2\/product_cat?post=84390"},{"taxonomy":"product_tag","embeddable":true,"href":"https:\/\/onlinehardwareshop.de\/index.php\/wp-json\/wp\/v2\/product_tag?post=84390"}],"curies":[{"name":"wp","href":"https:\/\/api.w.org\/{rel}","templated":true}]}}