{"id":84389,"date":"2024-02-25T15:23:51","date_gmt":"2024-02-25T15:23:51","guid":{"rendered":"https:\/\/onlinehardwareshop.de\/index.php\/produkt\/nintendo-switch2-kamera-2\/"},"modified":"2025-05-14T19:18:49","modified_gmt":"2025-05-14T19:18:49","slug":"nintendo-switch2-kamera","status":"publish","type":"product","link":"https:\/\/onlinehardwareshop.de\/index.php\/produkt\/nintendo-switch2-kamera\/","title":{"rendered":"Nintendo Switch&#xA0;2 Kamera"},"content":{"rendered":"<p>Game auf der Nintendo Switch\u00a02 Kamera zusammen mit Freunden bildgest\u00fctzt. Die Kamera l\u00e4sst sich an der Nintendo Switch\u00a02 per USB-C-Kabel anschlie\u00dfen. \u00d6ffne GameChat \u00fcber die C-Taste auf dem Joy-Con und begebt euch alle in einen Videochat. So siehst und h\u00f6rst du die anderen w\u00e4hrend Mini-Games von zum Beispiel Super Mario Party Jamboree. Am Videochat k\u00f6nnen bis zu vier Mitspieler gleichzeitig teilnehmen. Dank der kompakten Gr\u00f6\u00dfe stellst du die Kamera bequem neben dem Fernseher oder der Dockingstation auf. Au\u00dferdem bist du dank des 110-Grad-Weitwinkelobjektivs und des automatischen Bildsensors immer gut zu sehen.<\/p>\n","protected":false},"excerpt":{"rendered":"<p>Game auf der Nintendo Switch\u00a02 Kamera zusammen mit Freunden bildgest\u00fctzt. Die Kamera l\u00e4sst sich an der Nintendo Switch\u00a02 per USB-C-Kabel anschlie\u00dfen. \u00d6ffne GameChat \u00fcber die C-Taste auf dem Joy-Con und begebt euch alle in einen Videochat. So siehst und h\u00f6rst du die anderen w\u00e4hrend Mini-Games von zum Beispiel Super Mario Party Jamboree. Am Videochat k\u00f6nnen bis zu vier Mitspieler gleichzeitig teilnehmen. Dank der kompakten Gr\u00f6\u00dfe stellst du die Kamera bequem neben dem Fernseher oder der Dockingstation auf. Au\u00dferdem bist du dank des 110-Grad-Weitwinkelobjektivs und des automatischen Bildsensors immer gut zu sehen.<\/p>\n","protected":false},"featured_media":0,"comment_status":"closed","ping_status":"open","template":"","meta":{"_acf_changed":false},"brand":[2704],"product_brand":[],"product_cat":[999],"product_tag":[2383],"class_list":{"0":"post-84389","1":"product","2":"type-product","3":"status-publish","5":"brand-nintendo","6":"product_cat-webcams","7":"product_tag-streaming-webcams","8":"pa_condition-new","9":"pa_coolblue-de-verzending-pre-order","10":"pa_ean-33003","11":"pa_mpn-33004","13":"first","14":"instock","15":"product-type-external"},"acf":[],"_links":{"self":[{"href":"https:\/\/onlinehardwareshop.de\/index.php\/wp-json\/wp\/v2\/product\/84389","targetHints":{"allow":["GET"]}}],"collection":[{"href":"https:\/\/onlinehardwareshop.de\/index.php\/wp-json\/wp\/v2\/product"}],"about":[{"href":"https:\/\/onlinehardwareshop.de\/index.php\/wp-json\/wp\/v2\/types\/product"}],"replies":[{"embeddable":true,"href":"https:\/\/onlinehardwareshop.de\/index.php\/wp-json\/wp\/v2\/comments?post=84389"}],"wp:attachment":[{"href":"https:\/\/onlinehardwareshop.de\/index.php\/wp-json\/wp\/v2\/media?parent=84389"}],"wp:term":[{"taxonomy":"brand","embeddable":true,"href":"https:\/\/onlinehardwareshop.de\/index.php\/wp-json\/wp\/v2\/brand?post=84389"},{"taxonomy":"product_brand","embeddable":true,"href":"https:\/\/onlinehardwareshop.de\/index.php\/wp-json\/wp\/v2\/product_brand?post=84389"},{"taxonomy":"product_cat","embeddable":true,"href":"https:\/\/onlinehardwareshop.de\/index.php\/wp-json\/wp\/v2\/product_cat?post=84389"},{"taxonomy":"product_tag","embeddable":true,"href":"https:\/\/onlinehardwareshop.de\/index.php\/wp-json\/wp\/v2\/product_tag?post=84389"}],"curies":[{"name":"wp","href":"https:\/\/api.w.org\/{rel}","templated":true}]}}