{"id":84374,"date":"2025-04-04T17:29:23","date_gmt":"2025-04-04T17:29:23","guid":{"rendered":"https:\/\/onlinehardwareshop.de\/index.php\/produkt\/epson-ecotank-et-16605-1-satz-reservetinte-2\/"},"modified":"2025-05-14T19:17:30","modified_gmt":"2025-05-14T19:17:30","slug":"epson-ecotank-et-16605-1-satz-reservetinte","status":"publish","type":"product","link":"https:\/\/onlinehardwareshop.de\/index.php\/produkt\/epson-ecotank-et-16605-1-satz-reservetinte\/","title":{"rendered":"Epson EcoTank ET-16605 + 1 Satz Reservetinte"},"content":{"rendered":"<p>Mit dem Set aus Epson EcoTank ET-16605 + 1 Satz Reservetinte geht dir nicht pl\u00f6tzlich die Tinte aus. Du druckst dank der zus\u00e4tzlichen Tintenflaschen bis zu 12.000 Schwarz-Wei\u00df-Seiten und bis zu 15.000 Farbseiten. Mit dem Epson EcoTank ET-16600 Multifunktions-Tintenstrahlfarbdrucker steht dir ein Drucker mit geringen Betriebskosten f\u00fcrs B\u00fcro zur Verf\u00fcgung. Das liegt daran, dass der EcoTank Drucker Tintentanks statt Patronen nutzt. Der ET-16600 druckt bis zu einem Papierformat von A3+. Damit druckst du Poster, Flyer und Bauzeichnungen aus. Mit diesem Drucker arbeitest du dank der ADF-Funktion produktiv. Du legst bis zu 50 Blatt Papier gleichzeitig ins Einzugsfach und der Drucker scannt und kopiert alle Seiten auf einmal. Dank der Druckgeschwindigkeit von bis zu 25 Seiten pro Minuten f\u00fcr Schwarz-Wei\u00df-Drucke h\u00e4ltst du schnell ein gro\u00dfes Dokument in den H\u00e4nden.<\/p>\n","protected":false},"excerpt":{"rendered":"<p>Mit dem Set aus Epson EcoTank ET-16605 + 1 Satz Reservetinte geht dir nicht pl\u00f6tzlich die Tinte aus. Du druckst dank der zus\u00e4tzlichen Tintenflaschen bis zu 12.000 Schwarz-Wei\u00df-Seiten und bis zu 15.000 Farbseiten. Mit dem Epson EcoTank ET-16600 Multifunktions-Tintenstrahlfarbdrucker steht dir ein Drucker mit geringen Betriebskosten f\u00fcrs B\u00fcro zur Verf\u00fcgung. Das liegt daran, dass der EcoTank Drucker Tintentanks statt Patronen nutzt. Der ET-16600 druckt bis zu einem Papierformat von A3+. Damit druckst du Poster, Flyer und Bauzeichnungen aus. Mit diesem Drucker arbeitest du dank der ADF-Funktion produktiv. Du legst bis zu 50 Blatt Papier gleichzeitig ins Einzugsfach und der Drucker scannt und kopiert alle Seiten auf einmal. Dank der Druckgeschwindigkeit von bis zu 25 Seiten pro Minuten f\u00fcr Schwarz-Wei\u00df-Drucke h\u00e4ltst du schnell ein gro\u00dfes Dokument in den H\u00e4nden.<\/p>\n","protected":false},"featured_media":0,"comment_status":"closed","ping_status":"open","template":"","meta":{"_acf_changed":false},"brand":[267],"product_brand":[],"product_cat":[2205],"product_tag":[4745],"class_list":{"0":"post-84374","1":"product","2":"type-product","3":"status-publish","5":"brand-epson","6":"product_cat-drucker","7":"product_tag-inkttank-printers","8":"pa_condition-new","9":"pa_coolblue-de-verzending-morgen-gratis-geliefert","10":"pa_ean-33722","12":"first","13":"instock","14":"product-type-external"},"acf":[],"_links":{"self":[{"href":"https:\/\/onlinehardwareshop.de\/index.php\/wp-json\/wp\/v2\/product\/84374","targetHints":{"allow":["GET"]}}],"collection":[{"href":"https:\/\/onlinehardwareshop.de\/index.php\/wp-json\/wp\/v2\/product"}],"about":[{"href":"https:\/\/onlinehardwareshop.de\/index.php\/wp-json\/wp\/v2\/types\/product"}],"replies":[{"embeddable":true,"href":"https:\/\/onlinehardwareshop.de\/index.php\/wp-json\/wp\/v2\/comments?post=84374"}],"wp:attachment":[{"href":"https:\/\/onlinehardwareshop.de\/index.php\/wp-json\/wp\/v2\/media?parent=84374"}],"wp:term":[{"taxonomy":"brand","embeddable":true,"href":"https:\/\/onlinehardwareshop.de\/index.php\/wp-json\/wp\/v2\/brand?post=84374"},{"taxonomy":"product_brand","embeddable":true,"href":"https:\/\/onlinehardwareshop.de\/index.php\/wp-json\/wp\/v2\/product_brand?post=84374"},{"taxonomy":"product_cat","embeddable":true,"href":"https:\/\/onlinehardwareshop.de\/index.php\/wp-json\/wp\/v2\/product_cat?post=84374"},{"taxonomy":"product_tag","embeddable":true,"href":"https:\/\/onlinehardwareshop.de\/index.php\/wp-json\/wp\/v2\/product_tag?post=84374"}],"curies":[{"name":"wp","href":"https:\/\/api.w.org\/{rel}","templated":true}]}}