{"id":84356,"date":"2025-04-04T10:51:49","date_gmt":"2025-04-04T10:51:49","guid":{"rendered":"https:\/\/onlinehardwareshop.de\/index.php\/produkt\/greenpan-evolution-bratpfanne-28cm-blau-2\/"},"modified":"2025-05-14T19:16:25","modified_gmt":"2025-05-14T19:16:25","slug":"greenpan-evolution-bratpfanne-28cm-blau","status":"publish","type":"product","link":"https:\/\/onlinehardwareshop.de\/index.php\/produkt\/greenpan-evolution-bratpfanne-28cm-blau\/","title":{"rendered":"GreenPan Evolution Bratpfanne 28&#xA0;cm Blau"},"content":{"rendered":"<p>In der GreenPan Evolution 28\u00a0cm Blau bereitest du problemlos gr\u00f6\u00dfere Portionen zu. Die Pfanne ist recht gro\u00df, sodass du darin zum Beispiel gro\u00dfe Fleischst\u00fccke oder Kartoffeln br\u00e4tst. Das ist praktisch, wenn du f\u00fcr mehrere Personen kochst. Die Pfanne ist nachhaltig produziert und vollkommen PFAS-frei. Du kochst also ges\u00fcnder und achtest gleichzeitig auf die Umwelt. Die Pfanne eignet sich f\u00fcr alle W\u00e4rmequellen, einschlie\u00dflich Induktion, und h\u00e4lt auch im Backofen Temperaturen von bis zu 200 Grad Celsius stand. Das ist praktisch, wenn du ein Gericht noch schnell fertig garen oder warmhalten m\u00f6chtest. Die blaue Farbe und der Edelstahlgriff verleihen der Bratpfanne au\u00dferdem einen modernen und edlen Look. So legst du dir also eine stilvolle Pfanne zu.<\/p>\n","protected":false},"excerpt":{"rendered":"<p>In der GreenPan Evolution 28\u00a0cm Blau bereitest du problemlos gr\u00f6\u00dfere Portionen zu. Die Pfanne ist recht gro\u00df, sodass du darin zum Beispiel gro\u00dfe Fleischst\u00fccke oder Kartoffeln br\u00e4tst. Das ist praktisch, wenn du f\u00fcr mehrere Personen kochst. Die Pfanne ist nachhaltig produziert und vollkommen PFAS-frei. Du kochst also ges\u00fcnder und achtest gleichzeitig auf die Umwelt. Die Pfanne eignet sich f\u00fcr alle W\u00e4rmequellen, einschlie\u00dflich Induktion, und h\u00e4lt auch im Backofen Temperaturen von bis zu 200 Grad Celsius stand. Das ist praktisch, wenn du ein Gericht noch schnell fertig garen oder warmhalten m\u00f6chtest. Die blaue Farbe und der Edelstahlgriff verleihen der Bratpfanne au\u00dferdem einen modernen und edlen Look. So legst du dir also eine stilvolle Pfanne zu.<\/p>\n","protected":false},"featured_media":0,"comment_status":"closed","ping_status":"open","template":"","meta":{"_acf_changed":false},"brand":[3971],"product_brand":[],"product_cat":[372],"product_tag":[384],"class_list":{"0":"post-84356","1":"product","2":"type-product","3":"status-publish","5":"brand-greenpan","6":"product_cat-tpfe-und-pfannen","7":"product_tag-koekenpannen","8":"pa_condition-new","9":"pa_coolblue-de-verzending-morgen-gratis-geliefert","10":"pa_ean-33272","11":"pa_mpn-cc009173-001","13":"first","14":"instock","15":"product-type-external"},"acf":[],"_links":{"self":[{"href":"https:\/\/onlinehardwareshop.de\/index.php\/wp-json\/wp\/v2\/product\/84356","targetHints":{"allow":["GET"]}}],"collection":[{"href":"https:\/\/onlinehardwareshop.de\/index.php\/wp-json\/wp\/v2\/product"}],"about":[{"href":"https:\/\/onlinehardwareshop.de\/index.php\/wp-json\/wp\/v2\/types\/product"}],"replies":[{"embeddable":true,"href":"https:\/\/onlinehardwareshop.de\/index.php\/wp-json\/wp\/v2\/comments?post=84356"}],"wp:attachment":[{"href":"https:\/\/onlinehardwareshop.de\/index.php\/wp-json\/wp\/v2\/media?parent=84356"}],"wp:term":[{"taxonomy":"brand","embeddable":true,"href":"https:\/\/onlinehardwareshop.de\/index.php\/wp-json\/wp\/v2\/brand?post=84356"},{"taxonomy":"product_brand","embeddable":true,"href":"https:\/\/onlinehardwareshop.de\/index.php\/wp-json\/wp\/v2\/product_brand?post=84356"},{"taxonomy":"product_cat","embeddable":true,"href":"https:\/\/onlinehardwareshop.de\/index.php\/wp-json\/wp\/v2\/product_cat?post=84356"},{"taxonomy":"product_tag","embeddable":true,"href":"https:\/\/onlinehardwareshop.de\/index.php\/wp-json\/wp\/v2\/product_tag?post=84356"}],"curies":[{"name":"wp","href":"https:\/\/api.w.org\/{rel}","templated":true}]}}