{"id":84355,"date":"2024-09-15T11:48:21","date_gmt":"2024-09-15T11:48:21","guid":{"rendered":"https:\/\/onlinehardwareshop.de\/index.php\/produkt\/greenpan-evolution-bratpfanne-24cm-blau-2\/"},"modified":"2025-05-14T19:16:21","modified_gmt":"2025-05-14T19:16:21","slug":"greenpan-evolution-bratpfanne-24cm-blau","status":"publish","type":"product","link":"https:\/\/onlinehardwareshop.de\/index.php\/produkt\/greenpan-evolution-bratpfanne-24cm-blau\/","title":{"rendered":"GreenPan Evolution Bratpfanne 24&#xA0;cm Blau"},"content":{"rendered":"<p>Mit der GreenPan Evolution 24\u00a0cm Blau Bratpfanne br\u00e4tst du ges\u00fcnder und sparsamer. Diese Pfanne ist PFAS-frei und langlebig. Dein Essen bleibt also frei von Schadstoffen und du hast l\u00e4nger Freude an der Pfanne. Von Gas bis Induktion eignet sie sich f\u00fcr alle W\u00e4rmequellen und h\u00e4lt im Backofen au\u00dferdem Temperaturen von bis zu 200 Grad Celsius stand. Das ist praktisch, wenn du ein Gericht langsam garen oder warmhalten m\u00f6chtest. Dank der robusten Keramik-Antihaftbeschichtung ben\u00f6tigst du f\u00fcr deine Zubereitung nur wenig Fett und nutzt auch hohe Temperaturen. So zauberst du schnell eine sch\u00f6ne Kruste auf dein Fleisch, den Fisch oder das Gem\u00fcse. Die Pfanne ist mit ihrer blauen Farbe und dem Edelstahlgriff au\u00dferdem eine stilvolle Erg\u00e4nzung f\u00fcr deine K\u00fcche.<\/p>\n","protected":false},"excerpt":{"rendered":"<p>Mit der GreenPan Evolution 24\u00a0cm Blau Bratpfanne br\u00e4tst du ges\u00fcnder und sparsamer. Diese Pfanne ist PFAS-frei und langlebig. Dein Essen bleibt also frei von Schadstoffen und du hast l\u00e4nger Freude an der Pfanne. Von Gas bis Induktion eignet sie sich f\u00fcr alle W\u00e4rmequellen und h\u00e4lt im Backofen au\u00dferdem Temperaturen von bis zu 200 Grad Celsius stand. Das ist praktisch, wenn du ein Gericht langsam garen oder warmhalten m\u00f6chtest. Dank der robusten Keramik-Antihaftbeschichtung ben\u00f6tigst du f\u00fcr deine Zubereitung nur wenig Fett und nutzt auch hohe Temperaturen. So zauberst du schnell eine sch\u00f6ne Kruste auf dein Fleisch, den Fisch oder das Gem\u00fcse. Die Pfanne ist mit ihrer blauen Farbe und dem Edelstahlgriff au\u00dferdem eine stilvolle Erg\u00e4nzung f\u00fcr deine K\u00fcche.<\/p>\n","protected":false},"featured_media":0,"comment_status":"closed","ping_status":"open","template":"","meta":{"_acf_changed":false},"brand":[3971],"product_brand":[],"product_cat":[372],"product_tag":[384],"class_list":{"0":"post-84355","1":"product","2":"type-product","3":"status-publish","5":"brand-greenpan","6":"product_cat-tpfe-und-pfannen","7":"product_tag-koekenpannen","8":"pa_condition-new","9":"pa_coolblue-de-verzending-morgen-gratis-geliefert","10":"pa_ean-33270","11":"pa_mpn-cc009172-001","13":"first","14":"instock","15":"product-type-external"},"acf":[],"_links":{"self":[{"href":"https:\/\/onlinehardwareshop.de\/index.php\/wp-json\/wp\/v2\/product\/84355","targetHints":{"allow":["GET"]}}],"collection":[{"href":"https:\/\/onlinehardwareshop.de\/index.php\/wp-json\/wp\/v2\/product"}],"about":[{"href":"https:\/\/onlinehardwareshop.de\/index.php\/wp-json\/wp\/v2\/types\/product"}],"replies":[{"embeddable":true,"href":"https:\/\/onlinehardwareshop.de\/index.php\/wp-json\/wp\/v2\/comments?post=84355"}],"wp:attachment":[{"href":"https:\/\/onlinehardwareshop.de\/index.php\/wp-json\/wp\/v2\/media?parent=84355"}],"wp:term":[{"taxonomy":"brand","embeddable":true,"href":"https:\/\/onlinehardwareshop.de\/index.php\/wp-json\/wp\/v2\/brand?post=84355"},{"taxonomy":"product_brand","embeddable":true,"href":"https:\/\/onlinehardwareshop.de\/index.php\/wp-json\/wp\/v2\/product_brand?post=84355"},{"taxonomy":"product_cat","embeddable":true,"href":"https:\/\/onlinehardwareshop.de\/index.php\/wp-json\/wp\/v2\/product_cat?post=84355"},{"taxonomy":"product_tag","embeddable":true,"href":"https:\/\/onlinehardwareshop.de\/index.php\/wp-json\/wp\/v2\/product_tag?post=84355"}],"curies":[{"name":"wp","href":"https:\/\/api.w.org\/{rel}","templated":true}]}}