{"id":84302,"date":"2025-01-26T01:14:49","date_gmt":"2025-01-26T01:14:49","guid":{"rendered":"https:\/\/onlinehardwareshop.de\/index.php\/produkt\/severin-kg-2399-2\/"},"modified":"2025-05-14T19:12:10","modified_gmt":"2025-05-14T19:12:10","slug":"severin-kg-2399","status":"publish","type":"product","link":"https:\/\/onlinehardwareshop.de\/index.php\/produkt\/severin-kg-2399\/","title":{"rendered":"SEVERIN KG 2399"},"content":{"rendered":"<p>Mit dem SEVERIN KG 2399 Kontaktgrill bereitest du im Nu leckeres Grillgut zu. Fleisch oder Gem\u00fcse br\u00e4tst du auf den geriffelten Backplatten sch\u00f6n scharf an. Die Temperatur des Grills stellst du nach Bedarf ein. F\u00fcr extra knusprige Ergebnisse hat der Grill eine Maximaltemperatur von 230 Grad. Du hast zum Abendessen eingeladen und noch etwas in der K\u00fcche vorzubereiten? Dank des integrierten Timers l\u00e4sst du den Grill auch mal aus den Augen. Das Piepen l\u00e4sst dich wissen, wann dein Essen fertig ist. Klappst du das Ger\u00e4t komplett auf, verwandelt es sich in einen praktischen Tischgrill. Auf den aufgefalteten Backplatten des Severin Kontaktgrills grillst du so auch drinnen. Die Backplatten nimmst du im Anschluss einfach aus dem Ger\u00e4t, um sie abzusp\u00fclen.<\/p>\n","protected":false},"excerpt":{"rendered":"<p>Mit dem SEVERIN KG 2399 Kontaktgrill bereitest du im Nu leckeres Grillgut zu. Fleisch oder Gem\u00fcse br\u00e4tst du auf den geriffelten Backplatten sch\u00f6n scharf an. Die Temperatur des Grills stellst du nach Bedarf ein. F\u00fcr extra knusprige Ergebnisse hat der Grill eine Maximaltemperatur von 230 Grad. Du hast zum Abendessen eingeladen und noch etwas in der K\u00fcche vorzubereiten? Dank des integrierten Timers l\u00e4sst du den Grill auch mal aus den Augen. Das Piepen l\u00e4sst dich wissen, wann dein Essen fertig ist. Klappst du das Ger\u00e4t komplett auf, verwandelt es sich in einen praktischen Tischgrill. Auf den aufgefalteten Backplatten des Severin Kontaktgrills grillst du so auch drinnen. Die Backplatten nimmst du im Anschluss einfach aus dem Ger\u00e4t, um sie abzusp\u00fclen.<\/p>\n","protected":false},"featured_media":0,"comment_status":"closed","ping_status":"open","template":"","meta":{"_acf_changed":false},"brand":[12235],"product_brand":[],"product_cat":[300],"product_tag":[301],"class_list":{"0":"post-84302","1":"product","2":"type-product","3":"status-publish","5":"brand-severin","6":"product_cat-kontaktgrills","7":"product_tag-contactgrills","8":"pa_condition-new","9":"pa_coolblue-de-verzending-morgen-gratis-geliefert","10":"pa_ean-32917","11":"pa_mpn-32918","13":"first","14":"instock","15":"product-type-external"},"acf":[],"_links":{"self":[{"href":"https:\/\/onlinehardwareshop.de\/index.php\/wp-json\/wp\/v2\/product\/84302","targetHints":{"allow":["GET"]}}],"collection":[{"href":"https:\/\/onlinehardwareshop.de\/index.php\/wp-json\/wp\/v2\/product"}],"about":[{"href":"https:\/\/onlinehardwareshop.de\/index.php\/wp-json\/wp\/v2\/types\/product"}],"replies":[{"embeddable":true,"href":"https:\/\/onlinehardwareshop.de\/index.php\/wp-json\/wp\/v2\/comments?post=84302"}],"wp:attachment":[{"href":"https:\/\/onlinehardwareshop.de\/index.php\/wp-json\/wp\/v2\/media?parent=84302"}],"wp:term":[{"taxonomy":"brand","embeddable":true,"href":"https:\/\/onlinehardwareshop.de\/index.php\/wp-json\/wp\/v2\/brand?post=84302"},{"taxonomy":"product_brand","embeddable":true,"href":"https:\/\/onlinehardwareshop.de\/index.php\/wp-json\/wp\/v2\/product_brand?post=84302"},{"taxonomy":"product_cat","embeddable":true,"href":"https:\/\/onlinehardwareshop.de\/index.php\/wp-json\/wp\/v2\/product_cat?post=84302"},{"taxonomy":"product_tag","embeddable":true,"href":"https:\/\/onlinehardwareshop.de\/index.php\/wp-json\/wp\/v2\/product_tag?post=84302"}],"curies":[{"name":"wp","href":"https:\/\/api.w.org\/{rel}","templated":true}]}}