{"id":84301,"date":"2025-03-24T09:21:20","date_gmt":"2025-03-24T09:21:20","guid":{"rendered":"https:\/\/onlinehardwareshop.de\/index.php\/produkt\/severin-kg-2398-2\/"},"modified":"2025-05-14T19:12:05","modified_gmt":"2025-05-14T19:12:05","slug":"severin-kg-2398","status":"publish","type":"product","link":"https:\/\/onlinehardwareshop.de\/index.php\/produkt\/severin-kg-2398\/","title":{"rendered":"SEVERIN KG 2398"},"content":{"rendered":"<p>Mit dem SEVERIN KG 2398 Kontaktgrill br\u00e4tst du dein Essen im Handumdrehen an. Die Temperatur des Grills stellst du auf bis zu 230 Grad ein. So bekommst du etwa Fleisch oder Gem\u00fcse knusprig angebraten. Auch deine Sandwiches werden zwischen den geriffelten Platten lecker goldbraun. Dank der Verriegelung schlie\u00dft du den Grill sicher und dr\u00fcckst deine Panini fest zusammen. Dadurch schmilzt der K\u00e4se besonders gleichm\u00e4\u00dfig, denn das Brot wird von beiden Seiten gut erhitzt. Klappst du den Grill komplett auf, wird daraus ein praktischer Tischgrill. Damit veranstaltest du einen gem\u00fctlichen Grillabend drinnen. Auf dem aufgefalteten Severin Kontaktgrill bereitet so jeder sein liebstes Grillgut zu. Die Backplatten nimmst du im Anschluss einfach aus dem Ger\u00e4t, um sie per Hand abzusp\u00fclen.<\/p>\n","protected":false},"excerpt":{"rendered":"<p>Mit dem SEVERIN KG 2398 Kontaktgrill br\u00e4tst du dein Essen im Handumdrehen an. Die Temperatur des Grills stellst du auf bis zu 230 Grad ein. So bekommst du etwa Fleisch oder Gem\u00fcse knusprig angebraten. Auch deine Sandwiches werden zwischen den geriffelten Platten lecker goldbraun. Dank der Verriegelung schlie\u00dft du den Grill sicher und dr\u00fcckst deine Panini fest zusammen. Dadurch schmilzt der K\u00e4se besonders gleichm\u00e4\u00dfig, denn das Brot wird von beiden Seiten gut erhitzt. Klappst du den Grill komplett auf, wird daraus ein praktischer Tischgrill. Damit veranstaltest du einen gem\u00fctlichen Grillabend drinnen. Auf dem aufgefalteten Severin Kontaktgrill bereitet so jeder sein liebstes Grillgut zu. Die Backplatten nimmst du im Anschluss einfach aus dem Ger\u00e4t, um sie per Hand abzusp\u00fclen.<\/p>\n","protected":false},"featured_media":0,"comment_status":"closed","ping_status":"open","template":"","meta":{"_acf_changed":false},"brand":[12235],"product_brand":[],"product_cat":[300],"product_tag":[301],"class_list":{"0":"post-84301","1":"product","2":"type-product","3":"status-publish","5":"brand-severin","6":"product_cat-kontaktgrills","7":"product_tag-contactgrills","8":"pa_condition-new","9":"pa_coolblue-de-verzending-morgen-gratis-geliefert","10":"pa_ean-32916","11":"pa_mpn-stfr4000800","13":"first","14":"instock","15":"product-type-external"},"acf":[],"_links":{"self":[{"href":"https:\/\/onlinehardwareshop.de\/index.php\/wp-json\/wp\/v2\/product\/84301","targetHints":{"allow":["GET"]}}],"collection":[{"href":"https:\/\/onlinehardwareshop.de\/index.php\/wp-json\/wp\/v2\/product"}],"about":[{"href":"https:\/\/onlinehardwareshop.de\/index.php\/wp-json\/wp\/v2\/types\/product"}],"replies":[{"embeddable":true,"href":"https:\/\/onlinehardwareshop.de\/index.php\/wp-json\/wp\/v2\/comments?post=84301"}],"wp:attachment":[{"href":"https:\/\/onlinehardwareshop.de\/index.php\/wp-json\/wp\/v2\/media?parent=84301"}],"wp:term":[{"taxonomy":"brand","embeddable":true,"href":"https:\/\/onlinehardwareshop.de\/index.php\/wp-json\/wp\/v2\/brand?post=84301"},{"taxonomy":"product_brand","embeddable":true,"href":"https:\/\/onlinehardwareshop.de\/index.php\/wp-json\/wp\/v2\/product_brand?post=84301"},{"taxonomy":"product_cat","embeddable":true,"href":"https:\/\/onlinehardwareshop.de\/index.php\/wp-json\/wp\/v2\/product_cat?post=84301"},{"taxonomy":"product_tag","embeddable":true,"href":"https:\/\/onlinehardwareshop.de\/index.php\/wp-json\/wp\/v2\/product_tag?post=84301"}],"curies":[{"name":"wp","href":"https:\/\/api.w.org\/{rel}","templated":true}]}}