{"id":84281,"date":"2024-09-01T22:13:02","date_gmt":"2024-09-01T22:13:02","guid":{"rendered":"https:\/\/onlinehardwareshop.de\/index.php\/produkt\/act-ac7832-1-x-4-hdmi-splitter-2\/"},"modified":"2025-05-14T19:09:53","modified_gmt":"2025-05-14T19:09:53","slug":"act-ac7832-1-x-4-hdmi-splitter","status":"publish","type":"product","link":"https:\/\/onlinehardwareshop.de\/index.php\/produkt\/act-ac7832-1-x-4-hdmi-splitter\/","title":{"rendered":"ACT AC7832 1 x 4 HDMI-Splitter"},"content":{"rendered":"<p>Mit dem ACT AC7832 splittest du ein einziges HDMI-Signal in vier Signale auf. Dadurch zeigst du Bilder von einem Media Player oder Laptop auf vier verschiedenen Bildschirmen. Der Splitter unterst\u00fctzt Signale mit einer 4K-Aufl\u00f6sung und einer Bildwiederholfrequenz von 50 Hertz. Dadurch ist dir ein scharfes und fl\u00fcssiges Bild sicher, egal was du dir ansiehst. Dank der EDID-Unterst\u00fctzung ist die Bildqualit\u00e4t auf allen Bildschirmen gleich. Du befestigst den AC7832 mit der mitgelieferten Wandhalterung m\u00fchelos an einer Wand. Das ist praktisch, wenn du deinen Bildschirm aufh\u00e4ngst.<\/p>\n","protected":false},"excerpt":{"rendered":"<p>Mit dem ACT AC7832 splittest du ein einziges HDMI-Signal in vier Signale auf. Dadurch zeigst du Bilder von einem Media Player oder Laptop auf vier verschiedenen Bildschirmen. Der Splitter unterst\u00fctzt Signale mit einer 4K-Aufl\u00f6sung und einer Bildwiederholfrequenz von 50 Hertz. Dadurch ist dir ein scharfes und fl\u00fcssiges Bild sicher, egal was du dir ansiehst. Dank der EDID-Unterst\u00fctzung ist die Bildqualit\u00e4t auf allen Bildschirmen gleich. Du befestigst den AC7832 mit der mitgelieferten Wandhalterung m\u00fchelos an einer Wand. Das ist praktisch, wenn du deinen Bildschirm aufh\u00e4ngst.<\/p>\n","protected":false},"featured_media":0,"comment_status":"closed","ping_status":"open","template":"","meta":{"_acf_changed":false},"brand":[4758],"product_brand":[],"product_cat":[692],"product_tag":[693],"class_list":{"0":"post-84281","1":"product","2":"type-product","3":"status-publish","5":"brand-act","6":"product_cat-extender","7":"product_tag-extenders","8":"pa_condition-new","9":"pa_coolblue-de-verzending-morgen-gratis-geliefert","10":"pa_ean-32873","11":"pa_mpn-ac7832","13":"first","14":"instock","15":"product-type-external"},"acf":[],"_links":{"self":[{"href":"https:\/\/onlinehardwareshop.de\/index.php\/wp-json\/wp\/v2\/product\/84281","targetHints":{"allow":["GET"]}}],"collection":[{"href":"https:\/\/onlinehardwareshop.de\/index.php\/wp-json\/wp\/v2\/product"}],"about":[{"href":"https:\/\/onlinehardwareshop.de\/index.php\/wp-json\/wp\/v2\/types\/product"}],"replies":[{"embeddable":true,"href":"https:\/\/onlinehardwareshop.de\/index.php\/wp-json\/wp\/v2\/comments?post=84281"}],"wp:attachment":[{"href":"https:\/\/onlinehardwareshop.de\/index.php\/wp-json\/wp\/v2\/media?parent=84281"}],"wp:term":[{"taxonomy":"brand","embeddable":true,"href":"https:\/\/onlinehardwareshop.de\/index.php\/wp-json\/wp\/v2\/brand?post=84281"},{"taxonomy":"product_brand","embeddable":true,"href":"https:\/\/onlinehardwareshop.de\/index.php\/wp-json\/wp\/v2\/product_brand?post=84281"},{"taxonomy":"product_cat","embeddable":true,"href":"https:\/\/onlinehardwareshop.de\/index.php\/wp-json\/wp\/v2\/product_cat?post=84281"},{"taxonomy":"product_tag","embeddable":true,"href":"https:\/\/onlinehardwareshop.de\/index.php\/wp-json\/wp\/v2\/product_tag?post=84281"}],"curies":[{"name":"wp","href":"https:\/\/api.w.org\/{rel}","templated":true}]}}