{"id":84197,"date":"2024-12-07T00:31:14","date_gmt":"2024-12-07T00:31:14","guid":{"rendered":"https:\/\/onlinehardwareshop.de\/index.php\/produkt\/tefal-collection-ki666-2\/"},"modified":"2025-05-14T19:03:14","modified_gmt":"2025-05-14T19:03:14","slug":"tefal-collection-ki666","status":"publish","type":"product","link":"https:\/\/onlinehardwareshop.de\/index.php\/produkt\/tefal-collection-ki666\/","title":{"rendered":"Tefal Collection KI666"},"content":{"rendered":"<p>Beim Tefal Collection KI666 liest du genau ab, wie viel Wasser du kochst. Die Literanzeige zeigt dir, wie viel Wasser sich noch im Wasserkocher befindet. Mit einer Leistung von 2.000 Watt kocht das Wasser schnell. Das ist praktisch, wenn du nicht gerne wartest, bis du eine Tasse Tee trinkst. Du \u00f6ffnest den Deckel ganz einfach auf Knopfdruck. Es befindet sich ein Kalkfilter im Wasserkocher. Er sorgt daf\u00fcr, dass dein Tee nicht tr\u00fcbe wird und gut schmeckt. Du sp\u00fclst den herausnehmbaren Kalkfilter m\u00fchelos unter dem Wasserhahn sauber. Du verwendest den Wasserkocher l\u00e4ngere Zeit nicht? Dann schaltet er sich automatisch aus.<\/p>\n","protected":false},"excerpt":{"rendered":"<p>Beim Tefal Collection KI666 liest du genau ab, wie viel Wasser du kochst. Die Literanzeige zeigt dir, wie viel Wasser sich noch im Wasserkocher befindet. Mit einer Leistung von 2.000 Watt kocht das Wasser schnell. Das ist praktisch, wenn du nicht gerne wartest, bis du eine Tasse Tee trinkst. Du \u00f6ffnest den Deckel ganz einfach auf Knopfdruck. Es befindet sich ein Kalkfilter im Wasserkocher. Er sorgt daf\u00fcr, dass dein Tee nicht tr\u00fcbe wird und gut schmeckt. Du sp\u00fclst den herausnehmbaren Kalkfilter m\u00fchelos unter dem Wasserhahn sauber. Du verwendest den Wasserkocher l\u00e4ngere Zeit nicht? Dann schaltet er sich automatisch aus.<\/p>\n","protected":false},"featured_media":0,"comment_status":"closed","ping_status":"open","template":"","meta":{"_acf_changed":false},"brand":[506],"product_brand":[],"product_cat":[716],"product_tag":[717],"class_list":{"0":"post-84197","1":"product","2":"type-product","3":"status-publish","5":"brand-tefal","6":"product_cat-wasserkocher","7":"product_tag-waterkokers","8":"pa_condition-new","9":"pa_coolblue-de-verzending-morgen-gratis-geliefert","10":"pa_ean-32846","11":"pa_mpn-ki6668","13":"first","14":"instock","15":"product-type-external"},"acf":[],"_links":{"self":[{"href":"https:\/\/onlinehardwareshop.de\/index.php\/wp-json\/wp\/v2\/product\/84197","targetHints":{"allow":["GET"]}}],"collection":[{"href":"https:\/\/onlinehardwareshop.de\/index.php\/wp-json\/wp\/v2\/product"}],"about":[{"href":"https:\/\/onlinehardwareshop.de\/index.php\/wp-json\/wp\/v2\/types\/product"}],"replies":[{"embeddable":true,"href":"https:\/\/onlinehardwareshop.de\/index.php\/wp-json\/wp\/v2\/comments?post=84197"}],"wp:attachment":[{"href":"https:\/\/onlinehardwareshop.de\/index.php\/wp-json\/wp\/v2\/media?parent=84197"}],"wp:term":[{"taxonomy":"brand","embeddable":true,"href":"https:\/\/onlinehardwareshop.de\/index.php\/wp-json\/wp\/v2\/brand?post=84197"},{"taxonomy":"product_brand","embeddable":true,"href":"https:\/\/onlinehardwareshop.de\/index.php\/wp-json\/wp\/v2\/product_brand?post=84197"},{"taxonomy":"product_cat","embeddable":true,"href":"https:\/\/onlinehardwareshop.de\/index.php\/wp-json\/wp\/v2\/product_cat?post=84197"},{"taxonomy":"product_tag","embeddable":true,"href":"https:\/\/onlinehardwareshop.de\/index.php\/wp-json\/wp\/v2\/product_tag?post=84197"}],"curies":[{"name":"wp","href":"https:\/\/api.w.org\/{rel}","templated":true}]}}