{"id":84137,"date":"2024-10-04T01:42:07","date_gmt":"2024-10-04T01:42:07","guid":{"rendered":"https:\/\/onlinehardwareshop.de\/index.php\/produkt\/epson-ecotank-et-16605-2\/"},"modified":"2025-05-14T18:56:39","modified_gmt":"2025-05-14T18:56:39","slug":"epson-ecotank-et-16605","status":"publish","type":"product","link":"https:\/\/onlinehardwareshop.de\/index.php\/produkt\/epson-ecotank-et-16605\/","title":{"rendered":"Epson EcoTank ET-16605"},"content":{"rendered":"<p>Mit dem Epson EcoTank ET-16605 Multifunktions-Tintenstrahlfarbdrucker hast du dank der niedrigen Verbrauchskosten einen idealen Drucker f\u00fcrs B\u00fcro. Der EcoTank Drucker verwendet n\u00e4mlich Tintentanks anstelle von Patronen. Der 4-in-1-Drucker ET-16605 druckt bis zu einem Papierformat von A3+. Das ist ideal f\u00fcr detaillierte Dokumente wie Poster und Entw\u00fcrfe, die zu gro\u00df f\u00fcr A4-Papier sind. Dank der ADF-Funktion arbeitest du mit diesem Drucker produktiv. Du legst bis zu 50 Bl\u00e4tter zugleich in das Einzugsfach, woraufhin das Ger\u00e4t alle Bl\u00e4tter in einem Zug scannt und kopiert. Dokumente in Schwarz-Wei\u00df druckst du mit einer Geschwindigkeit von 25 Seiten pro Minute. Du musst also nicht lange auf die Druckauftr\u00e4ge deiner Kollegen warten.<\/p>\n","protected":false},"excerpt":{"rendered":"<p>Mit dem Epson EcoTank ET-16605 Multifunktions-Tintenstrahlfarbdrucker hast du dank der niedrigen Verbrauchskosten einen idealen Drucker f\u00fcrs B\u00fcro. Der EcoTank Drucker verwendet n\u00e4mlich Tintentanks anstelle von Patronen. Der 4-in-1-Drucker ET-16605 druckt bis zu einem Papierformat von A3+. Das ist ideal f\u00fcr detaillierte Dokumente wie Poster und Entw\u00fcrfe, die zu gro\u00df f\u00fcr A4-Papier sind. Dank der ADF-Funktion arbeitest du mit diesem Drucker produktiv. Du legst bis zu 50 Bl\u00e4tter zugleich in das Einzugsfach, woraufhin das Ger\u00e4t alle Bl\u00e4tter in einem Zug scannt und kopiert. Dokumente in Schwarz-Wei\u00df druckst du mit einer Geschwindigkeit von 25 Seiten pro Minute. Du musst also nicht lange auf die Druckauftr\u00e4ge deiner Kollegen warten.<\/p>\n","protected":false},"featured_media":0,"comment_status":"closed","ping_status":"open","template":"","meta":{"_acf_changed":false},"brand":[267],"product_brand":[],"product_cat":[2205],"product_tag":[4745],"class_list":{"0":"post-84137","1":"product","2":"type-product","3":"status-publish","5":"brand-epson","6":"product_cat-drucker","7":"product_tag-inkttank-printers","8":"pa_condition-new","9":"pa_coolblue-de-verzending-morgen-gratis-geliefert","10":"pa_ean-32348","11":"pa_mpn-c11ch72405","13":"first","14":"instock","15":"product-type-external"},"acf":[],"_links":{"self":[{"href":"https:\/\/onlinehardwareshop.de\/index.php\/wp-json\/wp\/v2\/product\/84137","targetHints":{"allow":["GET"]}}],"collection":[{"href":"https:\/\/onlinehardwareshop.de\/index.php\/wp-json\/wp\/v2\/product"}],"about":[{"href":"https:\/\/onlinehardwareshop.de\/index.php\/wp-json\/wp\/v2\/types\/product"}],"replies":[{"embeddable":true,"href":"https:\/\/onlinehardwareshop.de\/index.php\/wp-json\/wp\/v2\/comments?post=84137"}],"wp:attachment":[{"href":"https:\/\/onlinehardwareshop.de\/index.php\/wp-json\/wp\/v2\/media?parent=84137"}],"wp:term":[{"taxonomy":"brand","embeddable":true,"href":"https:\/\/onlinehardwareshop.de\/index.php\/wp-json\/wp\/v2\/brand?post=84137"},{"taxonomy":"product_brand","embeddable":true,"href":"https:\/\/onlinehardwareshop.de\/index.php\/wp-json\/wp\/v2\/product_brand?post=84137"},{"taxonomy":"product_cat","embeddable":true,"href":"https:\/\/onlinehardwareshop.de\/index.php\/wp-json\/wp\/v2\/product_cat?post=84137"},{"taxonomy":"product_tag","embeddable":true,"href":"https:\/\/onlinehardwareshop.de\/index.php\/wp-json\/wp\/v2\/product_tag?post=84137"}],"curies":[{"name":"wp","href":"https:\/\/api.w.org\/{rel}","templated":true}]}}