{"id":84136,"date":"2024-01-10T02:25:29","date_gmt":"2024-01-10T02:25:29","guid":{"rendered":"https:\/\/onlinehardwareshop.de\/index.php\/produkt\/epson-ecotank-et-5805-2\/"},"modified":"2025-05-14T18:56:34","modified_gmt":"2025-05-14T18:56:34","slug":"epson-ecotank-et-5805","status":"publish","type":"product","link":"https:\/\/onlinehardwareshop.de\/index.php\/produkt\/epson-ecotank-et-5805\/","title":{"rendered":"Epson EcoTank ET-5805"},"content":{"rendered":"<p>Der Epson EcoTank ET-5805 Multifunktions-Tintenstrahlfarbdrucker ist dank der niedrigen Verbrauchskosten von 0,01\u00a0\u20ac pro Seite ein Drucker, der sich gut f\u00fcrs B\u00fcro eignet. Die Verbrauchskosten sind so niedrig, weil der EcoTank Drucker anstelle von Patronen \u00fcber Tintentanks verf\u00fcgt. Damit druckst du tausende Seiten. Der 4-in-1-Drucker hat eine Papierkapazit\u00e4t von insgesamt 550 Bl\u00e4ttern. Dadurch ist die Wahrscheinlichkeit gering, dass du der Mitarbeiter bist, der st\u00e4ndig Papier nachf\u00fcllt. Dank der ADF-Funktion arbeitest du mit diesem Drucker produktiv. Du legst bis zu 50 Bl\u00e4tter zugleich in das Einzugsfach, woraufhin das Ger\u00e4t alle Bl\u00e4tter in einem Zug scannt und kopiert. Dokumente in Schwarz-Wei\u00df druckst du mit einer Geschwindigkeit von 25 Seiten pro Minute. Auf jeden Fall musst du mit diesem Drucker nicht lange warten.<\/p>\n","protected":false},"excerpt":{"rendered":"<p>Der Epson EcoTank ET-5805 Multifunktions-Tintenstrahlfarbdrucker ist dank der niedrigen Verbrauchskosten von 0,01\u00a0\u20ac pro Seite ein Drucker, der sich gut f\u00fcrs B\u00fcro eignet. Die Verbrauchskosten sind so niedrig, weil der EcoTank Drucker anstelle von Patronen \u00fcber Tintentanks verf\u00fcgt. Damit druckst du tausende Seiten. Der 4-in-1-Drucker hat eine Papierkapazit\u00e4t von insgesamt 550 Bl\u00e4ttern. Dadurch ist die Wahrscheinlichkeit gering, dass du der Mitarbeiter bist, der st\u00e4ndig Papier nachf\u00fcllt. Dank der ADF-Funktion arbeitest du mit diesem Drucker produktiv. Du legst bis zu 50 Bl\u00e4tter zugleich in das Einzugsfach, woraufhin das Ger\u00e4t alle Bl\u00e4tter in einem Zug scannt und kopiert. Dokumente in Schwarz-Wei\u00df druckst du mit einer Geschwindigkeit von 25 Seiten pro Minute. Auf jeden Fall musst du mit diesem Drucker nicht lange warten.<\/p>\n","protected":false},"featured_media":0,"comment_status":"closed","ping_status":"open","template":"","meta":{"_acf_changed":false},"brand":[267],"product_brand":[],"product_cat":[2205],"product_tag":[4745],"class_list":{"0":"post-84136","1":"product","2":"type-product","3":"status-publish","5":"brand-epson","6":"product_cat-drucker","7":"product_tag-inkttank-printers","8":"pa_condition-new","9":"pa_coolblue-de-verzending-morgen-gratis-geliefert","10":"pa_ean-32346","11":"pa_mpn-c11cj30405","13":"first","14":"instock","15":"product-type-external"},"acf":[],"_links":{"self":[{"href":"https:\/\/onlinehardwareshop.de\/index.php\/wp-json\/wp\/v2\/product\/84136","targetHints":{"allow":["GET"]}}],"collection":[{"href":"https:\/\/onlinehardwareshop.de\/index.php\/wp-json\/wp\/v2\/product"}],"about":[{"href":"https:\/\/onlinehardwareshop.de\/index.php\/wp-json\/wp\/v2\/types\/product"}],"replies":[{"embeddable":true,"href":"https:\/\/onlinehardwareshop.de\/index.php\/wp-json\/wp\/v2\/comments?post=84136"}],"wp:attachment":[{"href":"https:\/\/onlinehardwareshop.de\/index.php\/wp-json\/wp\/v2\/media?parent=84136"}],"wp:term":[{"taxonomy":"brand","embeddable":true,"href":"https:\/\/onlinehardwareshop.de\/index.php\/wp-json\/wp\/v2\/brand?post=84136"},{"taxonomy":"product_brand","embeddable":true,"href":"https:\/\/onlinehardwareshop.de\/index.php\/wp-json\/wp\/v2\/product_brand?post=84136"},{"taxonomy":"product_cat","embeddable":true,"href":"https:\/\/onlinehardwareshop.de\/index.php\/wp-json\/wp\/v2\/product_cat?post=84136"},{"taxonomy":"product_tag","embeddable":true,"href":"https:\/\/onlinehardwareshop.de\/index.php\/wp-json\/wp\/v2\/product_tag?post=84136"}],"curies":[{"name":"wp","href":"https:\/\/api.w.org\/{rel}","templated":true}]}}