{"id":84115,"date":"2024-02-17T11:43:16","date_gmt":"2024-02-17T11:43:16","guid":{"rendered":"https:\/\/onlinehardwareshop.de\/index.php\/produkt\/weber-bar-b-kettle-57cm-schwarz-weber-premium-abdeckung-57cm-2\/"},"modified":"2025-05-14T18:54:03","modified_gmt":"2025-05-14T18:54:03","slug":"weber-bar-b-kettle-57cm-schwarz-weber-premium-abdeckung-57cm","status":"publish","type":"product","link":"https:\/\/onlinehardwareshop.de\/index.php\/produkt\/weber-bar-b-kettle-57cm-schwarz-weber-premium-abdeckung-57cm\/","title":{"rendered":"Weber Bar-B Kettle 57&#xA0;cm Schwarz + Weber Premium-Abdeckung 57&#xA0;cm"},"content":{"rendered":"<p>Mit dem Weber Bar-B Kettle 57\u00a0cm Schwarz + der Weber Premium-Abdeckung 57\u00a0cm sch\u00fctzt du deinen Grill vor Wind und Wetter. Die Abdeckung ist wasserdicht und l\u00e4sst keine Sonnenstrahlen durch. Auf der gro\u00dfz\u00fcgigen Grillfl\u00e4che grillst du direkt und indirekt f\u00fcr bis zu zw\u00f6lf Personen gleichzeitig. Die Temperatur passt du mit den L\u00fcftungsgittern an und liest sie am Deckelthermometer ab. Mit dem One-Touch-System f\u00e4llt die Asche auf Knopfdruck in den Aschebeh\u00e4lter. Das ist praktisch, denn so reinigst du deinen Grill schnell und einfach. Dank der robusten R\u00e4der l\u00e4sst sich der Grill m\u00fchelos bewegen. Die mitgelieferte Abdeckung hat einen Klettverschluss, sodass sie sicher an ihrem Platz bleibt und auch bei starkem Wind nicht wegweht.<\/p>\n","protected":false},"excerpt":{"rendered":"<p>Mit dem Weber Bar-B Kettle 57\u00a0cm Schwarz + der Weber Premium-Abdeckung 57\u00a0cm sch\u00fctzt du deinen Grill vor Wind und Wetter. Die Abdeckung ist wasserdicht und l\u00e4sst keine Sonnenstrahlen durch. Auf der gro\u00dfz\u00fcgigen Grillfl\u00e4che grillst du direkt und indirekt f\u00fcr bis zu zw\u00f6lf Personen gleichzeitig. Die Temperatur passt du mit den L\u00fcftungsgittern an und liest sie am Deckelthermometer ab. Mit dem One-Touch-System f\u00e4llt die Asche auf Knopfdruck in den Aschebeh\u00e4lter. Das ist praktisch, denn so reinigst du deinen Grill schnell und einfach. Dank der robusten R\u00e4der l\u00e4sst sich der Grill m\u00fchelos bewegen. Die mitgelieferte Abdeckung hat einen Klettverschluss, sodass sie sicher an ihrem Platz bleibt und auch bei starkem Wind nicht wegweht.<\/p>\n","protected":false},"featured_media":0,"comment_status":"closed","ping_status":"open","template":"","meta":{"_acf_changed":false},"brand":[698],"product_brand":[],"product_cat":[699],"product_tag":[700],"class_list":{"0":"post-84115","1":"product","2":"type-product","3":"status-publish","5":"brand-weber","6":"product_cat-grills","7":"product_tag-houtskool-barbecues","8":"pa_condition-new","9":"pa_coolblue-de-verzending-morgen-gratis-geliefert","10":"pa_ean-32333","12":"first","13":"instock","14":"product-type-external"},"acf":[],"_links":{"self":[{"href":"https:\/\/onlinehardwareshop.de\/index.php\/wp-json\/wp\/v2\/product\/84115","targetHints":{"allow":["GET"]}}],"collection":[{"href":"https:\/\/onlinehardwareshop.de\/index.php\/wp-json\/wp\/v2\/product"}],"about":[{"href":"https:\/\/onlinehardwareshop.de\/index.php\/wp-json\/wp\/v2\/types\/product"}],"replies":[{"embeddable":true,"href":"https:\/\/onlinehardwareshop.de\/index.php\/wp-json\/wp\/v2\/comments?post=84115"}],"wp:attachment":[{"href":"https:\/\/onlinehardwareshop.de\/index.php\/wp-json\/wp\/v2\/media?parent=84115"}],"wp:term":[{"taxonomy":"brand","embeddable":true,"href":"https:\/\/onlinehardwareshop.de\/index.php\/wp-json\/wp\/v2\/brand?post=84115"},{"taxonomy":"product_brand","embeddable":true,"href":"https:\/\/onlinehardwareshop.de\/index.php\/wp-json\/wp\/v2\/product_brand?post=84115"},{"taxonomy":"product_cat","embeddable":true,"href":"https:\/\/onlinehardwareshop.de\/index.php\/wp-json\/wp\/v2\/product_cat?post=84115"},{"taxonomy":"product_tag","embeddable":true,"href":"https:\/\/onlinehardwareshop.de\/index.php\/wp-json\/wp\/v2\/product_tag?post=84115"}],"curies":[{"name":"wp","href":"https:\/\/api.w.org\/{rel}","templated":true}]}}