{"id":84085,"date":"2024-01-03T21:29:03","date_gmt":"2024-01-03T21:29:03","guid":{"rendered":"https:\/\/onlinehardwareshop.de\/index.php\/produkt\/hp-laserjet-m110w-2-zustzliche-schwarze-toner-2\/"},"modified":"2025-05-14T18:51:09","modified_gmt":"2025-05-14T18:51:09","slug":"hp-laserjet-m110w-2-zustzliche-schwarze-toner","status":"publish","type":"product","link":"https:\/\/onlinehardwareshop.de\/index.php\/produkt\/hp-laserjet-m110w-2-zustzliche-schwarze-toner\/","title":{"rendered":"HP LaserJet M110w + 2 zus&#xE4;tzliche schwarze Toner"},"content":{"rendered":"<p>In diesem Set aus HP LaserJet M110w + 2 zus\u00e4tzliche schwarze Toner erh\u00e4ltst du zus\u00e4tzlich zum Drucker zwei schwarze Toner mit dazu. Mit den zwei Ersatztonern druckst du bis zu 1.900 Seiten in Schwarz-Wei\u00df, sodass du vorerst gen\u00fcgend Tinte in Reserve hast. Beim HP LaserJet M110w handelt es sich um einen Schwarz-Wei\u00df-Laserdrucker mit WLAN und Apple AirPrint, der sich f\u00fcr kleine Unternehmen oder das Homeoffice eignet. Dank seiner kleinen Gr\u00f6\u00dfe passt der M110w problemlos auf deinen Schreibtisch. Praktisch, wenn du schnell einige Dokumente ausdrucken musst, zum Beispiel f\u00fcr ein Bewerbungsgespr\u00e4ch. Mit dem M110w druckst du bis zu 20 DIN-A4-Seiten pro Minute. So hast du eine ganze PDF im Handumdrehen griffbereit. Verwene die HP Smart App, um von deinem Tablet oder Smartphone aus zu drucken.   Drucker mit dynamischer Sicherheit  Bestimmte HP Drucker sind daf\u00fcr ausgelegt, nur mit Patronen zu funktionieren, die neue oder wiederverwendete HP Chips oder elektronische HP Schaltkreise aufweisen. Diese Drucker nutzen dynamische Sicherheitsfunktionen, um Patronen zu blockieren, die mit einem Chip oder einer elektronischen Schaltung ausgestattet sind, die nicht von HP stammen. Die Wirksamkeit dieser Funktionen wird durch regelm\u00e4\u00dfige Firmware-Updates garantiert, sodass auch Patronen blockiert werden, die fr\u00fcher durchaus funktioniert haben. Wiederverwendete HP Chips und elektronische HP Schaltungen erm\u00f6glichen die Nutzung wiederverwendeter, recycelter und neu bef\u00fcllter Patronen.<\/p>\n","protected":false},"excerpt":{"rendered":"<p>In diesem Set aus HP LaserJet M110w + 2 zus\u00e4tzliche schwarze Toner erh\u00e4ltst du zus\u00e4tzlich zum Drucker zwei schwarze Toner mit dazu. Mit den zwei Ersatztonern druckst du bis zu 1.900 Seiten in Schwarz-Wei\u00df, sodass du vorerst gen\u00fcgend Tinte in Reserve hast. Beim HP LaserJet M110w handelt es sich um einen Schwarz-Wei\u00df-Laserdrucker mit WLAN und Apple AirPrint, der sich f\u00fcr kleine Unternehmen oder das Homeoffice eignet. Dank seiner kleinen Gr\u00f6\u00dfe passt der M110w problemlos auf deinen Schreibtisch. Praktisch, wenn du schnell einige Dokumente ausdrucken musst, zum Beispiel f\u00fcr ein Bewerbungsgespr\u00e4ch. Mit dem M110w druckst du bis zu 20 DIN-A4-Seiten pro Minute. So hast du eine ganze PDF im Handumdrehen griffbereit. Verwene die HP Smart App, um von deinem Tablet oder Smartphone aus zu drucken.   Drucker mit dynamischer Sicherheit  Bestimmte HP Drucker sind daf\u00fcr ausgelegt, nur mit Patronen zu funktionieren, die neue oder wiederverwendete HP Chips oder elektronische HP Schaltkreise aufweisen. Diese Drucker nutzen dynamische Sicherheitsfunktionen, um Patronen zu blockieren, die mit einem Chip oder einer elektronischen Schaltung ausgestattet sind, die nicht von HP stammen. Die Wirksamkeit dieser Funktionen wird durch regelm\u00e4\u00dfige Firmware-Updates garantiert, sodass auch Patronen blockiert werden, die fr\u00fcher durchaus funktioniert haben. Wiederverwendete HP Chips und elektronische HP Schaltungen erm\u00f6glichen die Nutzung wiederverwendeter, recycelter und neu bef\u00fcllter Patronen.<\/p>\n","protected":false},"featured_media":0,"comment_status":"closed","ping_status":"open","template":"","meta":{"_acf_changed":false},"brand":[90],"product_brand":[],"product_cat":[2205],"product_tag":[4823],"class_list":{"0":"post-84085","1":"product","2":"type-product","3":"status-publish","5":"brand-hp","6":"product_cat-drucker","7":"product_tag-laserprinters","8":"pa_condition-new","9":"pa_coolblue-de-verzending-morgen-gratis-geliefert","10":"pa_ean-31642","12":"first","13":"instock","14":"product-type-external"},"acf":[],"_links":{"self":[{"href":"https:\/\/onlinehardwareshop.de\/index.php\/wp-json\/wp\/v2\/product\/84085","targetHints":{"allow":["GET"]}}],"collection":[{"href":"https:\/\/onlinehardwareshop.de\/index.php\/wp-json\/wp\/v2\/product"}],"about":[{"href":"https:\/\/onlinehardwareshop.de\/index.php\/wp-json\/wp\/v2\/types\/product"}],"replies":[{"embeddable":true,"href":"https:\/\/onlinehardwareshop.de\/index.php\/wp-json\/wp\/v2\/comments?post=84085"}],"wp:attachment":[{"href":"https:\/\/onlinehardwareshop.de\/index.php\/wp-json\/wp\/v2\/media?parent=84085"}],"wp:term":[{"taxonomy":"brand","embeddable":true,"href":"https:\/\/onlinehardwareshop.de\/index.php\/wp-json\/wp\/v2\/brand?post=84085"},{"taxonomy":"product_brand","embeddable":true,"href":"https:\/\/onlinehardwareshop.de\/index.php\/wp-json\/wp\/v2\/product_brand?post=84085"},{"taxonomy":"product_cat","embeddable":true,"href":"https:\/\/onlinehardwareshop.de\/index.php\/wp-json\/wp\/v2\/product_cat?post=84085"},{"taxonomy":"product_tag","embeddable":true,"href":"https:\/\/onlinehardwareshop.de\/index.php\/wp-json\/wp\/v2\/product_tag?post=84085"}],"curies":[{"name":"wp","href":"https:\/\/api.w.org\/{rel}","templated":true}]}}