{"id":84084,"date":"2024-07-25T03:49:17","date_gmt":"2024-07-25T03:49:17","guid":{"rendered":"https:\/\/onlinehardwareshop.de\/index.php\/produkt\/weber-master-touch-premium-e-5770-schwarz-komplettpaket-2\/"},"modified":"2025-05-14T18:51:04","modified_gmt":"2025-05-14T18:51:04","slug":"weber-master-touch-premium-e-5770-schwarz-komplettpaket","status":"publish","type":"product","link":"https:\/\/onlinehardwareshop.de\/index.php\/produkt\/weber-master-touch-premium-e-5770-schwarz-komplettpaket\/","title":{"rendered":"Weber Master Touch Premium E-5770 Schwarz Komplettpaket"},"content":{"rendered":"<p>Lege mit dem Weber Master Touch Premium E-5770 Schwarz Komplettpaket sofort mit dem Grillen los. Die mitgelieferte Abdeckung sch\u00fctzt deinen Grill vor Schmutz, Regen und Sonne. Mithilfe des Anz\u00fcndkamins entz\u00fcndest du deine Briketts sicher und einfach. Dank des Zubeh\u00f6rsets ist das Wenden von Gem\u00fcse und Fleisch au\u00dferdem kein Problem. Auf der Grillfl\u00e4che des Grills bereitest du Essen f\u00fcr bis zu zw\u00f6lf Personen zu. Verwende den Diffuser Plate, um lange bei gleichm\u00e4\u00dfiger Temperatur zu r\u00e4uchern. Auf dem Grill lassen sich dank des GBS Rosts aber auch andere Gerichte zubereiten, wie Pizzen oder Wokgerichte. Auf dem Deckelthermometer siehst du dabei genau, wie hei\u00df es im Grill ist.<\/p>\n","protected":false},"excerpt":{"rendered":"<p>Lege mit dem Weber Master Touch Premium E-5770 Schwarz Komplettpaket sofort mit dem Grillen los. Die mitgelieferte Abdeckung sch\u00fctzt deinen Grill vor Schmutz, Regen und Sonne. Mithilfe des Anz\u00fcndkamins entz\u00fcndest du deine Briketts sicher und einfach. Dank des Zubeh\u00f6rsets ist das Wenden von Gem\u00fcse und Fleisch au\u00dferdem kein Problem. Auf der Grillfl\u00e4che des Grills bereitest du Essen f\u00fcr bis zu zw\u00f6lf Personen zu. Verwende den Diffuser Plate, um lange bei gleichm\u00e4\u00dfiger Temperatur zu r\u00e4uchern. Auf dem Grill lassen sich dank des GBS Rosts aber auch andere Gerichte zubereiten, wie Pizzen oder Wokgerichte. Auf dem Deckelthermometer siehst du dabei genau, wie hei\u00df es im Grill ist.<\/p>\n","protected":false},"featured_media":0,"comment_status":"closed","ping_status":"open","template":"","meta":{"_acf_changed":false},"brand":[32322],"product_brand":[],"product_cat":[699],"product_tag":[700],"class_list":{"0":"post-84084","1":"product","2":"type-product","3":"status-publish","5":"brand-master","6":"product_cat-grills","7":"product_tag-houtskool-barbecues","8":"pa_condition-new","9":"pa_coolblue-de-verzending-morgen-gratis-geliefert","10":"pa_ean-32321","12":"first","13":"instock","14":"product-type-external"},"acf":[],"_links":{"self":[{"href":"https:\/\/onlinehardwareshop.de\/index.php\/wp-json\/wp\/v2\/product\/84084","targetHints":{"allow":["GET"]}}],"collection":[{"href":"https:\/\/onlinehardwareshop.de\/index.php\/wp-json\/wp\/v2\/product"}],"about":[{"href":"https:\/\/onlinehardwareshop.de\/index.php\/wp-json\/wp\/v2\/types\/product"}],"replies":[{"embeddable":true,"href":"https:\/\/onlinehardwareshop.de\/index.php\/wp-json\/wp\/v2\/comments?post=84084"}],"wp:attachment":[{"href":"https:\/\/onlinehardwareshop.de\/index.php\/wp-json\/wp\/v2\/media?parent=84084"}],"wp:term":[{"taxonomy":"brand","embeddable":true,"href":"https:\/\/onlinehardwareshop.de\/index.php\/wp-json\/wp\/v2\/brand?post=84084"},{"taxonomy":"product_brand","embeddable":true,"href":"https:\/\/onlinehardwareshop.de\/index.php\/wp-json\/wp\/v2\/product_brand?post=84084"},{"taxonomy":"product_cat","embeddable":true,"href":"https:\/\/onlinehardwareshop.de\/index.php\/wp-json\/wp\/v2\/product_cat?post=84084"},{"taxonomy":"product_tag","embeddable":true,"href":"https:\/\/onlinehardwareshop.de\/index.php\/wp-json\/wp\/v2\/product_tag?post=84084"}],"curies":[{"name":"wp","href":"https:\/\/api.w.org\/{rel}","templated":true}]}}