{"id":84067,"date":"2024-05-06T12:36:10","date_gmt":"2024-05-06T12:36:10","guid":{"rendered":"https:\/\/onlinehardwareshop.de\/index.php\/produkt\/hoverair-x1-protective-case-2\/"},"modified":"2025-05-14T18:49:12","modified_gmt":"2025-05-14T18:49:12","slug":"hoverair-x1-protective-case","status":"publish","type":"product","link":"https:\/\/onlinehardwareshop.de\/index.php\/produkt\/hoverair-x1-protective-case\/","title":{"rendered":"HOVERAir X1 Protective Case"},"content":{"rendered":"<p>Das HOVERAir X1 Protective Case ist eine stabile Schutzh\u00fclle f\u00fcr deine HOVERAir X1 Drohne. Dieses Case besteht aus Leder, was zus\u00e4tzlichen Schutz bietet. So verringerst du die Gefahr von Kratzern und St\u00f6\u00dfen. Deine Drohne bleibt sicher an ihrem Platz im Case und kann sich nicht bewegen. Dadurch entstehen noch weniger schnell Sch\u00e4den.<\/p>\n","protected":false},"excerpt":{"rendered":"<p>Das HOVERAir X1 Protective Case ist eine stabile Schutzh\u00fclle f\u00fcr deine HOVERAir X1 Drohne. Dieses Case besteht aus Leder, was zus\u00e4tzlichen Schutz bietet. So verringerst du die Gefahr von Kratzern und St\u00f6\u00dfen. Deine Drohne bleibt sicher an ihrem Platz im Case und kann sich nicht bewegen. Dadurch entstehen noch weniger schnell Sch\u00e4den.<\/p>\n","protected":false},"featured_media":0,"comment_status":"closed","ping_status":"open","template":"","meta":{"_acf_changed":false},"brand":[32320],"product_brand":[],"product_cat":[7212],"product_tag":[7213],"class_list":{"0":"post-84067","1":"product","2":"type-product","3":"status-publish","5":"brand-hoverair","6":"product_cat-zubehrsets-fr-drohnen","7":"product_tag-accessoiresets-voor-drones","8":"pa_condition-new","9":"pa_coolblue-de-verzending-morgen-gratis-geliefert","10":"pa_ean-33951","11":"pa_mpn-sp83h020","13":"first","14":"instock","15":"product-type-external"},"acf":[],"_links":{"self":[{"href":"https:\/\/onlinehardwareshop.de\/index.php\/wp-json\/wp\/v2\/product\/84067","targetHints":{"allow":["GET"]}}],"collection":[{"href":"https:\/\/onlinehardwareshop.de\/index.php\/wp-json\/wp\/v2\/product"}],"about":[{"href":"https:\/\/onlinehardwareshop.de\/index.php\/wp-json\/wp\/v2\/types\/product"}],"replies":[{"embeddable":true,"href":"https:\/\/onlinehardwareshop.de\/index.php\/wp-json\/wp\/v2\/comments?post=84067"}],"wp:attachment":[{"href":"https:\/\/onlinehardwareshop.de\/index.php\/wp-json\/wp\/v2\/media?parent=84067"}],"wp:term":[{"taxonomy":"brand","embeddable":true,"href":"https:\/\/onlinehardwareshop.de\/index.php\/wp-json\/wp\/v2\/brand?post=84067"},{"taxonomy":"product_brand","embeddable":true,"href":"https:\/\/onlinehardwareshop.de\/index.php\/wp-json\/wp\/v2\/product_brand?post=84067"},{"taxonomy":"product_cat","embeddable":true,"href":"https:\/\/onlinehardwareshop.de\/index.php\/wp-json\/wp\/v2\/product_cat?post=84067"},{"taxonomy":"product_tag","embeddable":true,"href":"https:\/\/onlinehardwareshop.de\/index.php\/wp-json\/wp\/v2\/product_tag?post=84067"}],"curies":[{"name":"wp","href":"https:\/\/api.w.org\/{rel}","templated":true}]}}