{"id":84059,"date":"2024-11-19T05:00:40","date_gmt":"2024-11-19T05:00:40","guid":{"rendered":"https:\/\/onlinehardwareshop.de\/index.php\/produkt\/hoverair-x1-pro-pro-max-charging-hub-2\/"},"modified":"2025-05-14T18:48:34","modified_gmt":"2025-05-14T18:48:34","slug":"hoverair-x1-pro-pro-max-charging-hub","status":"publish","type":"product","link":"https:\/\/onlinehardwareshop.de\/index.php\/produkt\/hoverair-x1-pro-pro-max-charging-hub\/","title":{"rendered":"HoverAIR X1 PRO\/PRO MAX Charging Hub"},"content":{"rendered":"<p>Mit dem HOVERAir X1 PRO\/PRO MAX Charging Hub l\u00e4dst du zwei Akkus der HOVERAir X1 PRO oder PRO MAX Drohne gleichzeitig. Die Ladestation l\u00e4dt zuerst den Akku mit dem h\u00f6heren Ladestand, sodass du schnellstm\u00f6glich einen vollen Akku hast. LED-Anzeigen an der Ladestation zeigen den aktuellen Ladezustand der Akkus an. Ein Akku l\u00e4dt die Ladestation in 45 Minuten vollst\u00e4ndig auf, zwei Akkus in 60 Minuten.<\/p>\n","protected":false},"excerpt":{"rendered":"<p>Mit dem HOVERAir X1 PRO\/PRO MAX Charging Hub l\u00e4dst du zwei Akkus der HOVERAir X1 PRO oder PRO MAX Drohne gleichzeitig. Die Ladestation l\u00e4dt zuerst den Akku mit dem h\u00f6heren Ladestand, sodass du schnellstm\u00f6glich einen vollen Akku hast. LED-Anzeigen an der Ladestation zeigen den aktuellen Ladezustand der Akkus an. Ein Akku l\u00e4dt die Ladestation in 45 Minuten vollst\u00e4ndig auf, zwei Akkus in 60 Minuten.<\/p>\n","protected":false},"featured_media":0,"comment_status":"closed","ping_status":"open","template":"","meta":{"_acf_changed":false},"brand":[32320],"product_brand":[],"product_cat":[7212],"product_tag":[7213],"class_list":{"0":"post-84059","1":"product","2":"type-product","3":"status-publish","5":"brand-hoverair","6":"product_cat-zubehrsets-fr-drohnen","7":"product_tag-accessoiresets-voor-drones","8":"pa_condition-new","9":"pa_coolblue-de-verzending-morgen-gratis-geliefert","10":"pa_ean-32444","11":"pa_mpn-sp26h002","13":"first","14":"instock","15":"product-type-external"},"acf":[],"_links":{"self":[{"href":"https:\/\/onlinehardwareshop.de\/index.php\/wp-json\/wp\/v2\/product\/84059","targetHints":{"allow":["GET"]}}],"collection":[{"href":"https:\/\/onlinehardwareshop.de\/index.php\/wp-json\/wp\/v2\/product"}],"about":[{"href":"https:\/\/onlinehardwareshop.de\/index.php\/wp-json\/wp\/v2\/types\/product"}],"replies":[{"embeddable":true,"href":"https:\/\/onlinehardwareshop.de\/index.php\/wp-json\/wp\/v2\/comments?post=84059"}],"wp:attachment":[{"href":"https:\/\/onlinehardwareshop.de\/index.php\/wp-json\/wp\/v2\/media?parent=84059"}],"wp:term":[{"taxonomy":"brand","embeddable":true,"href":"https:\/\/onlinehardwareshop.de\/index.php\/wp-json\/wp\/v2\/brand?post=84059"},{"taxonomy":"product_brand","embeddable":true,"href":"https:\/\/onlinehardwareshop.de\/index.php\/wp-json\/wp\/v2\/product_brand?post=84059"},{"taxonomy":"product_cat","embeddable":true,"href":"https:\/\/onlinehardwareshop.de\/index.php\/wp-json\/wp\/v2\/product_cat?post=84059"},{"taxonomy":"product_tag","embeddable":true,"href":"https:\/\/onlinehardwareshop.de\/index.php\/wp-json\/wp\/v2\/product_tag?post=84059"}],"curies":[{"name":"wp","href":"https:\/\/api.w.org\/{rel}","templated":true}]}}