{"id":84041,"date":"2024-11-17T14:46:23","date_gmt":"2024-11-17T14:46:23","guid":{"rendered":"https:\/\/onlinehardwareshop.de\/index.php\/produkt\/rollei-camera-cleaning-travel-set-2\/"},"modified":"2025-05-14T18:47:19","modified_gmt":"2025-05-14T18:47:19","slug":"rollei-camera-cleaning-travel-set","status":"publish","type":"product","link":"https:\/\/onlinehardwareshop.de\/index.php\/produkt\/rollei-camera-cleaning-travel-set\/","title":{"rendered":"Rollei Camera Cleaning Travel Set"},"content":{"rendered":"<p>Mit dem Rollei Camera Cleaning Travel Set legst du dir alles f\u00fcr die Reinigung deiner Kamera zu. Du erh\u00e4ltst einen Blasebalg, eine Objektivb\u00fcrste, ein Reinigungsspray, ein Velourstuch, f\u00fcnf Mikrofasert\u00fccher sowie zehn feuchte Reinigungst\u00fccher. Damit reinigst du die Objektive und das Kamerageh\u00e4use, ohne Kratzer zu erzeugen. Mit dem Blasebalg pustest du Staub bzw. Sand vom Objektiv oder Bildsensor. So machst du klare Fotos ohne Flecke. Das gesamte Set passt in die mitgelieferte Aufbewahrungsbox, die du mit dem Haken einfach an der Kameratasche befestigst. So hast du das Reinigungsset immer mit dabei.<\/p>\n","protected":false},"excerpt":{"rendered":"<p>Mit dem Rollei Camera Cleaning Travel Set legst du dir alles f\u00fcr die Reinigung deiner Kamera zu. Du erh\u00e4ltst einen Blasebalg, eine Objektivb\u00fcrste, ein Reinigungsspray, ein Velourstuch, f\u00fcnf Mikrofasert\u00fccher sowie zehn feuchte Reinigungst\u00fccher. Damit reinigst du die Objektive und das Kamerageh\u00e4use, ohne Kratzer zu erzeugen. Mit dem Blasebalg pustest du Staub bzw. Sand vom Objektiv oder Bildsensor. So machst du klare Fotos ohne Flecke. Das gesamte Set passt in die mitgelieferte Aufbewahrungsbox, die du mit dem Haken einfach an der Kameratasche befestigst. So hast du das Reinigungsset immer mit dabei.<\/p>\n","protected":false},"featured_media":0,"comment_status":"closed","ping_status":"open","template":"","meta":{"_acf_changed":false},"brand":[2417],"product_brand":[],"product_cat":[1414],"product_tag":[1415],"class_list":{"0":"post-84041","1":"product","2":"type-product","3":"status-publish","5":"brand-rollei","6":"product_cat-reinigungssets-fr-kameras","7":"product_tag-schoonmaaksets-voor-cameras","8":"pa_condition-new","9":"pa_coolblue-de-verzending-morgen-gratis-geliefert","10":"pa_ean-31852","11":"pa_mpn-rol27016","13":"first","14":"instock","15":"product-type-external"},"acf":[],"_links":{"self":[{"href":"https:\/\/onlinehardwareshop.de\/index.php\/wp-json\/wp\/v2\/product\/84041","targetHints":{"allow":["GET"]}}],"collection":[{"href":"https:\/\/onlinehardwareshop.de\/index.php\/wp-json\/wp\/v2\/product"}],"about":[{"href":"https:\/\/onlinehardwareshop.de\/index.php\/wp-json\/wp\/v2\/types\/product"}],"replies":[{"embeddable":true,"href":"https:\/\/onlinehardwareshop.de\/index.php\/wp-json\/wp\/v2\/comments?post=84041"}],"wp:attachment":[{"href":"https:\/\/onlinehardwareshop.de\/index.php\/wp-json\/wp\/v2\/media?parent=84041"}],"wp:term":[{"taxonomy":"brand","embeddable":true,"href":"https:\/\/onlinehardwareshop.de\/index.php\/wp-json\/wp\/v2\/brand?post=84041"},{"taxonomy":"product_brand","embeddable":true,"href":"https:\/\/onlinehardwareshop.de\/index.php\/wp-json\/wp\/v2\/product_brand?post=84041"},{"taxonomy":"product_cat","embeddable":true,"href":"https:\/\/onlinehardwareshop.de\/index.php\/wp-json\/wp\/v2\/product_cat?post=84041"},{"taxonomy":"product_tag","embeddable":true,"href":"https:\/\/onlinehardwareshop.de\/index.php\/wp-json\/wp\/v2\/product_tag?post=84041"}],"curies":[{"name":"wp","href":"https:\/\/api.w.org\/{rel}","templated":true}]}}