{"id":84021,"date":"2024-01-26T08:34:50","date_gmt":"2024-01-26T08:34:50","guid":{"rendered":"https:\/\/onlinehardwareshop.de\/index.php\/produkt\/bushnell-r5-8x42-2\/"},"modified":"2025-05-14T18:45:39","modified_gmt":"2025-05-14T18:45:39","slug":"bushnell-r5-8x42","status":"publish","type":"product","link":"https:\/\/onlinehardwareshop.de\/index.php\/produkt\/bushnell-r5-8x42\/","title":{"rendered":"Bushnell R5 8&#215;42"},"content":{"rendered":"<p>Das Bushnell R5 8&#215;42 ist ein robustes Fernglas f\u00fcr die Vogelbeobachtung. Dank des breiten Sichtfelds von 131 Metern entdeckst du dein Motiv ganz einfach. Zum Beispiel einen Vogel, der hoch oben im Baum sitzt. Das Fernglas bietet eine achtfache Vergr\u00f6\u00dferung, sodass du Objekte auch deutlich siehst, wenn sie weit entfernt sind. Dank des gro\u00dfen Linsendurchmessers von 42\u00a0mm f\u00e4llt viel Licht in die Objektive. In Kombination mit der speziellen Linsenbeschichtung entstehen so klare Bilder, auch an bew\u00f6lkten Tagen. Dank der IPX7-Zertifizierung nutzt du das Fernglas auch an regnerischen Tagen. Es sagt aus, dass das Fernglas wasserdicht ist. Die Gl\u00e4ser sind mit Stickstoff gef\u00fcllt, sodass sie auch bei einem Temperaturwechsel nicht beschlagen.<\/p>\n","protected":false},"excerpt":{"rendered":"<p>Das Bushnell R5 8&#215;42 ist ein robustes Fernglas f\u00fcr die Vogelbeobachtung. Dank des breiten Sichtfelds von 131 Metern entdeckst du dein Motiv ganz einfach. Zum Beispiel einen Vogel, der hoch oben im Baum sitzt. Das Fernglas bietet eine achtfache Vergr\u00f6\u00dferung, sodass du Objekte auch deutlich siehst, wenn sie weit entfernt sind. Dank des gro\u00dfen Linsendurchmessers von 42\u00a0mm f\u00e4llt viel Licht in die Objektive. In Kombination mit der speziellen Linsenbeschichtung entstehen so klare Bilder, auch an bew\u00f6lkten Tagen. Dank der IPX7-Zertifizierung nutzt du das Fernglas auch an regnerischen Tagen. Es sagt aus, dass das Fernglas wasserdicht ist. Die Gl\u00e4ser sind mit Stickstoff gef\u00fcllt, sodass sie auch bei einem Temperaturwechsel nicht beschlagen.<\/p>\n","protected":false},"featured_media":0,"comment_status":"closed","ping_status":"open","template":"","meta":{"_acf_changed":false},"brand":[4352],"product_brand":[],"product_cat":[448],"product_tag":[1304],"class_list":{"0":"post-84021","1":"product","2":"type-product","3":"status-publish","5":"brand-bushnell","6":"product_cat-fernglser","7":"product_tag-dakkant-verrekijkers","8":"pa_condition-new","9":"pa_coolblue-de-verzending-morgen-gratis-geliefert","10":"pa_ean-31835","11":"pa_mpn-31836","13":"first","14":"instock","15":"product-type-external"},"acf":[],"_links":{"self":[{"href":"https:\/\/onlinehardwareshop.de\/index.php\/wp-json\/wp\/v2\/product\/84021","targetHints":{"allow":["GET"]}}],"collection":[{"href":"https:\/\/onlinehardwareshop.de\/index.php\/wp-json\/wp\/v2\/product"}],"about":[{"href":"https:\/\/onlinehardwareshop.de\/index.php\/wp-json\/wp\/v2\/types\/product"}],"replies":[{"embeddable":true,"href":"https:\/\/onlinehardwareshop.de\/index.php\/wp-json\/wp\/v2\/comments?post=84021"}],"wp:attachment":[{"href":"https:\/\/onlinehardwareshop.de\/index.php\/wp-json\/wp\/v2\/media?parent=84021"}],"wp:term":[{"taxonomy":"brand","embeddable":true,"href":"https:\/\/onlinehardwareshop.de\/index.php\/wp-json\/wp\/v2\/brand?post=84021"},{"taxonomy":"product_brand","embeddable":true,"href":"https:\/\/onlinehardwareshop.de\/index.php\/wp-json\/wp\/v2\/product_brand?post=84021"},{"taxonomy":"product_cat","embeddable":true,"href":"https:\/\/onlinehardwareshop.de\/index.php\/wp-json\/wp\/v2\/product_cat?post=84021"},{"taxonomy":"product_tag","embeddable":true,"href":"https:\/\/onlinehardwareshop.de\/index.php\/wp-json\/wp\/v2\/product_tag?post=84021"}],"curies":[{"name":"wp","href":"https:\/\/api.w.org\/{rel}","templated":true}]}}