{"id":84019,"date":"2024-01-21T13:21:10","date_gmt":"2024-01-21T13:21:10","guid":{"rendered":"https:\/\/onlinehardwareshop.de\/index.php\/produkt\/bushnell-r3-10x42-2\/"},"modified":"2025-05-14T18:45:30","modified_gmt":"2025-05-14T18:45:30","slug":"bushnell-r3-10x42","status":"publish","type":"product","link":"https:\/\/onlinehardwareshop.de\/index.php\/produkt\/bushnell-r3-10x42\/","title":{"rendered":"Bushnell R3 10&#215;42"},"content":{"rendered":"<p>Entdecke klare Motive in der Ferne mit dem Bushnell R3 10&#215;42. Dieses Fernglas hat einen Objektivdurchmesser von 42\u00a0mm. Damit siehst du mit diesem Fernglas ein helleres Bild. Das ist praktisch, wenn du in der D\u00e4mmerung oder an einem wolkenverhangenen Tag unterwegs bist. Das Fernglas hat eine 10-fache Vergr\u00f6\u00dferung und ein Sichtfeld von 101 Metern. So entdeckst du dein Motiv schnell, zum Beispiel einen Vogel, der hoch oben im Baum sitzt. Dank der IPX7-Zertifizierung nutzt du das Fernglas auch an regnerischen Tagen. Es sagt aus, dass das Fernglas wasserdicht ist. Die Gl\u00e4ser sind mit Stickstoff gef\u00fcllt, sodass sie auch bei einem Temperaturwechsel nicht beschlagen.<\/p>\n","protected":false},"excerpt":{"rendered":"<p>Entdecke klare Motive in der Ferne mit dem Bushnell R3 10&#215;42. Dieses Fernglas hat einen Objektivdurchmesser von 42\u00a0mm. Damit siehst du mit diesem Fernglas ein helleres Bild. Das ist praktisch, wenn du in der D\u00e4mmerung oder an einem wolkenverhangenen Tag unterwegs bist. Das Fernglas hat eine 10-fache Vergr\u00f6\u00dferung und ein Sichtfeld von 101 Metern. So entdeckst du dein Motiv schnell, zum Beispiel einen Vogel, der hoch oben im Baum sitzt. Dank der IPX7-Zertifizierung nutzt du das Fernglas auch an regnerischen Tagen. Es sagt aus, dass das Fernglas wasserdicht ist. Die Gl\u00e4ser sind mit Stickstoff gef\u00fcllt, sodass sie auch bei einem Temperaturwechsel nicht beschlagen.<\/p>\n","protected":false},"featured_media":0,"comment_status":"closed","ping_status":"open","template":"","meta":{"_acf_changed":false},"brand":[4352],"product_brand":[],"product_cat":[448],"product_tag":[1304],"class_list":{"0":"post-84019","1":"product","2":"type-product","3":"status-publish","5":"brand-bushnell","6":"product_cat-fernglser","7":"product_tag-dakkant-verrekijkers","8":"pa_condition-new","9":"pa_coolblue-de-verzending-morgen-gratis-geliefert","10":"pa_ean-31833","11":"pa_mpn-31834","13":"first","14":"instock","15":"product-type-external"},"acf":[],"_links":{"self":[{"href":"https:\/\/onlinehardwareshop.de\/index.php\/wp-json\/wp\/v2\/product\/84019","targetHints":{"allow":["GET"]}}],"collection":[{"href":"https:\/\/onlinehardwareshop.de\/index.php\/wp-json\/wp\/v2\/product"}],"about":[{"href":"https:\/\/onlinehardwareshop.de\/index.php\/wp-json\/wp\/v2\/types\/product"}],"replies":[{"embeddable":true,"href":"https:\/\/onlinehardwareshop.de\/index.php\/wp-json\/wp\/v2\/comments?post=84019"}],"wp:attachment":[{"href":"https:\/\/onlinehardwareshop.de\/index.php\/wp-json\/wp\/v2\/media?parent=84019"}],"wp:term":[{"taxonomy":"brand","embeddable":true,"href":"https:\/\/onlinehardwareshop.de\/index.php\/wp-json\/wp\/v2\/brand?post=84019"},{"taxonomy":"product_brand","embeddable":true,"href":"https:\/\/onlinehardwareshop.de\/index.php\/wp-json\/wp\/v2\/product_brand?post=84019"},{"taxonomy":"product_cat","embeddable":true,"href":"https:\/\/onlinehardwareshop.de\/index.php\/wp-json\/wp\/v2\/product_cat?post=84019"},{"taxonomy":"product_tag","embeddable":true,"href":"https:\/\/onlinehardwareshop.de\/index.php\/wp-json\/wp\/v2\/product_tag?post=84019"}],"curies":[{"name":"wp","href":"https:\/\/api.w.org\/{rel}","templated":true}]}}