{"id":83923,"date":"2024-03-08T08:01:41","date_gmt":"2024-03-08T08:01:41","guid":{"rendered":"https:\/\/onlinehardwareshop.de\/index.php\/produkt\/samsung-9100-pro-4tb-pcie-5-0-m-2-ssd-2\/"},"modified":"2025-05-14T18:36:29","modified_gmt":"2025-05-14T18:36:29","slug":"samsung-9100-pro-4tb-pcie-5-0-m-2-ssd","status":"publish","type":"product","link":"https:\/\/onlinehardwareshop.de\/index.php\/produkt\/samsung-9100-pro-4tb-pcie-5-0-m-2-ssd\/","title":{"rendered":"Samsung 9100 Pro 4TB PCIe 5.0 M.2 SSD"},"content":{"rendered":"<p>Hinweis: Diese M.2-SSD hat eine PCI Express (NVMe) Schnittstelle und funktioniert nur, wenn dein System PCIe\/NVMe unterst\u00fctzt. \u00dcberpr\u00fcfe diese Anforderung in der Gebrauchsanleitung deines Laptops oder Motherboards.  Die Samsung 9100 Pro 4\u00a0TB PCIe 5.0 M.2 SSD ist eine interne M.2-NVMe\/PCIe-SSD, die sich f\u00fcr anspruchsvolle Benutzer eignet. Die SSD nutzt PCIe Gen 5, sodass dein PC bzw. Laptop doppelt so schnell hochf\u00e4hrt wie mit einer PCIe-Gen4-SSD. Mit hohen Lesegeschwindigkeiten von 14.800\u00a0MB\/s und Schreibgeschwindigkeiten von 13.400\u00a0MB\/s verarbeitest du deine Daten innerhalb weniger Sekunden. Mit einer Speicherkapazit\u00e4t von 4\u00a0TB speicherst du etwa 400.000 Fotos oder 400 zweist\u00fcndige Full-HD-Filme. Dank des M.2-2280-Formfaktors baust du die SSD m\u00fchelos in PCs, Laptops oder in die PlayStation\u00a05 ein.<\/p>\n","protected":false},"excerpt":{"rendered":"<p>Hinweis: Diese M.2-SSD hat eine PCI Express (NVMe) Schnittstelle und funktioniert nur, wenn dein System PCIe\/NVMe unterst\u00fctzt. \u00dcberpr\u00fcfe diese Anforderung in der Gebrauchsanleitung deines Laptops oder Motherboards.  Die Samsung 9100 Pro 4\u00a0TB PCIe 5.0 M.2 SSD ist eine interne M.2-NVMe\/PCIe-SSD, die sich f\u00fcr anspruchsvolle Benutzer eignet. Die SSD nutzt PCIe Gen 5, sodass dein PC bzw. Laptop doppelt so schnell hochf\u00e4hrt wie mit einer PCIe-Gen4-SSD. Mit hohen Lesegeschwindigkeiten von 14.800\u00a0MB\/s und Schreibgeschwindigkeiten von 13.400\u00a0MB\/s verarbeitest du deine Daten innerhalb weniger Sekunden. Mit einer Speicherkapazit\u00e4t von 4\u00a0TB speicherst du etwa 400.000 Fotos oder 400 zweist\u00fcndige Full-HD-Filme. Dank des M.2-2280-Formfaktors baust du die SSD m\u00fchelos in PCs, Laptops oder in die PlayStation\u00a05 ein.<\/p>\n","protected":false},"featured_media":0,"comment_status":"closed","ping_status":"open","template":"","meta":{"_acf_changed":false},"brand":[1165],"product_brand":[],"product_cat":[2957],"product_tag":[7168],"class_list":{"0":"post-83923","1":"product","2":"type-product","3":"status-publish","5":"brand-samsung","6":"product_cat-solid-state-drives-ssd","7":"product_tag-m-2-ssd","8":"pa_condition-new","9":"pa_coolblue-de-verzending-morgen-gratis-geliefert","10":"pa_ean-31977","11":"pa_mpn-mz-vap4t0bw","13":"first","14":"instock","15":"product-type-external"},"acf":[],"_links":{"self":[{"href":"https:\/\/onlinehardwareshop.de\/index.php\/wp-json\/wp\/v2\/product\/83923","targetHints":{"allow":["GET"]}}],"collection":[{"href":"https:\/\/onlinehardwareshop.de\/index.php\/wp-json\/wp\/v2\/product"}],"about":[{"href":"https:\/\/onlinehardwareshop.de\/index.php\/wp-json\/wp\/v2\/types\/product"}],"replies":[{"embeddable":true,"href":"https:\/\/onlinehardwareshop.de\/index.php\/wp-json\/wp\/v2\/comments?post=83923"}],"wp:attachment":[{"href":"https:\/\/onlinehardwareshop.de\/index.php\/wp-json\/wp\/v2\/media?parent=83923"}],"wp:term":[{"taxonomy":"brand","embeddable":true,"href":"https:\/\/onlinehardwareshop.de\/index.php\/wp-json\/wp\/v2\/brand?post=83923"},{"taxonomy":"product_brand","embeddable":true,"href":"https:\/\/onlinehardwareshop.de\/index.php\/wp-json\/wp\/v2\/product_brand?post=83923"},{"taxonomy":"product_cat","embeddable":true,"href":"https:\/\/onlinehardwareshop.de\/index.php\/wp-json\/wp\/v2\/product_cat?post=83923"},{"taxonomy":"product_tag","embeddable":true,"href":"https:\/\/onlinehardwareshop.de\/index.php\/wp-json\/wp\/v2\/product_tag?post=83923"}],"curies":[{"name":"wp","href":"https:\/\/api.w.org\/{rel}","templated":true}]}}