{"id":83916,"date":"2025-01-08T22:39:34","date_gmt":"2025-01-08T22:39:34","guid":{"rendered":"https:\/\/onlinehardwareshop.de\/index.php\/produkt\/boretti-terzo-komplettpaket-2\/"},"modified":"2025-05-14T18:35:47","modified_gmt":"2025-05-14T18:35:47","slug":"boretti-terzo-komplettpaket","status":"publish","type":"product","link":"https:\/\/onlinehardwareshop.de\/index.php\/produkt\/boretti-terzo-komplettpaket\/","title":{"rendered":"Boretti Terzo Komplettpaket"},"content":{"rendered":"<p>Mit dem Boretti Terzo Komplettpaket erh\u00e4ltst du auf einen Schlag alles, was du zum Grillen brauchst. Du z\u00fcndest deinen Grill schnell und sicher mit dem Anz\u00fcndkamin an. In nur 30 Minuten sind die Briketts hei\u00df genug. Auf der Grillfl\u00e4che grillst du f\u00fcr bis zu sechs Personen. Dank der kompakten Gr\u00f6\u00dfe machst du dies an verschiedenen Orten, zum Beispiel auf dem Campingplatz oder deinem Balkon. Entferne einen Teil des Rosts, um zus\u00e4tzliches Zubeh\u00f6r wie einen Wok zu verwenden. Fleisch, Fisch oder Gem\u00fcse bewegst du m\u00fchelos mit der Grillzange oder wendest es mit dem Spatel. Mit der Pinzette richtest du die Teller ordentlich an. Nach dem Grillen legst du die wasserdichte Abdeckung \u00fcber deinen Grill. So bleibt er sauber, rostfrei und kratzerfrei.<\/p>\n","protected":false},"excerpt":{"rendered":"<p>Mit dem Boretti Terzo Komplettpaket erh\u00e4ltst du auf einen Schlag alles, was du zum Grillen brauchst. Du z\u00fcndest deinen Grill schnell und sicher mit dem Anz\u00fcndkamin an. In nur 30 Minuten sind die Briketts hei\u00df genug. Auf der Grillfl\u00e4che grillst du f\u00fcr bis zu sechs Personen. Dank der kompakten Gr\u00f6\u00dfe machst du dies an verschiedenen Orten, zum Beispiel auf dem Campingplatz oder deinem Balkon. Entferne einen Teil des Rosts, um zus\u00e4tzliches Zubeh\u00f6r wie einen Wok zu verwenden. Fleisch, Fisch oder Gem\u00fcse bewegst du m\u00fchelos mit der Grillzange oder wendest es mit dem Spatel. Mit der Pinzette richtest du die Teller ordentlich an. Nach dem Grillen legst du die wasserdichte Abdeckung \u00fcber deinen Grill. So bleibt er sauber, rostfrei und kratzerfrei.<\/p>\n","protected":false},"featured_media":0,"comment_status":"closed","ping_status":"open","template":"","meta":{"_acf_changed":false},"brand":[1213],"product_brand":[],"product_cat":[699],"product_tag":[700],"class_list":{"0":"post-83916","1":"product","2":"type-product","3":"status-publish","5":"brand-boretti","6":"product_cat-grills","7":"product_tag-houtskool-barbecues","8":"pa_condition-new","9":"pa_coolblue-de-verzending-morgen-gratis-geliefert","10":"pa_ean-31516","12":"first","13":"instock","14":"product-type-external"},"acf":[],"_links":{"self":[{"href":"https:\/\/onlinehardwareshop.de\/index.php\/wp-json\/wp\/v2\/product\/83916","targetHints":{"allow":["GET"]}}],"collection":[{"href":"https:\/\/onlinehardwareshop.de\/index.php\/wp-json\/wp\/v2\/product"}],"about":[{"href":"https:\/\/onlinehardwareshop.de\/index.php\/wp-json\/wp\/v2\/types\/product"}],"replies":[{"embeddable":true,"href":"https:\/\/onlinehardwareshop.de\/index.php\/wp-json\/wp\/v2\/comments?post=83916"}],"wp:attachment":[{"href":"https:\/\/onlinehardwareshop.de\/index.php\/wp-json\/wp\/v2\/media?parent=83916"}],"wp:term":[{"taxonomy":"brand","embeddable":true,"href":"https:\/\/onlinehardwareshop.de\/index.php\/wp-json\/wp\/v2\/brand?post=83916"},{"taxonomy":"product_brand","embeddable":true,"href":"https:\/\/onlinehardwareshop.de\/index.php\/wp-json\/wp\/v2\/product_brand?post=83916"},{"taxonomy":"product_cat","embeddable":true,"href":"https:\/\/onlinehardwareshop.de\/index.php\/wp-json\/wp\/v2\/product_cat?post=83916"},{"taxonomy":"product_tag","embeddable":true,"href":"https:\/\/onlinehardwareshop.de\/index.php\/wp-json\/wp\/v2\/product_tag?post=83916"}],"curies":[{"name":"wp","href":"https:\/\/api.w.org\/{rel}","templated":true}]}}